{"id":1334762,"date":"2021-08-10T13:30:49","date_gmt":"2021-08-10T11:30:49","guid":{"rendered":"https:\/\/laboklin.de\/leistungen\/mikrobiologie-parasitologie\/bakteriologie-mykologie\/resistenztests-empfindlichkeitspruefungen\/esbl-differenzierung\/"},"modified":"2025-02-04T09:32:15","modified_gmt":"2025-02-04T08:32:15","slug":"esbl-differenzierung","status":"publish","type":"page","link":"https:\/\/laboklin.de\/de-at\/leistungen\/mikrobiologie-parasitologie\/bakteriologie-mykologie\/resistenztests-empfindlichkeitspruefungen\/esbl-differenzierung\/","title":{"rendered":"ESBL-Differenzierung"},"content":{"rendered":"<h3 class=\"csc-firstHeader\">ESBL-Differenzierung<\/h3><p><span>LABOKLIN Leistungs-ID: 2218<\/span><\/p><p class=\"bodytext\"><br><strong>nur nach vorausgehender bakteriologischer Untersuchung \u2013 Leistungsnummer 150 oder 588<\/strong><br><\/p><table class=\"tx-laboklinleistung-table contenttable contenttable-2\" style=\"margin-top: 35px;\"><tr><td class=\"td-0\"><strong>Material<\/strong><\/td><td class=\"td-1\"><p class=\"bodytext\">f\u00fcr vorausgehende bakteriologische Untersuchung: Tupfer mit Medium, Faeces<\/p><\/td><\/tr><tr><td class=\"td-0\"><strong>Methode<\/strong><\/td><td class=\"td-1\"><p class=\"bodytext\">kulturell<\/p><\/td><\/tr><tr><td class=\"td-0\"><strong>Dauer<\/strong><\/td><td class=\"td-1\"><p class=\"bodytext\">3 - 4 Tage<\/p><\/td><\/tr><tr><td class=\"td-0\"><strong>Anmerkung<\/strong><\/td><td class=\"td-1\"><p class=\"bodytext\"><ul><li> Als ESBL-Bildner werden Extended-Spectrum-\u03b2-Laktamase (ESBL)-produzierende Bakterien der Ordnung Enterobacterales wie E. coli, Klebsiella spp. und Proteus spp. bezeichnet. Als ESBL-Bildner werden Extended-Spectrum-\u03b2-Laktamase (ESBL)-produzierende Bakterien der Ordnung Enterobacterales wie E. coli, Klebsiella spp. und Proteus spp. bezeichnet. Aufgrund der speziellen Proteus spp. bezeichnet. Aufgrund der speziellen \u03b2-Lactamase mit erweitertem Wirkspektrum sind die Bakterien gegen \u03b2-Laktam-Antibiotika und Cephalosporine (auch der 3. und 4. Generation) resistent. Die Eigenschaft zur ESBL-Bildung ist auf leicht \u00fcbertragbaren Genabschnitten kodiert und kann bei der Vermehrung von einer zur n\u00e4chsten Bakteriengeneration weitergegeben werden (vertikale \u00dcbertragung) oder zwischen Bakterien ausgetauscht werden (horizontale \u00dcbertragung). <\/li><li>Diese Untersuchung wird zus\u00e4tzlich zur bakteriologischen Untersuchung durchgef\u00fchrt. <\/li><li>Der Test auf ESBL ist auch Bestandteil der Leistung \u201eUntersuchung auf multiresistente Keime\u201c (siehe unter Bakteriologie \/ Mykologie: Resistenztests \/ Empfindlichkeitspr\u00fcfungen).<\/li><\/ul><\/p><\/td><\/tr><\/table>\n","protected":false},"excerpt":{"rendered":"<p>ESBL-DifferenzierungLABOKLIN Leistungs-ID: 2218nur nach vorausgehender bakteriologischer Untersuchung \u2013 Leistungsnummer 150 oder 588Materialf\u00fcr vorausgehende bakteriologische Untersuchung: Tupfer mit Medium, FaecesMethodekulturellDauer3 &#8211; 4 TageAnmerkung Als ESBL-Bildner werden Extended-Spectrum-\u03b2-Laktamase (ESBL)-produzierende Bakterien der Ordnung Enterobacterales wie E. coli, Klebsiella spp. und Proteus spp. bezeichnet. Als ESBL-Bildner werden Extended-Spectrum-\u03b2-Laktamase (ESBL)-produzierende Bakterien der Ordnung Enterobacterales wie E. coli, Klebsiella spp. und&hellip;<\/p>\n","protected":false},"author":1,"featured_media":0,"parent":1333213,"menu_order":5,"comment_status":"closed","ping_status":"closed","template":"","meta":{"_seopress_robots_primary_cat":"","_seopress_titles_title":"","_seopress_titles_desc":"","_seopress_robots_index":"","footnotes":""},"class_list":["post-1334762","page","type-page","status-publish","hentry","description-off"],"_links":{"self":[{"href":"https:\/\/laboklin.de\/de-at\/wp-json\/wp\/v2\/pages\/1334762","targetHints":{"allow":["GET"]}}],"collection":[{"href":"https:\/\/laboklin.de\/de-at\/wp-json\/wp\/v2\/pages"}],"about":[{"href":"https:\/\/laboklin.de\/de-at\/wp-json\/wp\/v2\/types\/page"}],"author":[{"embeddable":true,"href":"https:\/\/laboklin.de\/de-at\/wp-json\/wp\/v2\/users\/1"}],"replies":[{"embeddable":true,"href":"https:\/\/laboklin.de\/de-at\/wp-json\/wp\/v2\/comments?post=1334762"}],"version-history":[{"count":1,"href":"https:\/\/laboklin.de\/de-at\/wp-json\/wp\/v2\/pages\/1334762\/revisions"}],"predecessor-version":[{"id":1506435,"href":"https:\/\/laboklin.de\/de-at\/wp-json\/wp\/v2\/pages\/1334762\/revisions\/1506435"}],"up":[{"embeddable":true,"href":"https:\/\/laboklin.de\/de-at\/wp-json\/wp\/v2\/pages\/1333213"}],"wp:attachment":[{"href":"https:\/\/laboklin.de\/de-at\/wp-json\/wp\/v2\/media?parent=1334762"}],"curies":[{"name":"wp","href":"https:\/\/api.w.org\/{rel}","templated":true}]}}