{"id":1334760,"date":"2021-11-11T15:14:02","date_gmt":"2021-11-11T14:14:02","guid":{"rendered":"https:\/\/laboklin.de\/leistungen\/genetik\/erbkrankheiten\/hund\/ichthyose-typ-2\/"},"modified":"2025-02-17T09:07:13","modified_gmt":"2025-02-17T08:07:13","slug":"ichthyose-typ-2","status":"publish","type":"page","link":"https:\/\/laboklin.de\/de-at\/leistungen\/genetik\/erbkrankheiten\/hund\/ichthyose-typ-2\/","title":{"rendered":"Ichthyose Typ 2"},"content":{"rendered":"<h3 class=\"csc-firstHeader\">Ichthyose Typ 2<\/h3><p><span>LABOKLIN Leistungs-ID: 8738<\/span><\/p><p class=\"bodytext\">Bei der Ichthyose ist die Abl\u00f6sung der Schuppen von der Haut, die Abschuppung, gest\u00f6rt. Bei den von dieser Hautkrankheit betroffenen Hunden l\u00f6sen sich dabei gro\u00dfe Schuppen ab, weshalb diese Erkrankung auch Fischschuppenkrankheit (Ichth\u00fds) genannt wird. Sowohl die Haut als auch die Schuppen k\u00f6nnen dabei unterschiedlich stark dunkel gef\u00e4rbt (pigmentiert) sein. Verursacht wird dies durch eine Ver\u00e4nderung der Verhornung der Haut (Keratinisierung).<br \/>\n<br \/>\nDie ersten Symptome der Erbkrankheit zeigen sich schon nach wenigen Lebenswochen. F\u00fcr die Ichthyose gibt es keine Behandlung bzw. Heilung, weshalb die betroffenen Hunde ihr Leben lang intensiv gepflegt werden m\u00fcssen. Dadurch kann die Verhornung aufgehalten und zus\u00e4tzliche mit der Erkrankung einhergehende Infektionen der Haut verhindert werden.<br \/>\n<br \/>\nNeben der bereits seit 2012 bekannten PNPLA1-Variante konnte nun beim Golden Retriever eine weitere Variante im ABHD5-Gen gefunden werden, die ebenfalls die typischen Symptome einer Ichthyose (hier Typ 2 genannt)  hervorrufen kann. Die Typ2- Variante wurde bislang haupts\u00e4chlich bei amerikanischen Linien identifiziert.<\/p><table class=\"tx-laboklinleistung-table contenttable contenttable-2\" style=\"margin-top: 35px;\"><tr><td class=\"td-0\"><strong>Methode<\/strong><\/td><td class=\"td-1\"><p class=\"bodytext\">Sequenzierung<\/p><\/td><\/tr><tr><td class=\"td-0\"><strong>Rasse<\/strong><\/td><td class=\"td-1\"><p class=\"bodytext\">Golden Retriever, Goldendoodle<\/p><\/td><\/tr><tr><td class=\"td-0\"><strong>Erbgang<\/strong><\/td><td class=\"td-1\"><p class=\"bodytext\">autosomal-rezessiv<\/p><\/td><\/tr><tr><td class=\"td-0\"><strong>Dauer<\/strong><\/td><td class=\"td-1\"><p class=\"bodytext\">1 - 2 Wochen nach Erhalt der Probe<\/p><\/td><\/tr><\/table>\n","protected":false},"excerpt":{"rendered":"<p>Ichthyose Typ 2LABOKLIN Leistungs-ID: 8738Bei der Ichthyose ist die Abl\u00f6sung der Schuppen von der Haut, die Abschuppung, gest\u00f6rt. Bei den von dieser Hautkrankheit betroffenen Hunden l\u00f6sen sich dabei gro\u00dfe Schuppen ab, weshalb diese Erkrankung auch Fischschuppenkrankheit (Ichth\u00fds) genannt wird. Sowohl die Haut als auch die Schuppen k\u00f6nnen dabei unterschiedlich stark dunkel gef\u00e4rbt (pigmentiert) sein. Verursacht&hellip;<\/p>\n","protected":false},"author":1,"featured_media":0,"parent":1332701,"menu_order":5,"comment_status":"closed","ping_status":"closed","template":"","meta":{"_seopress_robots_primary_cat":"","_seopress_titles_title":"","_seopress_titles_desc":"","_seopress_robots_index":"","footnotes":""},"class_list":["post-1334760","page","type-page","status-publish","hentry","description-off"],"_links":{"self":[{"href":"https:\/\/laboklin.de\/de-at\/wp-json\/wp\/v2\/pages\/1334760","targetHints":{"allow":["GET"]}}],"collection":[{"href":"https:\/\/laboklin.de\/de-at\/wp-json\/wp\/v2\/pages"}],"about":[{"href":"https:\/\/laboklin.de\/de-at\/wp-json\/wp\/v2\/types\/page"}],"author":[{"embeddable":true,"href":"https:\/\/laboklin.de\/de-at\/wp-json\/wp\/v2\/users\/1"}],"replies":[{"embeddable":true,"href":"https:\/\/laboklin.de\/de-at\/wp-json\/wp\/v2\/comments?post=1334760"}],"version-history":[{"count":1,"href":"https:\/\/laboklin.de\/de-at\/wp-json\/wp\/v2\/pages\/1334760\/revisions"}],"predecessor-version":[{"id":1509049,"href":"https:\/\/laboklin.de\/de-at\/wp-json\/wp\/v2\/pages\/1334760\/revisions\/1509049"}],"up":[{"embeddable":true,"href":"https:\/\/laboklin.de\/de-at\/wp-json\/wp\/v2\/pages\/1332701"}],"wp:attachment":[{"href":"https:\/\/laboklin.de\/de-at\/wp-json\/wp\/v2\/media?parent=1334760"}],"curies":[{"name":"wp","href":"https:\/\/api.w.org\/{rel}","templated":true}]}}