{"id":1334738,"date":"2020-07-06T12:37:02","date_gmt":"2020-07-06T10:37:02","guid":{"rendered":"https:\/\/laboklin.de\/fachinformationen\/praeanalytik\/wasseruntersuchung\/"},"modified":"2024-11-19T17:14:34","modified_gmt":"2024-11-19T16:14:34","slug":"wasseruntersuchung","status":"publish","type":"page","link":"https:\/\/laboklin.de\/de-at\/fachinformationen\/praeanalytik\/wasseruntersuchung\/","title":{"rendered":"Wasseruntersuchung"},"content":{"rendered":"<div class=\"wpb-content-wrapper\"><p>[vc_row type=&#8220;vc_default&#8220; content_placement=&#8220;top&#8220;][vc_column][vc_column_text css=&#8220;&#8220;]F\u00fcr <strong>Wasseruntersuchungen<\/strong> gem\u00e4\u00df der g\u00fcltigen <strong>Trinkwasserverordnung<\/strong>\u00a0 (TrinkwasserV) f\u00fcr die <strong>mikrobiologischen Parameter<\/strong> und den Nachweis der Legionellen m\u00fcssen die Proben von einem geschulten Probennehmer gem\u00e4\u00df der g\u00fcltigen Vorgaben gezogen werden.<\/p>\n<p>Als Transportgef\u00e4\u00dfe dienen am besten sterile Glasflaschen mit Schraubverschluss. Der Transport in das Labor muss innerhalb von 24 Stunden erfolgen, wobei K\u00fchlung erlaubt ist, aber nicht unter den Gefrierpunkt.<\/p>\n<div class=\"gap\" style=\"line-height: 20px; height: 20px;\"><\/div>\n<p>F\u00fcr <strong>Tr\u00e4nkwasseruntersuchungen <\/strong>beachten Sie bitte:<\/p>\n<p>F\u00fcr mikrobiologische Untersuchungen sollte die Wasserbeprobung unter sterilen Bedingungen erfolgen.<\/p>\n<ul>\n<li>Vor der Probenahme ist die Entnahmestelle m\u00f6glichst durch Abflammen der Auslass\u00f6ffnung zu desinfizieren. Alternativ kann der Zapfhahn auch f\u00fcr mehrere Minuten in eine Alkoholl\u00f6sung getaucht werden.<\/li>\n<li>Das eindeutig gekennzeichnete Probengef\u00e4\u00df sollte steril sein, ggf. kann sich auch eine Mineralwasserflasche eignen.<\/li>\n<li>Wasser vor der Entnahme 2 \u2013 3 Minuten laufen lassen.<\/li>\n<li>Kontaminationen vermeiden: Deckel erst unmittelbar vor Abf\u00fcllung abschrauben und unmittelbar danach verschlie\u00dfen, Innenseiten nicht ber\u00fchren, ggf. Handschuhe tragen.<\/li>\n<li>Transport: gek\u00fchlt, dunkel, so schnell wie m\u00f6glich.<\/li>\n<\/ul>\n<p>Laboklin stellt Ihnen gerne sterile Gef\u00e4\u00dfe (2 x 0,5 l) mit einer K\u00fchlbox und K\u00fchlakkus f\u00fcr die Probenahme und den Transport zur Verf\u00fcgung. Die Probenahmesets sind innerhalb von 3 Wochen zu Laboklin zur\u00fcckzusenden. Andernfalls wird ein Pfand von 30 \u20ac f\u00fcr die K\u00fchlboxen f\u00e4llig. Die Anforderung der Probenahmesets ist kostenfrei.<br \/>\nF\u00fcr die chemische und physiko-chemische Untersuchung von Tr\u00e4nkwasser sind sp\u00fclmaschinenreine Probeflaschen ausreichend und es kann auf die Desinfektion der Entnahmestelle verzichtet werden.<br \/>\nDer Transport sollte auch f\u00fcr die Untersuchung chemischer Parameter (insbesondere Nitrit und Nitrat) m\u00f6glichst gek\u00fchlt erfolgen.<\/p>\n<p>F\u00fcr die Entnahme von Wasserproben aus <strong>Aquarien\/Teichen <\/strong>zur Untersuchung <strong>chemischer Wasserparameter <\/strong>ben\u00f6tigen Sie ein nicht steriles Glas oder ein Plastikgef\u00e4\u00df (z.B. eine 500-ml-Flasche, in der zuvor Wasser war). Um eine repr\u00e4sentative Probe ohne Lufteinschluss zu erhalten, entnehmen Sie eine Probe etwa in der Mitte des <strong>Aquariums <\/strong>und verschlie\u00dfen Sie das Gef\u00e4\u00df unter Wasser. Proben aus <strong>Teichen <\/strong>sollten in einer str\u00f6mungsarmen Teichregion, nicht in unmittelbarer N\u00e4he des Filters und nicht direkt unter der Oberfl\u00e4che entnommen werden. Gr\u00f6bere Verunreinigungen in der Probe sollten m\u00f6glichst vermieden werden. Beim Versand der Proben ist eine K\u00fchlung vorteilhaft. Auf dem Untersuchungsauftrag ist anzugeben, ob es sich um eine S\u00fc\u00df- oder Salzwasserprobe handelt.[\/vc_column_text][\/vc_column][\/vc_row]<\/p>\n<\/div>","protected":false},"excerpt":{"rendered":"<p>[vc_row type=&#8220;vc_default&#8220; content_placement=&#8220;top&#8220;][vc_column][vc_column_text css=&#8220;&#8220;]F\u00fcr Wasseruntersuchungen gem\u00e4\u00df der g\u00fcltigen Trinkwasserverordnung\u00a0 (TrinkwasserV) f\u00fcr die mikrobiologischen Parameter und den Nachweis der Legionellen m\u00fcssen die Proben von einem geschulten Probennehmer gem\u00e4\u00df der g\u00fcltigen Vorgaben gezogen werden. Als Transportgef\u00e4\u00dfe dienen am besten sterile Glasflaschen mit Schraubverschluss. Der Transport in das Labor muss innerhalb von 24 Stunden erfolgen, wobei K\u00fchlung erlaubt&hellip;<\/p>\n","protected":false},"author":1,"featured_media":0,"parent":1332673,"menu_order":4,"comment_status":"closed","ping_status":"closed","template":"","meta":{"_seopress_robots_primary_cat":"","_seopress_titles_title":"","_seopress_titles_desc":"","_seopress_robots_index":"","footnotes":""},"class_list":["post-1334738","page","type-page","status-publish","hentry","description-off"],"_links":{"self":[{"href":"https:\/\/laboklin.de\/de-at\/wp-json\/wp\/v2\/pages\/1334738","targetHints":{"allow":["GET"]}}],"collection":[{"href":"https:\/\/laboklin.de\/de-at\/wp-json\/wp\/v2\/pages"}],"about":[{"href":"https:\/\/laboklin.de\/de-at\/wp-json\/wp\/v2\/types\/page"}],"author":[{"embeddable":true,"href":"https:\/\/laboklin.de\/de-at\/wp-json\/wp\/v2\/users\/1"}],"replies":[{"embeddable":true,"href":"https:\/\/laboklin.de\/de-at\/wp-json\/wp\/v2\/comments?post=1334738"}],"version-history":[{"count":1,"href":"https:\/\/laboklin.de\/de-at\/wp-json\/wp\/v2\/pages\/1334738\/revisions"}],"predecessor-version":[{"id":1494615,"href":"https:\/\/laboklin.de\/de-at\/wp-json\/wp\/v2\/pages\/1334738\/revisions\/1494615"}],"up":[{"embeddable":true,"href":"https:\/\/laboklin.de\/de-at\/wp-json\/wp\/v2\/pages\/1332673"}],"wp:attachment":[{"href":"https:\/\/laboklin.de\/de-at\/wp-json\/wp\/v2\/media?parent=1334738"}],"curies":[{"name":"wp","href":"https:\/\/api.w.org\/{rel}","templated":true}]}}