{"id":1334664,"date":"2020-10-16T11:36:27","date_gmt":"2020-10-16T09:36:27","guid":{"rendered":"https:\/\/laboklin.de\/leistungen\/vitamine-medikamentenspiegel-vergiftungen\/vergiftungsnachweis\/blei\/"},"modified":"2025-01-29T12:54:32","modified_gmt":"2025-01-29T11:54:32","slug":"blei","status":"publish","type":"page","link":"https:\/\/laboklin.de\/de-at\/leistungen\/vitamine-medikamentenspiegel-vergiftungen\/vergiftungsnachweis\/blei\/","title":{"rendered":"Blei"},"content":{"rendered":"<h3 class=\"csc-firstHeader\">Blei<\/h3><p><span>LABOKLIN Leistungs-ID: 105<\/span><\/p><p class=\"bodytext\"><br>Wegen der Speicherung im Knochen ist Blei nur bei akuter Vergiftung in h\u00f6heren Konzentrationen im Blut nachweisbar. Blei liegt im Blut zu \u00fcber 95 % in Erythrozyten gebunden vor, als Untersuchungsmaterial ist Vollblut daher zwingend notwendig. Ein erh\u00f6hter Eisenspiegel im Serum ist ein zus\u00e4tzlicher Hinweis auf eine m\u00f6gliche Bleivergiftung.<\/p><table class=\"tx-laboklinleistung-table contenttable contenttable-2\" style=\"margin-top: 35px;\"><tr><td class=\"td-0\"><strong>Material<\/strong><\/td><td class=\"td-1\"><p class=\"bodytext\">EDTA-Blut oder Heparin-Blut min. 1 ml (ausschlie\u00dflich Vollblut)<\/p><\/td><\/tr><tr><td class=\"td-0\"><strong>Methode<\/strong><\/td><td class=\"td-1\"><p class=\"bodytext\">Atomabsorption (AAS)<\/p><\/td><\/tr><tr><td class=\"td-0\"><strong>Dauer<\/strong><\/td><td class=\"td-1\"><p class=\"bodytext\">1\u20132 Arbeitstage<\/p><\/td><\/tr><\/table>\n","protected":false},"excerpt":{"rendered":"<p>BleiLABOKLIN Leistungs-ID: 105Wegen der Speicherung im Knochen ist Blei nur bei akuter Vergiftung in h\u00f6heren Konzentrationen im Blut nachweisbar. Blei liegt im Blut zu \u00fcber 95 % in Erythrozyten gebunden vor, als Untersuchungsmaterial ist Vollblut daher zwingend notwendig. Ein erh\u00f6hter Eisenspiegel im Serum ist ein zus\u00e4tzlicher Hinweis auf eine m\u00f6gliche Bleivergiftung.MaterialEDTA-Blut oder Heparin-Blut min. 1&hellip;<\/p>\n","protected":false},"author":1,"featured_media":0,"parent":1332770,"menu_order":4,"comment_status":"closed","ping_status":"closed","template":"","meta":{"_seopress_robots_primary_cat":"","_seopress_titles_title":"","_seopress_titles_desc":"","_seopress_robots_index":"","footnotes":""},"class_list":["post-1334664","page","type-page","status-publish","hentry","description-off"],"_links":{"self":[{"href":"https:\/\/laboklin.de\/de-at\/wp-json\/wp\/v2\/pages\/1334664","targetHints":{"allow":["GET"]}}],"collection":[{"href":"https:\/\/laboklin.de\/de-at\/wp-json\/wp\/v2\/pages"}],"about":[{"href":"https:\/\/laboklin.de\/de-at\/wp-json\/wp\/v2\/types\/page"}],"author":[{"embeddable":true,"href":"https:\/\/laboklin.de\/de-at\/wp-json\/wp\/v2\/users\/1"}],"replies":[{"embeddable":true,"href":"https:\/\/laboklin.de\/de-at\/wp-json\/wp\/v2\/comments?post=1334664"}],"version-history":[{"count":1,"href":"https:\/\/laboklin.de\/de-at\/wp-json\/wp\/v2\/pages\/1334664\/revisions"}],"predecessor-version":[{"id":1504654,"href":"https:\/\/laboklin.de\/de-at\/wp-json\/wp\/v2\/pages\/1334664\/revisions\/1504654"}],"up":[{"embeddable":true,"href":"https:\/\/laboklin.de\/de-at\/wp-json\/wp\/v2\/pages\/1332770"}],"wp:attachment":[{"href":"https:\/\/laboklin.de\/de-at\/wp-json\/wp\/v2\/media?parent=1334664"}],"curies":[{"name":"wp","href":"https:\/\/api.w.org\/{rel}","templated":true}]}}