{"id":1334649,"date":"2020-10-16T11:36:27","date_gmt":"2020-10-16T09:36:27","guid":{"rendered":"https:\/\/laboklin.de\/leistungen\/haematologie-klin-chemie-endokrinologie\/klinisch-chemische-parameter\/mineralstoffe-und-elektrolyte\/co-kobalt\/"},"modified":"2025-01-28T13:09:04","modified_gmt":"2025-01-28T12:09:04","slug":"co-kobalt","status":"publish","type":"page","link":"https:\/\/laboklin.de\/de-at\/leistungen\/haematologie-klin-chemie-endokrinologie\/klinisch-chemische-parameter\/mineralstoffe-und-elektrolyte\/co-kobalt\/","title":{"rendered":"Co (Kobalt)"},"content":{"rendered":"<h3 class=\"csc-firstHeader\">Co (Cobalt)<\/h3><p><span>LABOKLIN Leistungs-ID: 84<\/span><\/p><p class=\"bodytext\"><br><\/p><table class=\"tx-laboklinleistung-table contenttable contenttable-2\" style=\"margin-top: 35px;\"><tr><td class=\"td-0\"><strong>Material<\/strong><\/td><td class=\"td-1\"><p class=\"bodytext\">Serum oder Harn 1 ml <\/p><\/td><\/tr><tr><td class=\"td-0\"><strong>Methode<\/strong><\/td><td class=\"td-1\"><p class=\"bodytext\">Massenspektroskopie (ICP-MS) <\/p><\/td><\/tr><tr><td class=\"td-0\"><strong>Dauer<\/strong><\/td><td class=\"td-1\"><p class=\"bodytext\">2\u20136 Arbeitstage<\/p><\/td><\/tr><tr><td class=\"td-0\"><strong>Anmerkung<\/strong><\/td><td class=\"td-1\"><p class=\"bodytext\"><ul><li>Cobalt ist ein essentielles Spurenelement und Bestandteil des Vitamin B12 (Cobalamin)-Molek\u00fcls. Es spielt eine zentrale Rolle bei der Erythropoese, der DNA-Synthese und dem Energiestoffwechsel. Beim <strong>Wiederk\u00e4uer<\/strong> ist Cobalt erforderlich f\u00fcr die mikrobielle Vitamin-B12-Synthese im Pansen.<\/li><li>Cobalt-Mangel f\u00fchrt zu Vitamin-B12-Mangel mit An\u00e4mie, Wachstumsst\u00f6rungen und Appetitlosigkeit. Bei Monogastriern ist Cobalt-Mangel selten, da Vitamin B12 direkt \u00fcber die Nahrung aufgenommen wird.<\/li><li>Cobalt-\u00dcberschuss kommt selten nat\u00fcrlich vor, meist iatrogen bedingt durch \u00fcberm\u00e4\u00dfige Supplementierung und kann zu Polyzyth\u00e4mie, Herzsch\u00e4digung oder neurologischen Symptomen f\u00fchren.<\/li><li>Beim <strong>Rind<\/strong> und <strong>Schaf<\/strong> sind typische Mangel-Symptome: Abmagerung, verminderte Milchleistung, Leberverfettung und Hypoglyc\u00e4mie (\u201epining\u201c).<\/li><li><strong>Pferd<\/strong>: Cobalt wird in geringen Mengen als essentielles Spurenelement ben\u00f6tigt. \u00dcberh\u00f6hte Cobalt-Zufuhr (z. B. durch Injektionen oder Supplemente) kann den Erythropoetin-Stoffwechsel stimulieren und somit die Leistungsf\u00e4higkeit erh\u00f6hen. Daher gilt Cobalt beim Pferd als dopingrelevante Substanz.<\/li><\/ul><\/p><\/td><\/tr><\/table>\n","protected":false},"excerpt":{"rendered":"<p>Co (Cobalt)LABOKLIN Leistungs-ID: 84MaterialSerum oder Harn 1 ml MethodeMassenspektroskopie (ICP-MS) Dauer2\u20136 ArbeitstageAnmerkungCobalt ist ein essentielles Spurenelement und Bestandteil des Vitamin B12 (Cobalamin)-Molek\u00fcls. Es spielt eine zentrale Rolle bei der Erythropoese, der DNA-Synthese und dem Energiestoffwechsel. Beim Wiederk\u00e4uer ist Cobalt erforderlich f\u00fcr die mikrobielle Vitamin-B12-Synthese im Pansen.Cobalt-Mangel f\u00fchrt zu Vitamin-B12-Mangel mit An\u00e4mie, Wachstumsst\u00f6rungen und Appetitlosigkeit. Bei&hellip;<\/p>\n","protected":false},"author":1,"featured_media":0,"parent":1332896,"menu_order":4,"comment_status":"closed","ping_status":"closed","template":"","meta":{"_seopress_robots_primary_cat":"","_seopress_titles_title":"","_seopress_titles_desc":"","_seopress_robots_index":"","footnotes":""},"class_list":["post-1334649","page","type-page","status-publish","hentry","description-off"],"_links":{"self":[{"href":"https:\/\/laboklin.de\/de-at\/wp-json\/wp\/v2\/pages\/1334649","targetHints":{"allow":["GET"]}}],"collection":[{"href":"https:\/\/laboklin.de\/de-at\/wp-json\/wp\/v2\/pages"}],"about":[{"href":"https:\/\/laboklin.de\/de-at\/wp-json\/wp\/v2\/types\/page"}],"author":[{"embeddable":true,"href":"https:\/\/laboklin.de\/de-at\/wp-json\/wp\/v2\/users\/1"}],"replies":[{"embeddable":true,"href":"https:\/\/laboklin.de\/de-at\/wp-json\/wp\/v2\/comments?post=1334649"}],"version-history":[{"count":1,"href":"https:\/\/laboklin.de\/de-at\/wp-json\/wp\/v2\/pages\/1334649\/revisions"}],"predecessor-version":[{"id":1504365,"href":"https:\/\/laboklin.de\/de-at\/wp-json\/wp\/v2\/pages\/1334649\/revisions\/1504365"}],"up":[{"embeddable":true,"href":"https:\/\/laboklin.de\/de-at\/wp-json\/wp\/v2\/pages\/1332896"}],"wp:attachment":[{"href":"https:\/\/laboklin.de\/de-at\/wp-json\/wp\/v2\/media?parent=1334649"}],"curies":[{"name":"wp","href":"https:\/\/api.w.org\/{rel}","templated":true}]}}