{"id":1334618,"date":"2021-03-30T15:11:56","date_gmt":"2021-03-30T13:11:56","guid":{"rendered":"https:\/\/laboklin.de\/ueber-uns\/akkreditierung\/"},"modified":"2023-05-09T11:17:20","modified_gmt":"2023-05-09T09:17:20","slug":"akkreditierung","status":"publish","type":"page","link":"https:\/\/laboklin.de\/de-at\/ueber-uns\/akkreditierung\/","title":{"rendered":"Akkreditierung"},"content":{"rendered":"<div class=\"wpb-content-wrapper\"><p>[vc_row type=&#8220;vc_default&#8220;][vc_column][vc_column_text]<\/p>\n<h3>Akkreditierung<\/h3>\n<p class=\"bodytext\"><img loading=\"lazy\" decoding=\"async\" class=\"alignright wp-image-1302407\" src=\"https:\/\/laboklin.de\/wp-content\/uploads\/2020\/11\/DAkkS_Symbol_ILAC_RGB_2.2-300x131.jpg\" alt=\"\" width=\"400\" height=\"175\" \/><strong><br \/>\nLABOKLIN ist ein in Bad Kissingen und Berlin akkreditiertes Labor nach DIN EN ISO 17025:2018.<\/strong><br \/>\nDas hei\u00dft f\u00fcr Sie, dass unsere Untersuchungen nach einem verl\u00e4sslichen und jederzeit \u00fcberpr\u00fcfbaren Procedere ablaufen.<\/p>\n<p class=\"bodytext\">Wir unterliegen damit nicht nur einem strengen Ablauf t\u00e4glicher interner, sondern auch regelm\u00e4\u00dfiger externer Kontrollen in Form von Ringversuchen.<\/p>\n<p class=\"bodytext\">Wir haben uns auch festen Prozess-, Pr\u00fcf- und Schulungsabl\u00e4ufen unterworfen. Und diese werden regelm\u00e4\u00dfig von einer Akkreditierungsstelle vor Ort \u00fcberpr\u00fcft. Damit vertrauen Sie Ihre Proben einem Laborpartner an, der sich mit Kompetenz und Herz gr\u00f6\u00dftm\u00f6glicher Qualit\u00e4t verschrieben hat.<\/p>\n<p class=\"bodytext\">Kein Labor kann alles allein&#8230;<\/p>\n<p class=\"bodytext\">Die Kunst liegt wie \u00fcberall auch bei uns in der Beschr\u00e4nkung. Wo immer Tests von Partnern besser durchgef\u00fchrt werden, da arbeiten wir mit international spezialisierten Diagnostiklabors zusammen. Oberstes Ziel bleibt dabei: <strong>wir\u00a0 wollen Ihnen ein Ergebnis mit gr\u00f6\u00dftm\u00f6glicher Qualit\u00e4t liefern<\/strong>. Daher obliegt es uns aufgrund unseres\u00a0 Akkreditierungstatus&#8216;, von allen Partnern Angaben \u00fcber die Qualit\u00e4t der Abarbeitung einzuholen &#8211; das Ergebnis ist\u00a0 in seiner Aussage daher &#8222;wie von uns gemacht&#8220;.<\/p>\n<p class=\"bodytext\">LABOKLIN hat europaweit eines der gr\u00f6\u00dften Spektren an selbst durchgef\u00fchrten und akkreditierten tiermedizinischen Tests. Da eine Akkreditierung ausschlie\u00dflich testbezogene G\u00fcltigkeit hat und Aktualisierungen \u00fcblicherweise maximal j\u00e4hrlich unternommen werden, kann es vorkommen, dass ein neu etabliertes Verfahren noch\u00a0 nicht einer \u00dcberwachung unterzogen ist. Wenn es beispielsweise aufgrund von Exportbestimmungen f\u00fcr Sie notwendig ist, den Akkreditierungsstand eines bestimmten Tests zu erfahren, wenden Sie sich bitte an unsere Qualit\u00e4tsmanagement-Abteilung.<\/p>\n<p>[\/vc_column_text][\/vc_column][\/vc_row]<\/p>\n<\/div>","protected":false},"excerpt":{"rendered":"<p>[vc_row type=&#8220;vc_default&#8220;][vc_column][vc_column_text] Akkreditierung LABOKLIN ist ein in Bad Kissingen und Berlin akkreditiertes Labor nach DIN EN ISO 17025:2018. Das hei\u00dft f\u00fcr Sie, dass unsere Untersuchungen nach einem verl\u00e4sslichen und jederzeit \u00fcberpr\u00fcfbaren Procedere ablaufen. Wir unterliegen damit nicht nur einem strengen Ablauf t\u00e4glicher interner, sondern auch regelm\u00e4\u00dfiger externer Kontrollen in Form von Ringversuchen. Wir haben uns&hellip;<\/p>\n","protected":false},"author":1,"featured_media":0,"parent":1332631,"menu_order":4,"comment_status":"closed","ping_status":"closed","template":"","meta":{"_seopress_robots_primary_cat":"","_seopress_titles_title":"","_seopress_titles_desc":"","_seopress_robots_index":"","footnotes":""},"class_list":["post-1334618","page","type-page","status-publish","hentry","description-off"],"_links":{"self":[{"href":"https:\/\/laboklin.de\/de-at\/wp-json\/wp\/v2\/pages\/1334618","targetHints":{"allow":["GET"]}}],"collection":[{"href":"https:\/\/laboklin.de\/de-at\/wp-json\/wp\/v2\/pages"}],"about":[{"href":"https:\/\/laboklin.de\/de-at\/wp-json\/wp\/v2\/types\/page"}],"author":[{"embeddable":true,"href":"https:\/\/laboklin.de\/de-at\/wp-json\/wp\/v2\/users\/1"}],"replies":[{"embeddable":true,"href":"https:\/\/laboklin.de\/de-at\/wp-json\/wp\/v2\/comments?post=1334618"}],"version-history":[{"count":2,"href":"https:\/\/laboklin.de\/de-at\/wp-json\/wp\/v2\/pages\/1334618\/revisions"}],"predecessor-version":[{"id":1436968,"href":"https:\/\/laboklin.de\/de-at\/wp-json\/wp\/v2\/pages\/1334618\/revisions\/1436968"}],"up":[{"embeddable":true,"href":"https:\/\/laboklin.de\/de-at\/wp-json\/wp\/v2\/pages\/1332631"}],"wp:attachment":[{"href":"https:\/\/laboklin.de\/de-at\/wp-json\/wp\/v2\/media?parent=1334618"}],"curies":[{"name":"wp","href":"https:\/\/api.w.org\/{rel}","templated":true}]}}