{"id":1334613,"date":"2021-11-11T15:29:55","date_gmt":"2021-11-11T14:29:55","guid":{"rendered":"https:\/\/laboklin.de\/leistungen\/genetik\/erbkrankheiten\/hund\/makulaere-hornhautdystrophie-mcd\/"},"modified":"2025-02-17T09:24:56","modified_gmt":"2025-02-17T08:24:56","slug":"makulaere-hornhautdystrophie-mcd","status":"publish","type":"page","link":"https:\/\/laboklin.de\/de-at\/leistungen\/genetik\/erbkrankheiten\/hund\/makulaere-hornhautdystrophie-mcd\/","title":{"rendered":"Makul\u00e4re Hornhautdystrophie (MCD)"},"content":{"rendered":"<h3 class=\"csc-firstHeader\">Makul\u00e4re Hornhautdystrophie (MCD)<\/h3><p><span>LABOKLIN Leistungs-ID: 8736<\/span><\/p><p class=\"bodytext\">Die makul\u00e4re Hornhautdystrophie ist eine vererbliche, progressive Augenerkrankung, die das Stroma der Hornhaut betrifft. Die Erkrankung wird durch eine genetische Variante im CHST6-Gen verursacht. Das CHTS6-Gen codiert f\u00fcr ein Enzym, das an der Bildung von Keratansulfat beteiligt ist, einem sulfatierten Glykosaminoglykan, bei dem man davon ausgeht, dass es f\u00fcr die Hydratation der Hornhaut wichtig sein k\u00f6nnte. Im Alter von vier bis sechs Jahren zeigen die betroffenen Hunde eine zunehmende Eintr\u00fcbung der Hornhaut mit wei\u00dfen bis grauen Spots, die aus einer Ansammlung von Kohlehydraten bestehen.  Bei manchen betroffenen Hunden kann zudem auch das Wachstum neuer Blutgef\u00e4\u00dfe an der Oberfl\u00e4che der Hornhaut ersichtlich werden. Die Erkrankung schreitet mit der Zeit voran und f\u00fchrt zu schweren Einschr\u00e4nkungen des Sehverm\u00f6gens. <br \/>\r\nAnhand des Gentests k\u00f6nnen die Tr\u00e4ger der Variante noch vor dem Einsatz in der Zucht identifiziert werden, um so die Entstehung betroffener Welpen zu vermeiden. <br \/>\r\n<\/p><table class=\"tx-laboklinleistung-table contenttable contenttable-2\" style=\"margin-top: 35px;\"><tr><td class=\"td-0\"><strong>Methode<\/strong><\/td><td class=\"td-1\"><p class=\"bodytext\">TaqMan SNP Assay<\/p><\/td><\/tr><tr><td class=\"td-0\"><strong>Rasse<\/strong><\/td><td class=\"td-1\"><p class=\"bodytext\">Australian-Labradoodle (Cobberdog), Labradoodle, Labrador Retriever<\/p><\/td><\/tr><tr><td class=\"td-0\"><strong>Erbgang<\/strong><\/td><td class=\"td-1\"><p class=\"bodytext\">autosomal-rezessiv<\/p><\/td><\/tr><tr><td class=\"td-0\"><strong>Dauer<\/strong><\/td><td class=\"td-1\"><p class=\"bodytext\">3 - 5 Werktage nach Erhalt der Probe<\/p><\/td><\/tr><\/table>\n","protected":false},"excerpt":{"rendered":"<p>Makul\u00e4re Hornhautdystrophie (MCD)LABOKLIN Leistungs-ID: 8736Die makul\u00e4re Hornhautdystrophie ist eine vererbliche, progressive Augenerkrankung, die das Stroma der Hornhaut betrifft. Die Erkrankung wird durch eine genetische Variante im CHST6-Gen verursacht. Das CHTS6-Gen codiert f\u00fcr ein Enzym, das an der Bildung von Keratansulfat beteiligt ist, einem sulfatierten Glykosaminoglykan, bei dem man davon ausgeht, dass es f\u00fcr die Hydratation&hellip;<\/p>\n","protected":false},"author":1,"featured_media":0,"parent":1332701,"menu_order":4,"comment_status":"closed","ping_status":"closed","template":"","meta":{"_seopress_robots_primary_cat":"","_seopress_titles_title":"","_seopress_titles_desc":"","_seopress_robots_index":"","footnotes":""},"class_list":["post-1334613","page","type-page","status-publish","hentry","description-off"],"_links":{"self":[{"href":"https:\/\/laboklin.de\/de-at\/wp-json\/wp\/v2\/pages\/1334613","targetHints":{"allow":["GET"]}}],"collection":[{"href":"https:\/\/laboklin.de\/de-at\/wp-json\/wp\/v2\/pages"}],"about":[{"href":"https:\/\/laboklin.de\/de-at\/wp-json\/wp\/v2\/types\/page"}],"author":[{"embeddable":true,"href":"https:\/\/laboklin.de\/de-at\/wp-json\/wp\/v2\/users\/1"}],"replies":[{"embeddable":true,"href":"https:\/\/laboklin.de\/de-at\/wp-json\/wp\/v2\/comments?post=1334613"}],"version-history":[{"count":1,"href":"https:\/\/laboklin.de\/de-at\/wp-json\/wp\/v2\/pages\/1334613\/revisions"}],"predecessor-version":[{"id":1509108,"href":"https:\/\/laboklin.de\/de-at\/wp-json\/wp\/v2\/pages\/1334613\/revisions\/1509108"}],"up":[{"embeddable":true,"href":"https:\/\/laboklin.de\/de-at\/wp-json\/wp\/v2\/pages\/1332701"}],"wp:attachment":[{"href":"https:\/\/laboklin.de\/de-at\/wp-json\/wp\/v2\/media?parent=1334613"}],"curies":[{"name":"wp","href":"https:\/\/api.w.org\/{rel}","templated":true}]}}