{"id":1334529,"date":"2020-10-16T11:36:27","date_gmt":"2020-10-16T09:36:27","guid":{"rendered":"https:\/\/laboklin.de\/leistungen\/genetik\/erbkrankheiten\/katze\/cystinurie\/"},"modified":"2025-02-25T12:11:33","modified_gmt":"2025-02-25T11:11:33","slug":"cystinurie","status":"publish","type":"page","link":"https:\/\/laboklin.de\/de-at\/leistungen\/genetik\/erbkrankheiten\/katze\/cystinurie\/","title":{"rendered":"Cystinurie"},"content":{"rendered":"<h3 class=\"csc-firstHeader\">Cystinurie<\/h3><p><span>LABOKLIN Leistungs-ID: 8604<\/span><\/p><p class=\"bodytext\">Die Cystinurie ist eine erbliche Stoffwechselerkrankung mit Absorptionsst\u00f6rung bestimmter Aminos\u00e4uren im proximalen Nierentubulus. Die Folge ist eine erh\u00f6hte Ausscheidung der Aminos\u00e4ure Cystin \u00fcber den Urin. Aufgrund der Akkumulation von Cystin in hohen Konzentrationen im Harn und seiner schlechten Wasserl\u00f6slichkeit kristallisiert Cystin aus und es bilden sich Steine. Die Harnsteine, die die klinischen Symptome verursachen, treten schon im jugendlichen Alter auf. Dabei kann es zu einem lebensbedrohlichen Verschluss der Harnwege kommen.<\/p><table class=\"tx-laboklinleistung-table contenttable contenttable-2\" style=\"margin-top: 35px;\"><tr><td class=\"td-0\"><strong>Methode<\/strong><\/td><td class=\"td-1\"><p class=\"bodytext\">Sequenzierung<\/p><\/td><\/tr><tr><td class=\"td-0\"><strong>Erbgang<\/strong><\/td><td class=\"td-1\"><p class=\"bodytext\">autosomal-rezessiv<\/p><\/td><\/tr><tr><td class=\"td-0\"><strong>Dauer<\/strong><\/td><td class=\"td-1\"><p class=\"bodytext\">1 - 2 Wochen nach Erhalt der Probe<\/p><\/td><\/tr><\/table>\n","protected":false},"excerpt":{"rendered":"<p>CystinurieLABOKLIN Leistungs-ID: 8604Die Cystinurie ist eine erbliche Stoffwechselerkrankung mit Absorptionsst\u00f6rung bestimmter Aminos\u00e4uren im proximalen Nierentubulus. Die Folge ist eine erh\u00f6hte Ausscheidung der Aminos\u00e4ure Cystin \u00fcber den Urin. Aufgrund der Akkumulation von Cystin in hohen Konzentrationen im Harn und seiner schlechten Wasserl\u00f6slichkeit kristallisiert Cystin aus und es bilden sich Steine. Die Harnsteine, die die klinischen Symptome&hellip;<\/p>\n","protected":false},"author":1,"featured_media":0,"parent":1332703,"menu_order":3,"comment_status":"closed","ping_status":"closed","template":"","meta":{"_seopress_robots_primary_cat":"","_seopress_titles_title":"","_seopress_titles_desc":"","_seopress_robots_index":"","footnotes":""},"class_list":["post-1334529","page","type-page","status-publish","hentry","description-off"],"_links":{"self":[{"href":"https:\/\/laboklin.de\/de-at\/wp-json\/wp\/v2\/pages\/1334529","targetHints":{"allow":["GET"]}}],"collection":[{"href":"https:\/\/laboklin.de\/de-at\/wp-json\/wp\/v2\/pages"}],"about":[{"href":"https:\/\/laboklin.de\/de-at\/wp-json\/wp\/v2\/types\/page"}],"author":[{"embeddable":true,"href":"https:\/\/laboklin.de\/de-at\/wp-json\/wp\/v2\/users\/1"}],"replies":[{"embeddable":true,"href":"https:\/\/laboklin.de\/de-at\/wp-json\/wp\/v2\/comments?post=1334529"}],"version-history":[{"count":1,"href":"https:\/\/laboklin.de\/de-at\/wp-json\/wp\/v2\/pages\/1334529\/revisions"}],"predecessor-version":[{"id":1510664,"href":"https:\/\/laboklin.de\/de-at\/wp-json\/wp\/v2\/pages\/1334529\/revisions\/1510664"}],"up":[{"embeddable":true,"href":"https:\/\/laboklin.de\/de-at\/wp-json\/wp\/v2\/pages\/1332703"}],"wp:attachment":[{"href":"https:\/\/laboklin.de\/de-at\/wp-json\/wp\/v2\/media?parent=1334529"}],"curies":[{"name":"wp","href":"https:\/\/api.w.org\/{rel}","templated":true}]}}