{"id":1334474,"date":"2020-10-16T11:36:27","date_gmt":"2020-10-16T09:36:27","guid":{"rendered":"https:\/\/laboklin.de\/leistungen\/infektionskrankheiten-erreger-und-antikoerpernachweise\/viren\/herpesviren\/reptilien-landschildkroete-herpesvirus-tehv-1-tehv-3-antikoerper\/"},"modified":"2025-01-30T11:46:51","modified_gmt":"2025-01-30T10:46:51","slug":"reptilien-landschildkroete-herpesvirus-tehv-1-tehv-3-antikoerper","status":"publish","type":"page","link":"https:\/\/laboklin.de\/de-at\/leistungen\/infektionskrankheiten-erreger-und-antikoerpernachweise\/viren\/herpesviren\/reptilien-landschildkroete-herpesvirus-tehv-1-tehv-3-antikoerper\/","title":{"rendered":"Reptilien (Landschildkr\u00f6te): Herpesvirus (TeHV-1 &#038; TeHV-3) &#8211; Antik\u00f6rper"},"content":{"rendered":"<h3 class=\"csc-firstHeader\">Reptilien (Landschildkr\u00f6te): Herpesviren (TeHV-1 & TeHV-3) - Antik\u00f6rper<\/h3><p><span>LABOKLIN Leistungs-ID: 1146<\/span><\/p><table class=\"tx-laboklinleistung-table contenttable contenttable-2\" style=\"margin-top: 35px;\"><tr><td class=\"td-0\"><strong>Material<\/strong><\/td><td class=\"td-1\"><p class=\"bodytext\">Serum oder Heparin-Plasma 0,4 ml<\/p><\/td><\/tr><tr><td class=\"td-0\"><strong>Methode<\/strong><\/td><td class=\"td-1\"><p class=\"bodytext\">VNT<\/p><\/td><\/tr><tr><td class=\"td-0\"><strong>Tierart(en)<\/strong><\/td><td class=\"td-1\"><p class=\"bodytext\">Landschildkr\u00f6te<\/p><\/td><\/tr><tr><td class=\"td-0\"><strong>Dauer<\/strong><\/td><td class=\"td-1\"><p class=\"bodytext\">7 - 14 Tage<\/p><\/td><\/tr><tr><td class=\"td-0\"><strong>Anmerkung<\/strong><\/td><td class=\"td-1\"><p class=\"bodytext\"><ul><li> Der Test detektiert Antik\u00f6rper gegen TeHV-1 und TeHV-3. <\/li><li> Bei Griechischen Landschildkr\u00f6ten sind oft nur niedrige Antik\u00f6rpertiter zu beobachten.<\/li><li>Diese Leistung wird <strong>nicht<\/strong> in der Schweiz angeboten.<\/li><ul><\/p><\/td><\/tr><\/table>\n","protected":false},"excerpt":{"rendered":"<p>Reptilien (Landschildkr\u00f6te): Herpesviren (TeHV-1 &#038; TeHV-3) &#8211; Antik\u00f6rperLABOKLIN Leistungs-ID: 1146MaterialSerum oder Heparin-Plasma 0,4 mlMethodeVNTTierart(en)Landschildkr\u00f6teDauer7 &#8211; 14 TageAnmerkung Der Test detektiert Antik\u00f6rper gegen TeHV-1 und TeHV-3. Bei Griechischen Landschildkr\u00f6ten sind oft nur niedrige Antik\u00f6rpertiter zu beobachten.Diese Leistung wird nicht in der Schweiz angeboten.<\/p>\n","protected":false},"author":1,"featured_media":0,"parent":1332958,"menu_order":3,"comment_status":"closed","ping_status":"closed","template":"","meta":{"_seopress_robots_primary_cat":"","_seopress_titles_title":"","_seopress_titles_desc":"","_seopress_robots_index":"","footnotes":""},"class_list":["post-1334474","page","type-page","status-publish","hentry","description-off"],"_links":{"self":[{"href":"https:\/\/laboklin.de\/de-at\/wp-json\/wp\/v2\/pages\/1334474","targetHints":{"allow":["GET"]}}],"collection":[{"href":"https:\/\/laboklin.de\/de-at\/wp-json\/wp\/v2\/pages"}],"about":[{"href":"https:\/\/laboklin.de\/de-at\/wp-json\/wp\/v2\/types\/page"}],"author":[{"embeddable":true,"href":"https:\/\/laboklin.de\/de-at\/wp-json\/wp\/v2\/users\/1"}],"replies":[{"embeddable":true,"href":"https:\/\/laboklin.de\/de-at\/wp-json\/wp\/v2\/comments?post=1334474"}],"version-history":[{"count":1,"href":"https:\/\/laboklin.de\/de-at\/wp-json\/wp\/v2\/pages\/1334474\/revisions"}],"predecessor-version":[{"id":1466581,"href":"https:\/\/laboklin.de\/de-at\/wp-json\/wp\/v2\/pages\/1334474\/revisions\/1466581"}],"up":[{"embeddable":true,"href":"https:\/\/laboklin.de\/de-at\/wp-json\/wp\/v2\/pages\/1332958"}],"wp:attachment":[{"href":"https:\/\/laboklin.de\/de-at\/wp-json\/wp\/v2\/media?parent=1334474"}],"curies":[{"name":"wp","href":"https:\/\/api.w.org\/{rel}","templated":true}]}}