{"id":1334469,"date":"2020-10-16T11:36:27","date_gmt":"2020-10-16T09:36:27","guid":{"rendered":"https:\/\/laboklin.de\/leistungen\/infektionskrankheiten-erreger-und-antikoerpernachweise\/viren\/circoviren\/circovirus-pbfd-virus-pcr\/"},"modified":"2025-11-24T09:24:33","modified_gmt":"2025-11-24T08:24:33","slug":"circovirus-pbfd-pcr","status":"publish","type":"page","link":"https:\/\/laboklin.de\/de-at\/leistungen\/infektionskrankheiten-erreger-und-antikoerpernachweise\/viren\/circoviren\/circovirus-pbfd-pcr\/","title":{"rendered":"Circovirus (PBFD) &#8211; PCR"},"content":{"rendered":"<h3 class=\"csc-firstHeader\">Circovirus (PBFD) - PCR<\/h3><p><span>LABOKLIN Leistungs-ID: 601<\/span><\/p><table class=\"tx-laboklinleistung-table contenttable contenttable-2\" style=\"margin-top: 35px;\"><tr><td class=\"td-0\"><strong>Material<\/strong><\/td><td class=\"td-1\"><p class=\"bodytext\">2-3 frisch ausgezogene Federkiele, Blut (EDTA-Blut oder 1-2 Tropfen auf einem Filterpapier), Kloakenabstrich (Faeces) <\/p><\/td><\/tr><tr><td class=\"td-0\"><strong>Methode<\/strong><\/td><td class=\"td-1\"><p class=\"bodytext\">realtime PCR<\/p><\/td><\/tr><tr><td class=\"td-0\"><strong>Dauer<\/strong><\/td><td class=\"td-1\"><p class=\"bodytext\">1 - 3 Tage<\/p><\/td><\/tr><tr><td class=\"td-0\"><strong>Anmerkung<\/strong><\/td><td class=\"td-1\"><p class=\"bodytext\">Die PCR zum Nachweis von PBFD (Psittacine Beak and Feather Disease) erfasst <strong>nicht<\/strong> die Circovirus-Infektionen anderer Vogelgruppen. <\/p><\/td><\/tr><\/table>\n","protected":false},"excerpt":{"rendered":"<p>Circovirus (PBFD) PCR-Test: Schnelle Diagnostik von Psittacine Beak and Feather Disease in 1\u20133 Tagen. \u2013 pr\u00e4ziser Erregernachweis aus Blut, Federn oder Kot f\u00fcr gesunde V\u00f6gel.<\/p>\n","protected":false},"author":1,"featured_media":0,"parent":1332927,"menu_order":3,"comment_status":"closed","ping_status":"closed","template":"","meta":{"_seopress_robots_primary_cat":"","_seopress_titles_title":"Circovirus PBFD PCR Test \u2013 Schnell & Zuverl\u00e4ssig","_seopress_titles_desc":"Circovirus (PBFD) PCR-Test: Schnelle Diagnostik von Psittacine Beak and Feather Disease in 1\u20133 Tagen. \u2013 pr\u00e4zise Erregerdiagnostik f\u00fcr gesunde V\u00f6gel.","_seopress_robots_index":"","footnotes":""},"class_list":["post-1334469","page","type-page","status-publish","hentry","description-off"],"_links":{"self":[{"href":"https:\/\/laboklin.de\/de-at\/wp-json\/wp\/v2\/pages\/1334469","targetHints":{"allow":["GET"]}}],"collection":[{"href":"https:\/\/laboklin.de\/de-at\/wp-json\/wp\/v2\/pages"}],"about":[{"href":"https:\/\/laboklin.de\/de-at\/wp-json\/wp\/v2\/types\/page"}],"author":[{"embeddable":true,"href":"https:\/\/laboklin.de\/de-at\/wp-json\/wp\/v2\/users\/1"}],"replies":[{"embeddable":true,"href":"https:\/\/laboklin.de\/de-at\/wp-json\/wp\/v2\/comments?post=1334469"}],"version-history":[{"count":3,"href":"https:\/\/laboklin.de\/de-at\/wp-json\/wp\/v2\/pages\/1334469\/revisions"}],"predecessor-version":[{"id":1574639,"href":"https:\/\/laboklin.de\/de-at\/wp-json\/wp\/v2\/pages\/1334469\/revisions\/1574639"}],"up":[{"embeddable":true,"href":"https:\/\/laboklin.de\/de-at\/wp-json\/wp\/v2\/pages\/1332927"}],"wp:attachment":[{"href":"https:\/\/laboklin.de\/de-at\/wp-json\/wp\/v2\/media?parent=1334469"}],"curies":[{"name":"wp","href":"https:\/\/api.w.org\/{rel}","templated":true}]}}