{"id":1334450,"date":"2020-10-16T11:36:27","date_gmt":"2020-10-16T09:36:27","guid":{"rendered":"https:\/\/laboklin.de\/leistungen\/haematologie-klin-chemie-endokrinologie\/harnanalyse\/nsba-fraktionierte-netto-saeure-basen-ausscheidung\/"},"modified":"2025-01-28T08:38:04","modified_gmt":"2025-01-28T07:38:04","slug":"nsba-netto-saeure-basen-ausscheidung","status":"publish","type":"page","link":"https:\/\/laboklin.de\/de-at\/leistungen\/haematologie-klin-chemie-endokrinologie\/harnanalyse\/nsba-netto-saeure-basen-ausscheidung\/","title":{"rendered":"NSBA (Netto-S\u00e4ure-Basen-Ausscheidung)"},"content":{"rendered":"<h3 class=\"csc-firstHeader\">NSBA (Netto-S\u00e4ure-Basen-Ausscheidung)<\/h3><p><span>LABOKLIN Leistungs-ID: 1825<\/span><\/p><p class=\"bodytext\"><br><\/p><table class=\"tx-laboklinleistung-table contenttable contenttable-2\" style=\"margin-top: 35px;\"><tr><td class=\"td-0\"><strong>Material<\/strong><\/td><td class=\"td-1\"><p class=\"bodytext\">Harn 15 ml, frisch (Harnr\u00f6hrchen maximal gef\u00fcllt)<ul><li>Bitte Hinweis \u2013 l\u00e4nderspezifisch \u2013 auf dem Untersuchungsauftrag zur <strong>Temperatur<\/strong> bei Aufbewahrung\/Transport beachten!<\/li><\/ul><\/p><\/td><\/tr><tr><td class=\"td-0\"><strong>Methode<\/strong><\/td><td class=\"td-1\"><p class=\"bodytext\">Titration<\/p><\/td><\/tr><tr><td class=\"td-0\"><strong>Dauer<\/strong><\/td><td class=\"td-1\"><p class=\"bodytext\">2-3 Arbeitstage<\/p><\/td><\/tr><tr><td class=\"td-0\"><strong>Anmerkung<\/strong><\/td><td class=\"td-1\"><p class=\"bodytext\"><ul><li>Bitte Probengef\u00e4\u00df bis zum Rand f\u00fcllen, damit keine Luft enthalten ist. Es kann sowohl Spontanurin als auch Katheterurin eingesendet werden. <\/li><li>NSBA-Konzentrationen geben Auskunft \u00fcber den S\u00e4ure-Basen-Status. Die Vorteile der NSBA im Vergleich zur einfachen Harn-pH-Messung sind die bessere Stabilit\u00e4t gegen\u00fcber Stress, Futter- und Wasseraufnahme und gegen\u00fcber der renalen Kompensation. Die NSBA stellt zusammen mit den Blutparametern Ketonk\u00f6rper (\u03b2-HBS) und den freien Fetts\u00e4uren (NEFA) das Minimalspektrum der Stoffwechselkontrolle beim Rind dar. Die NSBA-Werte m\u00fcssen u. a. im Kontext der Futteraufnahme, des Laktationsstadiums und der Herde betrachtet werden.<\/li><\/ul><\/p><\/td><\/tr><\/table>\n","protected":false},"excerpt":{"rendered":"<p>NSBA (Netto-S\u00e4ure-Basen-Ausscheidung)LABOKLIN Leistungs-ID: 1825MaterialHarn 15 ml, frisch (Harnr\u00f6hrchen maximal gef\u00fcllt)Bitte Hinweis \u2013 l\u00e4nderspezifisch \u2013 auf dem Untersuchungsauftrag zur Temperatur bei Aufbewahrung\/Transport beachten!MethodeTitrationDauer2-3 ArbeitstageAnmerkungBitte Probengef\u00e4\u00df bis zum Rand f\u00fcllen, damit keine Luft enthalten ist. Es kann sowohl Spontanurin als auch Katheterurin eingesendet werden. NSBA-Konzentrationen geben Auskunft \u00fcber den S\u00e4ure-Basen-Status. Die Vorteile der NSBA im Vergleich zur&hellip;<\/p>\n","protected":false},"author":1,"featured_media":0,"parent":1332756,"menu_order":3,"comment_status":"closed","ping_status":"closed","template":"","meta":{"_seopress_robots_primary_cat":"","_seopress_titles_title":"","_seopress_titles_desc":"","_seopress_robots_index":"","footnotes":""},"class_list":["post-1334450","page","type-page","status-publish","hentry","description-off"],"_links":{"self":[{"href":"https:\/\/laboklin.de\/de-at\/wp-json\/wp\/v2\/pages\/1334450","targetHints":{"allow":["GET"]}}],"collection":[{"href":"https:\/\/laboklin.de\/de-at\/wp-json\/wp\/v2\/pages"}],"about":[{"href":"https:\/\/laboklin.de\/de-at\/wp-json\/wp\/v2\/types\/page"}],"author":[{"embeddable":true,"href":"https:\/\/laboklin.de\/de-at\/wp-json\/wp\/v2\/users\/1"}],"replies":[{"embeddable":true,"href":"https:\/\/laboklin.de\/de-at\/wp-json\/wp\/v2\/comments?post=1334450"}],"version-history":[{"count":1,"href":"https:\/\/laboklin.de\/de-at\/wp-json\/wp\/v2\/pages\/1334450\/revisions"}],"predecessor-version":[{"id":1504115,"href":"https:\/\/laboklin.de\/de-at\/wp-json\/wp\/v2\/pages\/1334450\/revisions\/1504115"}],"up":[{"embeddable":true,"href":"https:\/\/laboklin.de\/de-at\/wp-json\/wp\/v2\/pages\/1332756"}],"wp:attachment":[{"href":"https:\/\/laboklin.de\/de-at\/wp-json\/wp\/v2\/media?parent=1334450"}],"curies":[{"name":"wp","href":"https:\/\/api.w.org\/{rel}","templated":true}]}}