{"id":1334448,"date":"2020-10-16T11:36:27","date_gmt":"2020-10-16T09:36:27","guid":{"rendered":"https:\/\/laboklin.de\/leistungen\/haematologie-klin-chemie-endokrinologie\/klinisch-chemische-parameter\/mineralstoffe-und-elektrolyte\/cu-kupfer\/"},"modified":"2025-01-28T13:09:32","modified_gmt":"2025-01-28T12:09:32","slug":"cu-kupfer","status":"publish","type":"page","link":"https:\/\/laboklin.de\/de-at\/leistungen\/haematologie-klin-chemie-endokrinologie\/klinisch-chemische-parameter\/mineralstoffe-und-elektrolyte\/cu-kupfer\/","title":{"rendered":"Cu (Kupfer)"},"content":{"rendered":"<h3 class=\"csc-firstHeader\">Cu (Kupfer)<\/h3><p><span>LABOKLIN Leistungs-ID: 30<\/span><\/p><p class=\"bodytext\"><br><\/p><table class=\"tx-laboklinleistung-table contenttable contenttable-2\" style=\"margin-top: 35px;\"><tr><td class=\"td-0\"><strong>Material<\/strong><\/td><td class=\"td-1\"><p class=\"bodytext\">Serum oder Heparin-Plasma 0,5 ml<\/p><\/td><\/tr><tr><td class=\"td-0\"><strong>Methode<\/strong><\/td><td class=\"td-1\"><p class=\"bodytext\">Photometrie<\/p><\/td><\/tr><tr><td class=\"td-0\"><strong>Dauer<\/strong><\/td><td class=\"td-1\"><p class=\"bodytext\">Befund\u00fcbermittlung am Tag des Probeneingangs (Mo.\u2013Sa.)<\/p><\/td><\/tr><tr><td class=\"td-0\"><strong>Anmerkung<\/strong><\/td><td class=\"td-1\"><p class=\"bodytext\"><ul><li>Kupfermangel kann zu Depigmentierungen (Kupferbrille) sowie Wachstums- und Fruchtbarkeitsst\u00f6rungen f\u00fchren. <\/li><li><strong>Hund:<\/strong> Bei der Kupferspeicherkrankheit des Bedlington Terriers ist der Serumspiegel in der Regel normal, erh\u00f6hte Konzentrationen werden nur im Lebergewebe nachgewiesen. Genetischer Nachweis der Kupferspeicherkrankheit beim Bedlington Terrier, Dobermann und Labrador Retriever siehe Genetik\/Erbkrankheiten. <\/li><li><strong>Schaf:<\/strong> Bei neugeborenen L\u00e4mmern f\u00fchrt Kupfermangel zu ZNS-Symptomen. \u00dcberversorgung z.B. durch Mineralfutter f\u00fcr Rinder f\u00fchrt bei Schafen zu Vergiftungen. <\/li><\/ul><\/p><\/td><\/tr><\/table>\n","protected":false},"excerpt":{"rendered":"<p>Cu (Kupfer)LABOKLIN Leistungs-ID: 30MaterialSerum oder Heparin-Plasma 0,5 mlMethodePhotometrieDauerBefund\u00fcbermittlung am Tag des Probeneingangs (Mo.\u2013Sa.)AnmerkungKupfermangel kann zu Depigmentierungen (Kupferbrille) sowie Wachstums- und Fruchtbarkeitsst\u00f6rungen f\u00fchren. Hund: Bei der Kupferspeicherkrankheit des Bedlington Terriers ist der Serumspiegel in der Regel normal, erh\u00f6hte Konzentrationen werden nur im Lebergewebe nachgewiesen. Genetischer Nachweis der Kupferspeicherkrankheit beim Bedlington Terrier, Dobermann und Labrador Retriever siehe&hellip;<\/p>\n","protected":false},"author":1,"featured_media":0,"parent":1332896,"menu_order":3,"comment_status":"closed","ping_status":"closed","template":"","meta":{"_seopress_robots_primary_cat":"","_seopress_titles_title":"","_seopress_titles_desc":"","_seopress_robots_index":"","footnotes":""},"class_list":["post-1334448","page","type-page","status-publish","hentry","description-off"],"_links":{"self":[{"href":"https:\/\/laboklin.de\/de-at\/wp-json\/wp\/v2\/pages\/1334448","targetHints":{"allow":["GET"]}}],"collection":[{"href":"https:\/\/laboklin.de\/de-at\/wp-json\/wp\/v2\/pages"}],"about":[{"href":"https:\/\/laboklin.de\/de-at\/wp-json\/wp\/v2\/types\/page"}],"author":[{"embeddable":true,"href":"https:\/\/laboklin.de\/de-at\/wp-json\/wp\/v2\/users\/1"}],"replies":[{"embeddable":true,"href":"https:\/\/laboklin.de\/de-at\/wp-json\/wp\/v2\/comments?post=1334448"}],"version-history":[{"count":1,"href":"https:\/\/laboklin.de\/de-at\/wp-json\/wp\/v2\/pages\/1334448\/revisions"}],"predecessor-version":[{"id":1504367,"href":"https:\/\/laboklin.de\/de-at\/wp-json\/wp\/v2\/pages\/1334448\/revisions\/1504367"}],"up":[{"embeddable":true,"href":"https:\/\/laboklin.de\/de-at\/wp-json\/wp\/v2\/pages\/1332896"}],"wp:attachment":[{"href":"https:\/\/laboklin.de\/de-at\/wp-json\/wp\/v2\/media?parent=1334448"}],"curies":[{"name":"wp","href":"https:\/\/api.w.org\/{rel}","templated":true}]}}