{"id":1334447,"date":"2020-10-16T11:36:27","date_gmt":"2020-10-16T09:36:27","guid":{"rendered":"https:\/\/laboklin.de\/leistungen\/haematologie-klin-chemie-endokrinologie\/klinisch-chemische-parameter\/substrate\/gesamt-eiweiss\/"},"modified":"2026-03-02T12:24:22","modified_gmt":"2026-03-02T11:24:22","slug":"gesamt-eiweiss","status":"publish","type":"page","link":"https:\/\/laboklin.de\/de-at\/leistungen\/haematologie-klin-chemie-endokrinologie\/klinisch-chemische-parameter\/substrate\/gesamt-eiweiss\/","title":{"rendered":"Protein (Gesamt-Eiwei\u00df)"},"content":{"rendered":"<h3 class=\"csc-firstHeader\">Protein (Gesamt-Eiwei\u00df)<\/h3><p><span>LABOKLIN Leistungs-ID: 19<\/span><\/p><p class=\"bodytext\"><br><ul><li>Das Gesamtprotein im Serum setzt sich \u00fcberwiegend aus Albumin und Globulinen zusammen.<\/li><li>absolute Hyperprotein\u00e4mie: meist Folge chronisch-entz\u00fcndlicher Prozesse, persistierender Infektionen oder neoplastischer Erkrankungen (z. B. Plasmozytom)<\/li><li>relative Hyperprotein\u00e4mie: durch Fl\u00fcssigkeitsverlust infolge Dehydratation<\/li><li>absolute Hypoprotein\u00e4mie: bei Proteinverlusten \u00fcber Niere, Darm oder Blutungen; bei verminderter Proteinsynthese (Leberfunktionsst\u00f6rung), Verlust in den dritten Raum (z. B. Aszites, Exsudate)<\/li><li>relative Hypoprotein\u00e4mie: Folge vermehrter Fl\u00fcssigkeitszufuhr oder Verd\u00fcnnung<\/li><li>Im Liquor weist eine Erh\u00f6hung des Gesamtproteins auf entz\u00fcndliche oder neoplastische ZNS-Erkrankungen hin.<\/li><li>Aus Harn erfolgt die Beurteilung anhand des Protein\/Kreatinin-Quotienten (siehe Rubrik Harnanalyse).<\/li><li>Zur Differenzierung einzelner Proteinfraktionen dient die Serumproteinelektrophorese (siehe Rubrik Immunologische Untersuchungen \/ Entz\u00fcndungsparameter).<\/li><\/ul><\/p><table class=\"tx-laboklinleistung-table contenttable contenttable-2\" style=\"margin-top: 35px;\"><tr><td class=\"td-0\"><strong>Material<\/strong><\/td><td class=\"td-1\"><p class=\"bodytext\">Serum oder EDTA-Plasma oder Heparin-Plasma oder Liquor 0,5 ml oder Harn<\/p><\/td><\/tr><tr><td class=\"td-0\"><strong>Methode<\/strong><\/td><td class=\"td-1\"><p class=\"bodytext\">Photometrie<\/p><\/td><\/tr><tr><td class=\"td-0\"><strong>Dauer<\/strong><\/td><td class=\"td-1\"><p class=\"bodytext\">Befund\u00fcbermittlung am Tag des Probeneingangs (Mo.\u2013Sa.)<\/p><\/td><\/tr><\/table>\n","protected":false},"excerpt":{"rendered":"<p>Protein (Gesamt-Eiwei\u00df)LABOKLIN Leistungs-ID: 19Das Gesamtprotein im Serum setzt sich \u00fcberwiegend aus Albumin und Globulinen zusammen.absolute Hyperprotein\u00e4mie: meist Folge chronisch-entz\u00fcndlicher Prozesse, persistierender Infektionen oder neoplastischer Erkrankungen (z. B. Plasmozytom)relative Hyperprotein\u00e4mie: durch Fl\u00fcssigkeitsverlust infolge Dehydratationabsolute Hypoprotein\u00e4mie: bei Proteinverlusten \u00fcber Niere, Darm oder Blutungen; bei verminderter Proteinsynthese (Leberfunktionsst\u00f6rung), Verlust in den dritten Raum (z. B. Aszites, Exsudate)relative Hypoprotein\u00e4mie:&hellip;<\/p>\n","protected":false},"author":1,"featured_media":0,"parent":1332894,"menu_order":3,"comment_status":"closed","ping_status":"closed","template":"","meta":{"_seopress_robots_primary_cat":"","_seopress_titles_title":"","_seopress_titles_desc":"","_seopress_robots_index":"","footnotes":""},"class_list":["post-1334447","page","type-page","status-publish","hentry","description-off"],"_links":{"self":[{"href":"https:\/\/laboklin.de\/de-at\/wp-json\/wp\/v2\/pages\/1334447","targetHints":{"allow":["GET"]}}],"collection":[{"href":"https:\/\/laboklin.de\/de-at\/wp-json\/wp\/v2\/pages"}],"about":[{"href":"https:\/\/laboklin.de\/de-at\/wp-json\/wp\/v2\/types\/page"}],"author":[{"embeddable":true,"href":"https:\/\/laboklin.de\/de-at\/wp-json\/wp\/v2\/users\/1"}],"replies":[{"embeddable":true,"href":"https:\/\/laboklin.de\/de-at\/wp-json\/wp\/v2\/comments?post=1334447"}],"version-history":[{"count":2,"href":"https:\/\/laboklin.de\/de-at\/wp-json\/wp\/v2\/pages\/1334447\/revisions"}],"predecessor-version":[{"id":1594156,"href":"https:\/\/laboklin.de\/de-at\/wp-json\/wp\/v2\/pages\/1334447\/revisions\/1594156"}],"up":[{"embeddable":true,"href":"https:\/\/laboklin.de\/de-at\/wp-json\/wp\/v2\/pages\/1332894"}],"wp:attachment":[{"href":"https:\/\/laboklin.de\/de-at\/wp-json\/wp\/v2\/media?parent=1334447"}],"curies":[{"name":"wp","href":"https:\/\/api.w.org\/{rel}","templated":true}]}}