{"id":1334409,"date":"2021-11-11T15:31:58","date_gmt":"2021-11-11T14:31:58","guid":{"rendered":"https:\/\/laboklin.de\/leistungen\/genetik\/erbkrankheiten\/hund\/ventrikulaere-arrhythmie-iva\/"},"modified":"2025-02-17T14:03:16","modified_gmt":"2025-02-17T13:03:16","slug":"ventrikulaere-arrhythmie-iva","status":"publish","type":"page","link":"https:\/\/laboklin.de\/de-at\/leistungen\/genetik\/erbkrankheiten\/hund\/ventrikulaere-arrhythmie-iva\/","title":{"rendered":"Ventrikul\u00e4re Arrhythmie (IVA)"},"content":{"rendered":"<h3 class=\"csc-firstHeader\">Ventrikul\u00e4re Arrhythmie (IVA)<\/h3><p><span>LABOKLIN Leistungs-ID: 8739<\/span><\/p><p class=\"bodytext\">Beim Rhodesian Ridgeback konnte eine genetische Variante des QIL1-Gens gefunden werden, die mit einer Herzerkrankung namens ventrikul\u00e4re Arrhythmie (IVA) einhergeht. Das QIL1-Gen codiert f\u00fcr ein Protein, das am Aufbau und der Verteilung der mitochondrialen Membraneinst\u00fclpungen beteiligt ist und somit wichtig ist f\u00fcr die zellul\u00e4re Energieproduktion. <br \/>\r\nDie betroffenen Hunde zeigen ventrikul\u00e4re und\/oder supraventrikul\u00e4re Tachykardie (Herzrasen) und Herzrhythmusst\u00f6rungen, meist in einem Alter zwischen 6 - 18 Monaten. In manchen F\u00e4llen kann dies sogar zum pl\u00f6tzlichen Herztod f\u00fchren. Die Erbkrankheit hat eine variable Penetranz und Expression. Daher kommt es bei manchen genetisch betroffenen Hunden nicht zu Arrhythmien oder pl\u00f6tzlichem Herztod. Nur etwa 60% der Hunde, welche die Variante tragen, zeigen abnormale Herzt\u00f6ne und bei manchen Hunden verschwinden die Symptome mit dem Alter wieder. Die Tr\u00e4ger der Variante sollten regelm\u00e4\u00dfig mit Hilfe eines Langzeit-Elektrokardiogramms auf Unregelm\u00e4\u00dfigkeiten untersucht werden.<br \/>\r\nAnhand des genetischen Tests k\u00f6nnen Tr\u00e4gerhunde sicher identifiziert werden, um die Verteilung der Variante in der Rasse zu reduzieren. Allerdings gibt der Test keine Auskunft dar\u00fcber, ob die Tr\u00e4gerhunde tats\u00e4chlich Symptome entwickeln werden, noch \u00fcber die individuelle Auspr\u00e4gung der Symptome.<\/p><table class=\"tx-laboklinleistung-table contenttable contenttable-2\" style=\"margin-top: 35px;\"><tr><td class=\"td-0\"><strong>Methode<\/strong><\/td><td class=\"td-1\"><p class=\"bodytext\">TaqMan SNP Assay<\/p><\/td><\/tr><tr><td class=\"td-0\"><strong>Rasse<\/strong><\/td><td class=\"td-1\"><p class=\"bodytext\">Rhodesian Ridgeback<\/p><\/td><\/tr><tr><td class=\"td-0\"><strong>Erbgang<\/strong><\/td><td class=\"td-1\"><p class=\"bodytext\">unbekannt<\/p><\/td><\/tr><tr><td class=\"td-0\"><strong>Dauer<\/strong><\/td><td class=\"td-1\"><p class=\"bodytext\">3 - 5 Werktage nach Erhalt der Probe<\/p><\/td><\/tr><\/table>\n","protected":false},"excerpt":{"rendered":"<p>Ventrikul\u00e4re Arrhythmie (IVA)LABOKLIN Leistungs-ID: 8739Beim Rhodesian Ridgeback konnte eine genetische Variante des QIL1-Gens gefunden werden, die mit einer Herzerkrankung namens ventrikul\u00e4re Arrhythmie (IVA) einhergeht. Das QIL1-Gen codiert f\u00fcr ein Protein, das am Aufbau und der Verteilung der mitochondrialen Membraneinst\u00fclpungen beteiligt ist und somit wichtig ist f\u00fcr die zellul\u00e4re Energieproduktion. Die betroffenen Hunde zeigen ventrikul\u00e4re und\/oder&hellip;<\/p>\n","protected":false},"author":1,"featured_media":0,"parent":1332701,"menu_order":3,"comment_status":"closed","ping_status":"closed","template":"","meta":{"_seopress_robots_primary_cat":"","_seopress_titles_title":"","_seopress_titles_desc":"","_seopress_robots_index":"","footnotes":""},"class_list":["post-1334409","page","type-page","status-publish","hentry","description-off"],"_links":{"self":[{"href":"https:\/\/laboklin.de\/de-at\/wp-json\/wp\/v2\/pages\/1334409","targetHints":{"allow":["GET"]}}],"collection":[{"href":"https:\/\/laboklin.de\/de-at\/wp-json\/wp\/v2\/pages"}],"about":[{"href":"https:\/\/laboklin.de\/de-at\/wp-json\/wp\/v2\/types\/page"}],"author":[{"embeddable":true,"href":"https:\/\/laboklin.de\/de-at\/wp-json\/wp\/v2\/users\/1"}],"replies":[{"embeddable":true,"href":"https:\/\/laboklin.de\/de-at\/wp-json\/wp\/v2\/comments?post=1334409"}],"version-history":[{"count":1,"href":"https:\/\/laboklin.de\/de-at\/wp-json\/wp\/v2\/pages\/1334409\/revisions"}],"predecessor-version":[{"id":1509498,"href":"https:\/\/laboklin.de\/de-at\/wp-json\/wp\/v2\/pages\/1334409\/revisions\/1509498"}],"up":[{"embeddable":true,"href":"https:\/\/laboklin.de\/de-at\/wp-json\/wp\/v2\/pages\/1332701"}],"wp:attachment":[{"href":"https:\/\/laboklin.de\/de-at\/wp-json\/wp\/v2\/media?parent=1334409"}],"curies":[{"name":"wp","href":"https:\/\/api.w.org\/{rel}","templated":true}]}}