{"id":1334385,"date":"2023-01-05T16:41:26","date_gmt":"2023-01-05T15:41:26","guid":{"rendered":"https:\/\/laboklin.de\/leistungen\/infektionskrankheiten-erreger-und-antikoerpernachweise\/viren\/felines-morbillivirus-femv\/felines-morbillivirus-femv-pcr\/"},"modified":"2025-01-30T09:19:57","modified_gmt":"2025-01-30T08:19:57","slug":"felines-morbillivirus-femv-pcr","status":"publish","type":"page","link":"https:\/\/laboklin.de\/de-at\/leistungen\/infektionskrankheiten-erreger-und-antikoerpernachweise\/viren\/felines-morbillivirus-femv\/felines-morbillivirus-femv-pcr\/","title":{"rendered":"Felines Morbillivirus (FeMV) &#8211; PCR"},"content":{"rendered":"<h3 class=\"csc-firstHeader\">Felines Morbillivirus (FeMV) - PCR<\/h3><p><span>LABOKLIN Leistungs-ID: 8820<\/span><\/p><table class=\"tx-laboklinleistung-table contenttable contenttable-2\" style=\"margin-top: 35px;\"><tr><td class=\"td-0\"><strong>Material<\/strong><\/td><td class=\"td-1\"><p class=\"bodytext\">Harn (mindestens gek\u00fchlt \u2013 m\u00f6glichst geforen)<\/p><\/td><\/tr><tr><td class=\"td-0\"><strong>Methode<\/strong><\/td><td class=\"td-1\"><p class=\"bodytext\">realtime PCR<\/p><\/td><\/tr><tr><td class=\"td-0\"><strong>Dauer<\/strong><\/td><td class=\"td-1\"><p class=\"bodytext\">1 - 3 Tage<\/p><\/td><\/tr><tr><td class=\"td-0\"><strong>Anmerkung<\/strong><\/td><td class=\"td-1\"><p class=\"bodytext\">Aufgrund der Instabilit\u00e4t von RNA-Viren im Katzenurin empfiehlt es sich, die Proben m\u00f6glichst frisch und gefroren einzuschicken.<\/p><\/td><\/tr><\/table>\n","protected":false},"excerpt":{"rendered":"<p>Felines Morbillivirus (FeMV) &#8211; PCRLABOKLIN Leistungs-ID: 8820MaterialHarn (mindestens gek\u00fchlt \u2013 m\u00f6glichst geforen)Methoderealtime PCRDauer1 &#8211; 3 TageAnmerkungAufgrund der Instabilit\u00e4t von RNA-Viren im Katzenurin empfiehlt es sich, die Proben m\u00f6glichst frisch und gefroren einzuschicken.<\/p>\n","protected":false},"author":10,"featured_media":0,"parent":1332947,"menu_order":3,"comment_status":"closed","ping_status":"closed","template":"","meta":{"_seopress_robots_primary_cat":"","_seopress_titles_title":"","_seopress_titles_desc":"","_seopress_robots_index":"","footnotes":""},"class_list":["post-1334385","page","type-page","status-publish","hentry","description-off"],"_links":{"self":[{"href":"https:\/\/laboklin.de\/de-at\/wp-json\/wp\/v2\/pages\/1334385","targetHints":{"allow":["GET"]}}],"collection":[{"href":"https:\/\/laboklin.de\/de-at\/wp-json\/wp\/v2\/pages"}],"about":[{"href":"https:\/\/laboklin.de\/de-at\/wp-json\/wp\/v2\/types\/page"}],"author":[{"embeddable":true,"href":"https:\/\/laboklin.de\/de-at\/wp-json\/wp\/v2\/users\/10"}],"replies":[{"embeddable":true,"href":"https:\/\/laboklin.de\/de-at\/wp-json\/wp\/v2\/comments?post=1334385"}],"version-history":[{"count":1,"href":"https:\/\/laboklin.de\/de-at\/wp-json\/wp\/v2\/pages\/1334385\/revisions"}],"predecessor-version":[{"id":1504824,"href":"https:\/\/laboklin.de\/de-at\/wp-json\/wp\/v2\/pages\/1334385\/revisions\/1504824"}],"up":[{"embeddable":true,"href":"https:\/\/laboklin.de\/de-at\/wp-json\/wp\/v2\/pages\/1332947"}],"wp:attachment":[{"href":"https:\/\/laboklin.de\/de-at\/wp-json\/wp\/v2\/media?parent=1334385"}],"curies":[{"name":"wp","href":"https:\/\/api.w.org\/{rel}","templated":true}]}}