{"id":1334328,"date":"2020-10-16T11:36:27","date_gmt":"2020-10-16T09:36:27","guid":{"rendered":"https:\/\/laboklin.de\/leistungen\/genetik\/identitaet-abstammung\/katze-dna-profil-isag\/"},"modified":"2025-02-25T13:37:22","modified_gmt":"2025-02-25T12:37:22","slug":"katze-dna-profil-isag","status":"publish","type":"page","link":"https:\/\/laboklin.de\/de-at\/leistungen\/genetik\/identitaet-abstammung\/katze-dna-profil-isag\/","title":{"rendered":"Katze: DNA-Profil (ISAG)"},"content":{"rendered":"<h3 class=\"csc-firstHeader\">Katze: DNA-Profil (ISAG 2006)<\/h3><p><span>LABOKLIN Leistungs-ID: 8175<\/span><\/p><p class=\"bodytext\">Das DNA-Profil wird auch als genetischer Fingerabdruck bezeichnet, welcher f\u00fcr das einzelne Tier charakteristisch ist. Das Prinzip des DNA-Profils beruht auf der Untersuchung hochvariabler DNA-Abschnitte (Mikrosatelliten), die sich zwischen den einzelnen Individuen durch ihre L\u00e4nge voneinander unterscheiden (L\u00e4ngenpolymorphismus). Die Gesamtheit der Mikrosatelliten in Kombination ergibt ein f\u00fcr jedes Individuum unverwechselbare DNA-Profil. Das DNA-Profil ist mit einer Wahrscheinlichkeit von gr\u00f6\u00dfer als 99,99% einzigartig. Die einzige Ausnahme hiervon bilden eineiige Mehrlinge. F\u00fcr die Identifizierung eines Tieres wird dessen DNA-Profil angefertigt und in einer DNA-Datenbank gespeichert. Zur Erstellung eines DNA-Profiles untersuchen wir die von der \"International Society for Animal Genetics (ISAG)\" empfohlenen Mikrosatelliten-Marker. Die erhaltenen DNA-Profile sind international mit den nach den ISAG-Empfehlungen arbeitenden Laboratorien vergleichbar. <\/p><table class=\"tx-laboklinleistung-table contenttable contenttable-2\" style=\"margin-top: 35px;\"><tr><td class=\"td-0\"><strong>Methode<\/strong><\/td><td class=\"td-1\"><p class=\"bodytext\">Mikrosatelliten-Analyse (STRs)<\/p><\/td><\/tr><tr><td class=\"td-0\"><strong>Dauer<\/strong><\/td><td class=\"td-1\"><p class=\"bodytext\">1 - 2 Wochen nach Erhalt der Probe<\/p><\/td><\/tr><\/table>\n","protected":false},"excerpt":{"rendered":"<p>Katze: DNA-Profil (ISAG 2006)LABOKLIN Leistungs-ID: 8175Das DNA-Profil wird auch als genetischer Fingerabdruck bezeichnet, welcher f\u00fcr das einzelne Tier charakteristisch ist. Das Prinzip des DNA-Profils beruht auf der Untersuchung hochvariabler DNA-Abschnitte (Mikrosatelliten), die sich zwischen den einzelnen Individuen durch ihre L\u00e4nge voneinander unterscheiden (L\u00e4ngenpolymorphismus). Die Gesamtheit der Mikrosatelliten in Kombination ergibt ein f\u00fcr jedes Individuum unverwechselbare&hellip;<\/p>\n","protected":false},"author":1,"featured_media":0,"parent":1332690,"menu_order":2,"comment_status":"closed","ping_status":"closed","template":"","meta":{"_seopress_robots_primary_cat":"","_seopress_titles_title":"","_seopress_titles_desc":"","_seopress_robots_index":"","footnotes":""},"class_list":["post-1334328","page","type-page","status-publish","hentry","description-off"],"_links":{"self":[{"href":"https:\/\/laboklin.de\/de-at\/wp-json\/wp\/v2\/pages\/1334328","targetHints":{"allow":["GET"]}}],"collection":[{"href":"https:\/\/laboklin.de\/de-at\/wp-json\/wp\/v2\/pages"}],"about":[{"href":"https:\/\/laboklin.de\/de-at\/wp-json\/wp\/v2\/types\/page"}],"author":[{"embeddable":true,"href":"https:\/\/laboklin.de\/de-at\/wp-json\/wp\/v2\/users\/1"}],"replies":[{"embeddable":true,"href":"https:\/\/laboklin.de\/de-at\/wp-json\/wp\/v2\/comments?post=1334328"}],"version-history":[{"count":1,"href":"https:\/\/laboklin.de\/de-at\/wp-json\/wp\/v2\/pages\/1334328\/revisions"}],"predecessor-version":[{"id":1510945,"href":"https:\/\/laboklin.de\/de-at\/wp-json\/wp\/v2\/pages\/1334328\/revisions\/1510945"}],"up":[{"embeddable":true,"href":"https:\/\/laboklin.de\/de-at\/wp-json\/wp\/v2\/pages\/1332690"}],"wp:attachment":[{"href":"https:\/\/laboklin.de\/de-at\/wp-json\/wp\/v2\/media?parent=1334328"}],"curies":[{"name":"wp","href":"https:\/\/api.w.org\/{rel}","templated":true}]}}