{"id":1334325,"date":"2020-10-16T11:36:27","date_gmt":"2020-10-16T09:36:27","guid":{"rendered":"https:\/\/laboklin.de\/leistungen\/genetik\/fellfarbe-haarstruktur\/hund\/d-lokus-d1-dilution-farbverduennung\/"},"modified":"2025-02-25T12:59:28","modified_gmt":"2025-02-25T11:59:28","slug":"d-lokus-d1-dilution-farbverduennung","status":"publish","type":"page","link":"https:\/\/laboklin.de\/de-at\/leistungen\/genetik\/fellfarbe-haarstruktur\/hund\/d-lokus-d1-dilution-farbverduennung\/","title":{"rendered":"D-Lokus d1 (Dilution, Farbverd\u00fcnnung)"},"content":{"rendered":"<h3 class=\"csc-firstHeader\">D-Lokus d1 (Dilution, Farbverd\u00fcnnung)<\/h3><p><span>LABOKLIN Leistungs-ID: 8136<\/span><\/p><p class=\"bodytext\">Hervorgerufen durch eine Mutation am D-Lokus treten in einigen Hunderassen Tiere mit verd\u00fcnnter oder aufgehellter Grundfarbe auf. Der Erbgang ist autosomal-rezessiv, d.h. die Farbverd\u00fcnnung entsteht nur, wenn das mutierte d-Allel homozygot vorliegt. Unter dem Einfluss des defekten Gens kommt es zur \u201eVerklumpung\u201c der Pigmente im Haar, das dann heller erscheint. Sowohl Eumelanin als auch Ph\u00e4omelanin sind davon betroffen. In den verschiedenen Hunderassen wird die resultierende Fellf\u00e4rbung unterschiedlich benannt (z.B. Lilac, Silber, Isabella, Pink, Champagner, Creme \u2026).<br \/>\nF\u00e4lle von Haarausfall \u00fcber die sogenannte Colour Dilution Alopezie (CDA) sind eng mit der Farbverd\u00fcnnung verkn\u00fcpft. Bisher ist jedoch kein genetischer Faktor bekannt, der zwischen verd\u00fcnnten Tieren mit und ohne Symptome einer CDA unterscheidet. Grunds\u00e4tzlich gilt, dass Bereiche mit kr\u00e4ftigem Eumelanin st\u00e4rker von einer CDA betroffen sind, als hell pigmentierte Fellbereiche. <br \/>\nEs sind momentan drei genetische Varianten bekannt, die unabh\u00e4ngig voneinander zur Aufhellung des Felles f\u00fchren, genannt d1, d2 und d3. Die Variante d1 kann bei allen Rassen vorkommen, w\u00e4hrend d2 bisher in den Rassen ChowChow, Sloughi und Thailand-Ridgeback und d3 in den Rassen Chihuahua, Italienisches Windspiel und Pumi nachgewiesen werden konnte. In diesen Rassen empfiehlt sich also die Testung beider relevanter Mutationen.<\/p><table class=\"tx-laboklinleistung-table contenttable contenttable-2\" style=\"margin-top: 35px;\"><tr><td class=\"td-0\"><strong>Methode<\/strong><\/td><td class=\"td-1\"><p class=\"bodytext\">TaqMan SNP Assay <\/p><\/td><\/tr><tr><td class=\"td-0\"><strong>Erbgang<\/strong><\/td><td class=\"td-1\"><p class=\"bodytext\">Allelische Reihe: D dominant \u00fcber d1 , d2 und d3<\/p><\/td><\/tr><tr><td class=\"td-0\"><strong>Dauer<\/strong><\/td><td class=\"td-1\"><p class=\"bodytext\">3 - 5 Werktage nach Erhalt der Probe<\/p><\/td><\/tr><\/table>\n","protected":false},"excerpt":{"rendered":"<p>D-Lokus d1 (Dilution, Farbverd\u00fcnnung)LABOKLIN Leistungs-ID: 8136Hervorgerufen durch eine Mutation am D-Lokus treten in einigen Hunderassen Tiere mit verd\u00fcnnter oder aufgehellter Grundfarbe auf. Der Erbgang ist autosomal-rezessiv, d.h. die Farbverd\u00fcnnung entsteht nur, wenn das mutierte d-Allel homozygot vorliegt. Unter dem Einfluss des defekten Gens kommt es zur \u201eVerklumpung\u201c der Pigmente im Haar, das dann heller erscheint.&hellip;<\/p>\n","protected":false},"author":1,"featured_media":0,"parent":1332717,"menu_order":2,"comment_status":"closed","ping_status":"closed","template":"","meta":{"_seopress_robots_primary_cat":"","_seopress_titles_title":"","_seopress_titles_desc":"","_seopress_robots_index":"","footnotes":""},"class_list":["post-1334325","page","type-page","status-publish","hentry","description-off"],"_links":{"self":[{"href":"https:\/\/laboklin.de\/de-at\/wp-json\/wp\/v2\/pages\/1334325","targetHints":{"allow":["GET"]}}],"collection":[{"href":"https:\/\/laboklin.de\/de-at\/wp-json\/wp\/v2\/pages"}],"about":[{"href":"https:\/\/laboklin.de\/de-at\/wp-json\/wp\/v2\/types\/page"}],"author":[{"embeddable":true,"href":"https:\/\/laboklin.de\/de-at\/wp-json\/wp\/v2\/users\/1"}],"replies":[{"embeddable":true,"href":"https:\/\/laboklin.de\/de-at\/wp-json\/wp\/v2\/comments?post=1334325"}],"version-history":[{"count":1,"href":"https:\/\/laboklin.de\/de-at\/wp-json\/wp\/v2\/pages\/1334325\/revisions"}],"predecessor-version":[{"id":1510796,"href":"https:\/\/laboklin.de\/de-at\/wp-json\/wp\/v2\/pages\/1334325\/revisions\/1510796"}],"up":[{"embeddable":true,"href":"https:\/\/laboklin.de\/de-at\/wp-json\/wp\/v2\/pages\/1332717"}],"wp:attachment":[{"href":"https:\/\/laboklin.de\/de-at\/wp-json\/wp\/v2\/media?parent=1334325"}],"curies":[{"name":"wp","href":"https:\/\/api.w.org\/{rel}","templated":true}]}}