{"id":1334315,"date":"2020-10-16T11:36:27","date_gmt":"2020-10-16T09:36:27","guid":{"rendered":"https:\/\/laboklin.de\/leistungen\/genetik\/erbkrankheiten\/katze\/glycogenspeicherkrankheit-typ-4-gsd4\/"},"modified":"2025-02-25T12:14:33","modified_gmt":"2025-02-25T11:14:33","slug":"glycogenspeicherkrankheit-typ-4-gsd4","status":"publish","type":"page","link":"https:\/\/laboklin.de\/de-at\/leistungen\/genetik\/erbkrankheiten\/katze\/glycogenspeicherkrankheit-typ-4-gsd4\/","title":{"rendered":"Glycogenspeicherkrankheit Typ 4 (GSD4)"},"content":{"rendered":"<h3 class=\"csc-firstHeader\">Glycogenspeicherkrankheit Typ 4 (GSD4)<\/h3><p><span>LABOKLIN Leistungs-ID: 8113<\/span><\/p><p class=\"bodytext\">Bei der Glykogenspeicherkrankheit Typ IV handelt es sich um eine erbliche Fehlfunktion des Glukosestoffwechsels, die bei norwegischen Waldkatzen beschrieben ist. Glukose wird in der Leber, den Muskeln und den Nervenzellen in Form von Glykogen gespeichert. Ben\u00f6tigt der K\u00f6rper Energie so wird Glukose vom Glykogen abgespalten und als Energiequelle genutzt. Die F\u00e4higkeit, Glukose effizient an Glykogen zu binden und wieder abzuspalten, ist von der stark verzweigten Struktur des Glykogen abh\u00e4ngig. Das \"Glycogen Branching Enzym\" (GBE) ist n\u00f6tig f\u00fcr die Ausbildung dieser verzweigten Struktur. Ein Ausfall der GBE-Aktivit\u00e4t f\u00fchrt zu einer abnormalen Anh\u00e4ufung von Glykogen in verschiedenen Zelltypen was zu fortschreitenden Organfehlfunktionen f\u00fchrt. Betroffene Kitten sterben meist bei oder kurz nach der Geburt, vermutlich durch \u00dcberzuckerung (Hyperglyk\u00e4mie). Kitten, die den Geburtsvorgang \u00fcberleben, haben eine maximale Lebenserwartung von 10 - 14 Monaten, sie entwickeln sie sich zun\u00e4chst normal, bis es im Alter von ca. 5 Monaten zu einer fortschreitenden neuromuskul\u00e4ren Degeneration kommt, die letztendlich zum Tode f\u00fchrt. <\/p><table class=\"tx-laboklinleistung-table contenttable contenttable-2\" style=\"margin-top: 35px;\"><tr><td class=\"td-0\"><strong>Methode<\/strong><\/td><td class=\"td-1\"><p class=\"bodytext\">Fragmentl\u00e4ngenanalyse<\/p><\/td><\/tr><tr><td class=\"td-0\"><strong>Rasse<\/strong><\/td><td class=\"td-1\"><p class=\"bodytext\">Norwegische Waldkatze<\/p><\/td><\/tr><tr><td class=\"td-0\"><strong>Erbgang<\/strong><\/td><td class=\"td-1\"><p class=\"bodytext\">autosomal-rezessiv<\/p><\/td><\/tr><tr><td class=\"td-0\"><strong>Dauer<\/strong><\/td><td class=\"td-1\"><p class=\"bodytext\">1 - 2 Wochen nach Erhalt der Probe<\/p><\/td><\/tr><\/table>\n","protected":false},"excerpt":{"rendered":"<p>Glycogenspeicherkrankheit Typ 4 (GSD4)LABOKLIN Leistungs-ID: 8113Bei der Glykogenspeicherkrankheit Typ IV handelt es sich um eine erbliche Fehlfunktion des Glukosestoffwechsels, die bei norwegischen Waldkatzen beschrieben ist. Glukose wird in der Leber, den Muskeln und den Nervenzellen in Form von Glykogen gespeichert. Ben\u00f6tigt der K\u00f6rper Energie so wird Glukose vom Glykogen abgespalten und als Energiequelle genutzt. Die&hellip;<\/p>\n","protected":false},"author":1,"featured_media":0,"parent":1332703,"menu_order":2,"comment_status":"closed","ping_status":"closed","template":"","meta":{"_seopress_robots_primary_cat":"","_seopress_titles_title":"","_seopress_titles_desc":"","_seopress_robots_index":"","footnotes":""},"class_list":["post-1334315","page","type-page","status-publish","hentry","description-off"],"_links":{"self":[{"href":"https:\/\/laboklin.de\/de-at\/wp-json\/wp\/v2\/pages\/1334315","targetHints":{"allow":["GET"]}}],"collection":[{"href":"https:\/\/laboklin.de\/de-at\/wp-json\/wp\/v2\/pages"}],"about":[{"href":"https:\/\/laboklin.de\/de-at\/wp-json\/wp\/v2\/types\/page"}],"author":[{"embeddable":true,"href":"https:\/\/laboklin.de\/de-at\/wp-json\/wp\/v2\/users\/1"}],"replies":[{"embeddable":true,"href":"https:\/\/laboklin.de\/de-at\/wp-json\/wp\/v2\/comments?post=1334315"}],"version-history":[{"count":1,"href":"https:\/\/laboklin.de\/de-at\/wp-json\/wp\/v2\/pages\/1334315\/revisions"}],"predecessor-version":[{"id":1510669,"href":"https:\/\/laboklin.de\/de-at\/wp-json\/wp\/v2\/pages\/1334315\/revisions\/1510669"}],"up":[{"embeddable":true,"href":"https:\/\/laboklin.de\/de-at\/wp-json\/wp\/v2\/pages\/1332703"}],"wp:attachment":[{"href":"https:\/\/laboklin.de\/de-at\/wp-json\/wp\/v2\/media?parent=1334315"}],"curies":[{"name":"wp","href":"https:\/\/api.w.org\/{rel}","templated":true}]}}