{"id":1334313,"date":"2020-10-16T11:36:27","date_gmt":"2020-10-16T09:36:27","guid":{"rendered":"https:\/\/laboklin.de\/leistungen\/pathologie\/zytologie\/punktat-brust-bauchhoehle-zytologie-klinische-chemie\/"},"modified":"2025-02-20T09:57:04","modified_gmt":"2025-02-20T08:57:04","slug":"punktat-brust-bauchhoehle-zytologie-klinische-chemie","status":"publish","type":"page","link":"https:\/\/laboklin.de\/de-at\/leistungen\/pathologie\/zytologie\/punktat-brust-bauchhoehle-zytologie-klinische-chemie\/","title":{"rendered":"Brust-, Bauchh\u00f6hle &#8211; Zytologie + klinische Chemie"},"content":{"rendered":"<h3 class=\"csc-firstHeader\">K\u00f6rperh\u00f6hlenerguss (Brust-, Bauchh\u00f6hle) - Zytologie + klinische Chemie<\/h3><p><span>LABOKLIN Leistungs-ID: 205<\/span><\/p><table class=\"tx-laboklinleistung-table contenttable contenttable-2\" style=\"margin-top: 35px;\"><tr><td class=\"td-0\"><strong>Material<\/strong><\/td><td class=\"td-1\"><p class=\"bodytext\">Fl\u00fcssigkeit (2 ml) + Nativausstrich + Sedimentausstrich<\/p><\/td><\/tr><tr><td class=\"td-0\"><strong>Parameter<\/strong><\/td><td class=\"td-1\"><p class=\"bodytext\">Zytologie, Protein, Zellzahl, Rivalta (Katze), Cholesterin, Triglyceride, Albumin\/Globulin-Quotient<\/p><\/td><\/tr><tr><td class=\"td-0\"><strong>Methode<\/strong><\/td><td class=\"td-1\"><p class=\"bodytext\">Zytologie, Photometrie, Durchflusszytometrie, Rivalta (Katze)<\/p><\/td><\/tr><tr><td class=\"td-0\"><strong>Dauer<\/strong><\/td><td class=\"td-1\"><p class=\"bodytext\">2\u20134 Arbeitstage<\/p><\/td><\/tr><tr><td class=\"td-0\"><strong>Anmerkung<\/strong><\/td><td class=\"td-1\"><p class=\"bodytext\">Punktat f\u00fcr die klinisch-chemischen Untersuchungen bitte in neutralen R\u00f6hrchen nativ (auch f\u00fcr Bakteriologie geeignet) und zus\u00e4tzlich in einem EDTA-R\u00f6hrchen (bessere Zellmorphologie) schicken.<\/p><\/td><\/tr><\/table>\n","protected":false},"excerpt":{"rendered":"<p>K\u00f6rperh\u00f6hlenerguss (Brust-, Bauchh\u00f6hle) &#8211; Zytologie + klinische ChemieLABOKLIN Leistungs-ID: 205MaterialFl\u00fcssigkeit (2 ml) + Nativausstrich + SedimentausstrichParameterZytologie, Protein, Zellzahl, Rivalta (Katze), Cholesterin, Triglyceride, Albumin\/Globulin-QuotientMethodeZytologie, Photometrie, Durchflusszytometrie, Rivalta (Katze)Dauer2\u20134 ArbeitstageAnmerkungPunktat f\u00fcr die klinisch-chemischen Untersuchungen bitte in neutralen R\u00f6hrchen nativ (auch f\u00fcr Bakteriologie geeignet) und zus\u00e4tzlich in einem EDTA-R\u00f6hrchen (bessere Zellmorphologie) schicken.<\/p>\n","protected":false},"author":1,"featured_media":0,"parent":1332797,"menu_order":2,"comment_status":"closed","ping_status":"closed","template":"","meta":{"_seopress_robots_primary_cat":"","_seopress_titles_title":"","_seopress_titles_desc":"Spezialisten f\u00fcr Brust- und Bauchh\u00f6hlenproben: LABOKLIN Bad Kissingen - pr\u00e4zise Zytologie und klinische Chemie mit schnellen Ergebnissen.","_seopress_robots_index":"","footnotes":""},"class_list":["post-1334313","page","type-page","status-publish","hentry","description-off"],"_links":{"self":[{"href":"https:\/\/laboklin.de\/de-at\/wp-json\/wp\/v2\/pages\/1334313","targetHints":{"allow":["GET"]}}],"collection":[{"href":"https:\/\/laboklin.de\/de-at\/wp-json\/wp\/v2\/pages"}],"about":[{"href":"https:\/\/laboklin.de\/de-at\/wp-json\/wp\/v2\/types\/page"}],"author":[{"embeddable":true,"href":"https:\/\/laboklin.de\/de-at\/wp-json\/wp\/v2\/users\/1"}],"replies":[{"embeddable":true,"href":"https:\/\/laboklin.de\/de-at\/wp-json\/wp\/v2\/comments?post=1334313"}],"version-history":[{"count":1,"href":"https:\/\/laboklin.de\/de-at\/wp-json\/wp\/v2\/pages\/1334313\/revisions"}],"predecessor-version":[{"id":1506874,"href":"https:\/\/laboklin.de\/de-at\/wp-json\/wp\/v2\/pages\/1334313\/revisions\/1506874"}],"up":[{"embeddable":true,"href":"https:\/\/laboklin.de\/de-at\/wp-json\/wp\/v2\/pages\/1332797"}],"wp:attachment":[{"href":"https:\/\/laboklin.de\/de-at\/wp-json\/wp\/v2\/media?parent=1334313"}],"curies":[{"name":"wp","href":"https:\/\/api.w.org\/{rel}","templated":true}]}}