{"id":1334212,"date":"2020-10-16T11:36:27","date_gmt":"2020-10-16T09:36:27","guid":{"rendered":"https:\/\/laboklin.de\/leistungen\/vitamine-medikamentenspiegel-vergiftungen\/vitamine\/vitamin-b12\/"},"modified":"2025-01-29T12:45:36","modified_gmt":"2025-01-29T11:45:36","slug":"vitamin-b12","status":"publish","type":"page","link":"https:\/\/laboklin.de\/de-at\/leistungen\/vitamine-medikamentenspiegel-vergiftungen\/vitamine\/vitamin-b12\/","title":{"rendered":"Vitamin B12"},"content":{"rendered":"<h3 class=\"csc-firstHeader\">Vitamin B12<\/h3><p><span>LABOKLIN Leistungs-ID: 3004<\/span><\/p><table class=\"tx-laboklinleistung-table contenttable contenttable-2\" style=\"margin-top: 35px;\"><tr><td class=\"td-0\"><strong>Material<\/strong><\/td><td class=\"td-1\"><p class=\"bodytext\">Serum (oder evtl. auch Heparin-Plasma) 0,5 ml<\/p><\/td><\/tr><tr><td class=\"td-0\"><strong>Methode<\/strong><\/td><td class=\"td-1\"><p class=\"bodytext\">Chemoluminiszenzassay (CLIA)<\/p><\/td><\/tr><tr><td class=\"td-0\"><strong>Dauer<\/strong><\/td><td class=\"td-1\"><p class=\"bodytext\">Befund\u00fcbermittlung am Tag des Probeneingangs (Mo.\u2013Sa.)<\/p><\/td><\/tr><tr><td class=\"td-0\"><strong>Anmerkung<\/strong><\/td><td class=\"td-1\"><p class=\"bodytext\"><ul><li>Reduzierte Konzentrationen k\u00f6nnen auf eine intestinale Malabsorption hinweisen.<\/li><li>Erh\u00f6hte Konzentrationen sind meist Folge einer Supplementierung. Sie werden selten auch in Folge verschiedener Pathologien gesehen (bei <strong>Hunden<\/strong> und <strong>Katzen<\/strong>) insbesondere gastrointestinale und hepatobili\u00e4re Erkrankungen).<\/li><li><strong>Wiederk\u00e4uer:<\/strong> Die Synthese von Vitamin B 12 im Pansen kann nur in unzureichendem Ma\u00df stattfinden, wenn zu wenig Cobalt \u00fcber das Futter aufgenommen wird. Der Vitamin-B12-Mangel f\u00fchrt zu St\u00f6rungen des Energiestoffwechsels mit Fressunlust, Apathie, Wachstums- und Leistungsdepression und An\u00e4mie sowie evtl. Diarrh\u00f6e. <\/li><\/ul><\/p><\/td><\/tr><\/table>\n","protected":false},"excerpt":{"rendered":"<p>Vitamin B12LABOKLIN Leistungs-ID: 3004MaterialSerum (oder evtl. auch Heparin-Plasma) 0,5 mlMethodeChemoluminiszenzassay (CLIA)DauerBefund\u00fcbermittlung am Tag des Probeneingangs (Mo.\u2013Sa.)AnmerkungReduzierte Konzentrationen k\u00f6nnen auf eine intestinale Malabsorption hinweisen.Erh\u00f6hte Konzentrationen sind meist Folge einer Supplementierung. Sie werden selten auch in Folge verschiedener Pathologien gesehen (bei Hunden und Katzen) insbesondere gastrointestinale und hepatobili\u00e4re Erkrankungen).Wiederk\u00e4uer: Die Synthese von Vitamin B 12 im Pansen&hellip;<\/p>\n","protected":false},"author":1,"featured_media":0,"parent":1332766,"menu_order":2,"comment_status":"closed","ping_status":"closed","template":"","meta":{"_seopress_robots_primary_cat":"","_seopress_titles_title":"","_seopress_titles_desc":"","_seopress_robots_index":"","footnotes":""},"class_list":["post-1334212","page","type-page","status-publish","hentry","description-off"],"_links":{"self":[{"href":"https:\/\/laboklin.de\/de-at\/wp-json\/wp\/v2\/pages\/1334212","targetHints":{"allow":["GET"]}}],"collection":[{"href":"https:\/\/laboklin.de\/de-at\/wp-json\/wp\/v2\/pages"}],"about":[{"href":"https:\/\/laboklin.de\/de-at\/wp-json\/wp\/v2\/types\/page"}],"author":[{"embeddable":true,"href":"https:\/\/laboklin.de\/de-at\/wp-json\/wp\/v2\/users\/1"}],"replies":[{"embeddable":true,"href":"https:\/\/laboklin.de\/de-at\/wp-json\/wp\/v2\/comments?post=1334212"}],"version-history":[{"count":1,"href":"https:\/\/laboklin.de\/de-at\/wp-json\/wp\/v2\/pages\/1334212\/revisions"}],"predecessor-version":[{"id":1334215,"href":"https:\/\/laboklin.de\/de-at\/wp-json\/wp\/v2\/pages\/1334212\/revisions\/1334215"}],"up":[{"embeddable":true,"href":"https:\/\/laboklin.de\/de-at\/wp-json\/wp\/v2\/pages\/1332766"}],"wp:attachment":[{"href":"https:\/\/laboklin.de\/de-at\/wp-json\/wp\/v2\/media?parent=1334212"}],"curies":[{"name":"wp","href":"https:\/\/api.w.org\/{rel}","templated":true}]}}