{"id":1334210,"date":"2020-10-16T11:36:27","date_gmt":"2020-10-16T09:36:27","guid":{"rendered":"https:\/\/laboklin.de\/leistungen\/haematologie-klin-chemie-endokrinologie\/funktionstests-berechnungsformeln\/gallensaeuren-stimulationstest\/"},"modified":"2025-01-29T11:11:34","modified_gmt":"2025-01-29T10:11:34","slug":"gallensaeuren-stimulationstest","status":"publish","type":"page","link":"https:\/\/laboklin.de\/de-at\/leistungen\/haematologie-klin-chemie-endokrinologie\/funktionstests-berechnungsformeln\/gallensaeuren-stimulationstest\/","title":{"rendered":"Gallens\u00e4uren-Stimulationstest"},"content":{"rendered":"<h3 class=\"csc-firstHeader\">Gallens\u00e4uren-Stimulationstest<\/h3><p><span>LABOKLIN Leistungs-ID: 1128<\/span><\/p><p class=\"bodytext\"><br><\/p><table class=\"tx-laboklinleistung-table contenttable contenttable-2\" style=\"margin-top: 35px;\"><tr><td class=\"td-0\"><strong>Diagnose<\/strong><\/td><td class=\"td-1\"><p class=\"bodytext\">\u00dcberpr\u00fcfung der Leberfunktion<\/p><\/td><\/tr><tr><td class=\"td-0\"><strong>Material<\/strong><\/td><td class=\"td-1\"><p class=\"bodytext\">Serum 2 x 0,5 ml<\/p><\/td><\/tr><tr><td class=\"td-0\"><strong>Testdurchf&uuml;hrung<\/strong><\/td><td class=\"td-1\"><p><ul><li>Erste Serum-Probe = Wert nach N\u00fcchternphase (10 Stdn.) <\/li><li>F\u00fctterung von 100 g Fleisch plus 5 g Fett\/10 kg KGW<\/li><li>Zweite Serum-Probe 2 Stdn. nach der Nahrungsaufnahme = Postprandialwert<\/li><\/ul><\/p><\/td><\/tr><tr><td class=\"td-0\"><strong>Parameter<\/strong><\/td><td class=\"td-1\"><p class=\"bodytext\">Gallens\u00e4uren<\/p><\/td><\/tr><tr><td class=\"td-0\"><strong>Methode<\/strong><\/td><td class=\"td-1\"><p class=\"bodytext\">Photometrie<\/p><\/td><\/tr><tr><td class=\"td-0\"><strong>Tierart(en)<\/strong><\/td><td class=\"td-1\"><p class=\"bodytext\">Hund, Katze<\/p><\/td><\/tr><tr><td class=\"td-0\"><strong>Dauer<\/strong><\/td><td class=\"td-1\"><p class=\"bodytext\">Befund\u00fcbermittlung am Tag des Probeneingangs (Mo.-Sa.)<\/p><\/td><\/tr><tr><td class=\"td-0\"><strong>Bewertung<\/strong><\/td><td class=\"td-1\"><p>Erh\u00f6hte Konzentrationen von Gallens\u00e4uren im Serum (pr\u00e4- und\/oder postprandial) sind mit einer Leberfunktionsst\u00f6rung oder einem portosystemischen Shunt vereinbar. Insbesondere Konzentrationen unter 80-100 \u03bcmol\/l werden allerdings auch bei anderen Erkrankungen (z. B. Cushing-Syndrom, chronische Enteropathie) gesehen und sollten differentialdiagnostisch \u00fcberpr\u00fcft werden. Eine posthepatische Cholestase (Gallengangsobstruktion\/-ruptur) f\u00fchrt ebenfalls zum Anstieg der Gallens\u00e4uren-Konzentration im Blut.<\/p><\/td><\/tr><\/table>\n","protected":false},"excerpt":{"rendered":"<p>Gallens\u00e4uren-StimulationstestLABOKLIN Leistungs-ID: 1128Diagnose\u00dcberpr\u00fcfung der LeberfunktionMaterialSerum 2 x 0,5 mlTestdurchf&uuml;hrungErste Serum-Probe = Wert nach N\u00fcchternphase (10 Stdn.) F\u00fctterung von 100 g Fleisch plus 5 g Fett\/10 kg KGWZweite Serum-Probe 2 Stdn. nach der Nahrungsaufnahme = PostprandialwertParameterGallens\u00e4urenMethodePhotometrieTierart(en)Hund, KatzeDauerBefund\u00fcbermittlung am Tag des Probeneingangs (Mo.-Sa.)BewertungErh\u00f6hte Konzentrationen von Gallens\u00e4uren im Serum (pr\u00e4- und\/oder postprandial) sind mit einer Leberfunktionsst\u00f6rung oder einem&hellip;<\/p>\n","protected":false},"author":1,"featured_media":0,"parent":1332764,"menu_order":2,"comment_status":"closed","ping_status":"closed","template":"","meta":{"_seopress_robots_primary_cat":"","_seopress_titles_title":"","_seopress_titles_desc":"","_seopress_robots_index":"","footnotes":""},"class_list":["post-1334210","page","type-page","status-publish","hentry","description-off"],"_links":{"self":[{"href":"https:\/\/laboklin.de\/de-at\/wp-json\/wp\/v2\/pages\/1334210","targetHints":{"allow":["GET"]}}],"collection":[{"href":"https:\/\/laboklin.de\/de-at\/wp-json\/wp\/v2\/pages"}],"about":[{"href":"https:\/\/laboklin.de\/de-at\/wp-json\/wp\/v2\/types\/page"}],"author":[{"embeddable":true,"href":"https:\/\/laboklin.de\/de-at\/wp-json\/wp\/v2\/users\/1"}],"replies":[{"embeddable":true,"href":"https:\/\/laboklin.de\/de-at\/wp-json\/wp\/v2\/comments?post=1334210"}],"version-history":[{"count":1,"href":"https:\/\/laboklin.de\/de-at\/wp-json\/wp\/v2\/pages\/1334210\/revisions"}],"predecessor-version":[{"id":1504599,"href":"https:\/\/laboklin.de\/de-at\/wp-json\/wp\/v2\/pages\/1334210\/revisions\/1504599"}],"up":[{"embeddable":true,"href":"https:\/\/laboklin.de\/de-at\/wp-json\/wp\/v2\/pages\/1332764"}],"wp:attachment":[{"href":"https:\/\/laboklin.de\/de-at\/wp-json\/wp\/v2\/media?parent=1334210"}],"curies":[{"name":"wp","href":"https:\/\/api.w.org\/{rel}","templated":true}]}}