{"id":1334198,"date":"2020-10-16T11:36:27","date_gmt":"2020-10-16T09:36:27","guid":{"rendered":"https:\/\/laboklin.de\/leistungen\/haematologie-klin-chemie-endokrinologie\/klinisch-chemische-parameter\/substrate\/gallensaeuren\/"},"modified":"2025-01-28T12:55:11","modified_gmt":"2025-01-28T11:55:11","slug":"gallensaeuren","status":"publish","type":"page","link":"https:\/\/laboklin.de\/de-at\/leistungen\/haematologie-klin-chemie-endokrinologie\/klinisch-chemische-parameter\/substrate\/gallensaeuren\/","title":{"rendered":"Gallens\u00e4uren"},"content":{"rendered":"<h3 class=\"csc-firstHeader\">Gallens\u00e4uren<\/h3><p><span>LABOKLIN Leistungs-ID: 128<\/span><\/p><p class=\"bodytext\"><br><ul><li>Die Konzentration der Serum-Gallens\u00e4uren spiegelt die Leberfunktion wider.<\/li><li>Eine Erh\u00f6hung der Gallens\u00e4uren kann au\u00dfer beim Pferd auch auf einen portosystemischen Shunt hindeuten.<\/li><li>Einzelbestimmungen k\u00f6nnen trotz vorliegender entsprechender Erkrankung im Referenzbereich liegen; der Gallens\u00e4urenstimulationstest ist daher au\u00dfer beim Pferd vorzuziehen.<\/li><\/ul><\/p><table class=\"tx-laboklinleistung-table contenttable contenttable-2\" style=\"margin-top: 35px;\"><tr><td class=\"td-0\"><strong>Material<\/strong><\/td><td class=\"td-1\"><p class=\"bodytext\">Serum 0,5 ml (bei Omni- und Carnivoren <strong>Nahrungskarenz 12 h<\/strong> vor Blutabnahme)<br>Reptilien: Heparin-Plasma oder Serum 0,2 ml<\/p><\/td><\/tr><tr><td class=\"td-0\"><strong>Methode<\/strong><\/td><td class=\"td-1\"><p class=\"bodytext\">Photometrie<\/p><\/td><\/tr><tr><td class=\"td-0\"><strong>Dauer<\/strong><\/td><td class=\"td-1\"><p class=\"bodytext\">Befund\u00fcbermittlung am Tag des Probeneingangs (Mo.\u2013Sa.)<\/p><\/td><\/tr><\/table>\n","protected":false},"excerpt":{"rendered":"<p>Gallens\u00e4urenLABOKLIN Leistungs-ID: 128Die Konzentration der Serum-Gallens\u00e4uren spiegelt die Leberfunktion wider.Eine Erh\u00f6hung der Gallens\u00e4uren kann au\u00dfer beim Pferd auch auf einen portosystemischen Shunt hindeuten.Einzelbestimmungen k\u00f6nnen trotz vorliegender entsprechender Erkrankung im Referenzbereich liegen; der Gallens\u00e4urenstimulationstest ist daher au\u00dfer beim Pferd vorzuziehen.MaterialSerum 0,5 ml (bei Omni- und Carnivoren Nahrungskarenz 12 h vor Blutabnahme)Reptilien: Heparin-Plasma oder Serum 0,2 mlMethodePhotometrieDauerBefund\u00fcbermittlung&hellip;<\/p>\n","protected":false},"author":1,"featured_media":0,"parent":1332894,"menu_order":2,"comment_status":"closed","ping_status":"closed","template":"","meta":{"_seopress_robots_primary_cat":"","_seopress_titles_title":"","_seopress_titles_desc":"","_seopress_robots_index":"","footnotes":""},"class_list":["post-1334198","page","type-page","status-publish","hentry","description-off"],"_links":{"self":[{"href":"https:\/\/laboklin.de\/de-at\/wp-json\/wp\/v2\/pages\/1334198","targetHints":{"allow":["GET"]}}],"collection":[{"href":"https:\/\/laboklin.de\/de-at\/wp-json\/wp\/v2\/pages"}],"about":[{"href":"https:\/\/laboklin.de\/de-at\/wp-json\/wp\/v2\/types\/page"}],"author":[{"embeddable":true,"href":"https:\/\/laboklin.de\/de-at\/wp-json\/wp\/v2\/users\/1"}],"replies":[{"embeddable":true,"href":"https:\/\/laboklin.de\/de-at\/wp-json\/wp\/v2\/comments?post=1334198"}],"version-history":[{"count":1,"href":"https:\/\/laboklin.de\/de-at\/wp-json\/wp\/v2\/pages\/1334198\/revisions"}],"predecessor-version":[{"id":1504323,"href":"https:\/\/laboklin.de\/de-at\/wp-json\/wp\/v2\/pages\/1334198\/revisions\/1504323"}],"up":[{"embeddable":true,"href":"https:\/\/laboklin.de\/de-at\/wp-json\/wp\/v2\/pages\/1332894"}],"wp:attachment":[{"href":"https:\/\/laboklin.de\/de-at\/wp-json\/wp\/v2\/media?parent=1334198"}],"curies":[{"name":"wp","href":"https:\/\/api.w.org\/{rel}","templated":true}]}}