{"id":1334162,"date":"2021-02-02T10:16:19","date_gmt":"2021-02-02T09:16:19","guid":{"rendered":"https:\/\/laboklin.de\/leistungen\/wasseruntersuchungen\/traenkwasser\/traenkwasser-profile-chemische-und-physiko-chemische\/physiko-chemie\/"},"modified":"2021-02-02T10:16:19","modified_gmt":"2021-02-02T09:16:19","slug":"physiko-chemie","status":"publish","type":"page","link":"https:\/\/laboklin.de\/de-at\/leistungen\/wasseruntersuchungen\/traenkwasser\/traenkwasser-profile-chemische-und-physiko-chemische\/physiko-chemie\/","title":{"rendered":"Physiko-Chemie"},"content":{"rendered":"<div class=\"wpb-content-wrapper\"><p>[vc_row type=&#8220;vc_default&#8220;][vc_column][vc_column_text]<h3 class=\"csc-firstHeader\">Profil Tr\u00e4nkwasser - Physiko-Chemie <\/h3><p><span>LABOKLIN Leistungs-ID: 5032<\/span><\/p><table class=\"tx-laboklinleistung-table contenttable contenttable-2\" style=\"margin-top: 35px;\"><tr><td class=\"td-0\"><strong>Material<\/strong><\/td><td class=\"td-1\"><p class=\"bodytext\">Tr\u00e4nkwasser 250 ml, m\u00f6glichst gek\u00fchlt<\/p><\/td><\/tr><tr><td class=\"td-0\"><strong>Parameter<\/strong><\/td><td class=\"td-1\"><p class=\"bodytext\">Leitf\u00e4higkeit, chemischer Sauerstoffbedarf, pH, l\u00f6sliche Salze gesamt, Geruch, F\u00e4rbung, Tr\u00fcbung<\/p><\/td><\/tr><tr><td class=\"td-0\"><strong>Dauer<\/strong><\/td><td class=\"td-1\"><p class=\"bodytext\">1 - 2 Tage<\/p><\/td><\/tr><\/table>[\/vc_column_text][\/vc_column][\/vc_row]<\/p>\n<\/div>","protected":false},"excerpt":{"rendered":"<p>[vc_row type=&#8220;vc_default&#8220;][vc_column][vc_column_text][\/vc_column_text][\/vc_column][\/vc_row]<\/p>\n","protected":false},"author":1,"featured_media":0,"parent":1333238,"menu_order":2,"comment_status":"closed","ping_status":"closed","template":"","meta":{"_seopress_robots_primary_cat":"","_seopress_titles_title":"","_seopress_titles_desc":"","_seopress_robots_index":"","footnotes":""},"class_list":["post-1334162","page","type-page","status-publish","hentry","description-off"],"_links":{"self":[{"href":"https:\/\/laboklin.de\/de-at\/wp-json\/wp\/v2\/pages\/1334162","targetHints":{"allow":["GET"]}}],"collection":[{"href":"https:\/\/laboklin.de\/de-at\/wp-json\/wp\/v2\/pages"}],"about":[{"href":"https:\/\/laboklin.de\/de-at\/wp-json\/wp\/v2\/types\/page"}],"author":[{"embeddable":true,"href":"https:\/\/laboklin.de\/de-at\/wp-json\/wp\/v2\/users\/1"}],"replies":[{"embeddable":true,"href":"https:\/\/laboklin.de\/de-at\/wp-json\/wp\/v2\/comments?post=1334162"}],"version-history":[{"count":0,"href":"https:\/\/laboklin.de\/de-at\/wp-json\/wp\/v2\/pages\/1334162\/revisions"}],"up":[{"embeddable":true,"href":"https:\/\/laboklin.de\/de-at\/wp-json\/wp\/v2\/pages\/1333238"}],"wp:attachment":[{"href":"https:\/\/laboklin.de\/de-at\/wp-json\/wp\/v2\/media?parent=1334162"}],"curies":[{"name":"wp","href":"https:\/\/api.w.org\/{rel}","templated":true}]}}