{"id":1334140,"date":"2022-03-29T12:09:27","date_gmt":"2022-03-29T10:09:27","guid":{"rendered":"https:\/\/laboklin.de\/leistungen\/vitamine-medikamentenspiegel-vergiftungen\/vergiftungsnachweis\/colchicin\/"},"modified":"2025-01-29T12:56:22","modified_gmt":"2025-01-29T11:56:22","slug":"herbstzeitlose-colchicin","status":"publish","type":"page","link":"https:\/\/laboklin.de\/de-at\/leistungen\/vitamine-medikamentenspiegel-vergiftungen\/vergiftungsnachweis\/herbstzeitlose-colchicin\/","title":{"rendered":"Herbstzeitlose (Colchicin)"},"content":{"rendered":"<h3 class=\"csc-firstHeader\">Herbstzeitlose (Colchicin)<\/h3><p><span>LABOKLIN Leistungs-ID: 97<\/span><\/p><p class=\"bodytext\"><br>Colchicin ist das Hauptgift der Herbstzeitlosen. Pferde und andere Weidetiere (z.B. Rinder) k\u00f6nnen es \u00fcber Heu und Silage oder direkt auf der Weide aufnehmen. Eine Colchicin-Vergiftung f\u00fchrt zu starkem Speicheln, (blutigen) Durchf\u00e4llen, Ataxien und Koliken und kann zum Tod durch Ateml\u00e4hmung f\u00fchren. <br \/>\r\n<\/p><table class=\"tx-laboklinleistung-table contenttable contenttable-2\" style=\"margin-top: 35px;\"><tr><td class=\"td-0\"><strong>Material<\/strong><\/td><td class=\"td-1\"><p class=\"bodytext\">Harn 1 ml<\/p><\/td><\/tr><tr><td class=\"td-0\"><strong>Methode<\/strong><\/td><td class=\"td-1\"><p class=\"bodytext\">Fl\u00fcssigchromatographie-Massenspektrometrie (LCMS)<\/p><\/td><\/tr><tr><td class=\"td-0\"><strong>Tierart(en)<\/strong><\/td><td class=\"td-1\"><p class=\"bodytext\">Pferd, Esel, Wiederk\u00e4uer und andere (z.B. Hunde nach Medikation)<\/p><\/td><\/tr><tr><td class=\"td-0\"><strong>Dauer<\/strong><\/td><td class=\"td-1\"><p class=\"bodytext\">1\u20132 Arbeitstage<\/p><\/td><\/tr><tr><td class=\"td-0\"><strong>Anmerkung<\/strong><\/td><td class=\"td-1\"><p class=\"bodytext\">Colchicin f\u00e4llt beim <strong>Pferd<\/strong> in die Kategorie der dopingrelevanten Substanzen.<\/p><\/td><\/tr><\/table>\n","protected":false},"excerpt":{"rendered":"<p>Herbstzeitlose (Colchicin)LABOKLIN Leistungs-ID: 97Colchicin ist das Hauptgift der Herbstzeitlosen. Pferde und andere Weidetiere (z.B. Rinder) k\u00f6nnen es \u00fcber Heu und Silage oder direkt auf der Weide aufnehmen. Eine Colchicin-Vergiftung f\u00fchrt zu starkem Speicheln, (blutigen) Durchf\u00e4llen, Ataxien und Koliken und kann zum Tod durch Ateml\u00e4hmung f\u00fchren. MaterialHarn 1 mlMethodeFl\u00fcssigchromatographie-Massenspektrometrie (LCMS)Tierart(en)Pferd, Esel, Wiederk\u00e4uer und andere (z.B. Hunde&hellip;<\/p>\n","protected":false},"author":10,"featured_media":0,"parent":1332770,"menu_order":2,"comment_status":"closed","ping_status":"closed","template":"","meta":{"_seopress_robots_primary_cat":"","_seopress_titles_title":"","_seopress_titles_desc":"","_seopress_robots_index":"","footnotes":""},"class_list":["post-1334140","page","type-page","status-publish","hentry","description-off"],"_links":{"self":[{"href":"https:\/\/laboklin.de\/de-at\/wp-json\/wp\/v2\/pages\/1334140","targetHints":{"allow":["GET"]}}],"collection":[{"href":"https:\/\/laboklin.de\/de-at\/wp-json\/wp\/v2\/pages"}],"about":[{"href":"https:\/\/laboklin.de\/de-at\/wp-json\/wp\/v2\/types\/page"}],"author":[{"embeddable":true,"href":"https:\/\/laboklin.de\/de-at\/wp-json\/wp\/v2\/users\/10"}],"replies":[{"embeddable":true,"href":"https:\/\/laboklin.de\/de-at\/wp-json\/wp\/v2\/comments?post=1334140"}],"version-history":[{"count":2,"href":"https:\/\/laboklin.de\/de-at\/wp-json\/wp\/v2\/pages\/1334140\/revisions"}],"predecessor-version":[{"id":1490827,"href":"https:\/\/laboklin.de\/de-at\/wp-json\/wp\/v2\/pages\/1334140\/revisions\/1490827"}],"up":[{"embeddable":true,"href":"https:\/\/laboklin.de\/de-at\/wp-json\/wp\/v2\/pages\/1332770"}],"wp:attachment":[{"href":"https:\/\/laboklin.de\/de-at\/wp-json\/wp\/v2\/media?parent=1334140"}],"curies":[{"name":"wp","href":"https:\/\/api.w.org\/{rel}","templated":true}]}}