{"id":1334136,"date":"2022-05-20T11:57:31","date_gmt":"2022-05-20T09:57:31","guid":{"rendered":"https:\/\/laboklin.de\/leistungen\/genetik\/fellfarbe-haarstruktur\/katze\/fellfarbe-copal\/"},"modified":"2025-02-25T13:17:41","modified_gmt":"2025-02-25T12:17:41","slug":"fellfarbe-copal","status":"publish","type":"page","link":"https:\/\/laboklin.de\/de-at\/leistungen\/genetik\/fellfarbe-haarstruktur\/katze\/fellfarbe-copal\/","title":{"rendered":"Fellfarbe Copal"},"content":{"rendered":"<h3 class=\"csc-firstHeader\">Fellfarbe Copal<\/h3><p><span>LABOKLIN Leistungs-ID: 8774<\/span><\/p><p class=\"bodytext\">Eine Mutation im MC1R-Gen (E-Locus) in der Rasse Kurilen Bobtail bewirkt, dass sich die Fellfarbe von Kitten, die mit brauner Tabby-Fellfarbe mit einem warmen r\u00f6tlichen Ton geboren wurden, w\u00e4hrend ihres ersten Lebensjahres \u00e4ndert. Eumelanin verschwindet und erwachsene Katzen zeigen ein aprikotfarbenes Fell, das roten Katzen sehr \u00e4hnlich ist.<\/p><table class=\"tx-laboklinleistung-table contenttable contenttable-2\" style=\"margin-top: 35px;\"><tr><td class=\"td-0\"><strong>Methode<\/strong><\/td><td class=\"td-1\"><p class=\"bodytext\">Sequenzierung <\/p><\/td><\/tr><tr><td class=\"td-0\"><strong>Rasse<\/strong><\/td><td class=\"td-1\"><p class=\"bodytext\">Kurilen Bobtail<\/p><\/td><\/tr><tr><td class=\"td-0\"><strong>Dauer<\/strong><\/td><td class=\"td-1\"><p class=\"bodytext\">1 - 2 Wochen nach Erhalt der Probe <\/p><\/td><\/tr><\/table>\n","protected":false},"excerpt":{"rendered":"<p>Fellfarbe CopalLABOKLIN Leistungs-ID: 8774Eine Mutation im MC1R-Gen (E-Locus) in der Rasse Kurilen Bobtail bewirkt, dass sich die Fellfarbe von Kitten, die mit brauner Tabby-Fellfarbe mit einem warmen r\u00f6tlichen Ton geboren wurden, w\u00e4hrend ihres ersten Lebensjahres \u00e4ndert. Eumelanin verschwindet und erwachsene Katzen zeigen ein aprikotfarbenes Fell, das roten Katzen sehr \u00e4hnlich ist.MethodeSequenzierung RasseKurilen BobtailDauer1 &#8211; 2&hellip;<\/p>\n","protected":false},"author":10,"featured_media":0,"parent":1332719,"menu_order":2,"comment_status":"closed","ping_status":"closed","template":"","meta":{"_seopress_robots_primary_cat":"","_seopress_titles_title":"","_seopress_titles_desc":"","_seopress_robots_index":"","footnotes":""},"class_list":["post-1334136","page","type-page","status-publish","hentry","description-off"],"_links":{"self":[{"href":"https:\/\/laboklin.de\/de-at\/wp-json\/wp\/v2\/pages\/1334136","targetHints":{"allow":["GET"]}}],"collection":[{"href":"https:\/\/laboklin.de\/de-at\/wp-json\/wp\/v2\/pages"}],"about":[{"href":"https:\/\/laboklin.de\/de-at\/wp-json\/wp\/v2\/types\/page"}],"author":[{"embeddable":true,"href":"https:\/\/laboklin.de\/de-at\/wp-json\/wp\/v2\/users\/10"}],"replies":[{"embeddable":true,"href":"https:\/\/laboklin.de\/de-at\/wp-json\/wp\/v2\/comments?post=1334136"}],"version-history":[{"count":1,"href":"https:\/\/laboklin.de\/de-at\/wp-json\/wp\/v2\/pages\/1334136\/revisions"}],"predecessor-version":[{"id":1510851,"href":"https:\/\/laboklin.de\/de-at\/wp-json\/wp\/v2\/pages\/1334136\/revisions\/1510851"}],"up":[{"embeddable":true,"href":"https:\/\/laboklin.de\/de-at\/wp-json\/wp\/v2\/pages\/1332719"}],"wp:attachment":[{"href":"https:\/\/laboklin.de\/de-at\/wp-json\/wp\/v2\/media?parent=1334136"}],"curies":[{"name":"wp","href":"https:\/\/api.w.org\/{rel}","templated":true}]}}