{"id":1334123,"date":"2020-03-04T13:37:45","date_gmt":"2020-03-04T12:37:45","guid":{"rendered":"https:\/\/laboklin.de\/ueber-uns\/forschungsprojekte\/"},"modified":"2020-03-04T13:37:45","modified_gmt":"2020-03-04T12:37:45","slug":"forschungsprojekte","status":"publish","type":"page","link":"https:\/\/laboklin.de\/de-at\/ueber-uns\/forschungsprojekte\/","title":{"rendered":"Forschungsprojekte"},"content":{"rendered":"<div class=\"wpb-content-wrapper\"><p>[vc_row][vc_column][vc_column_text]LABOKLIN forscht zusammen mit Experten aus ganz Europa an einem Projekt um\u00a0Helminthen-Infektionen\u00a0bei Nutztieren zu kontrollieren. Titel des Projektes ist Gloworm.<br \/>\nVom 16. &#8211; 17. September 2013 fand die 2.Vollversammlung und wissenschaftliche Konferenz der Konsortiummitglieder in Dublin, Irland statt.<br \/>\nDie ersten Ergebnisse der verschiedenen Projektteile wurden vorgestellt und diskutiert.<br \/>\nVielversprechende Fortschritte zeigt die Entwicklung eines Multispezies-Test, durch die FU Berlin, welcher Antik\u00f6rper gegen Fasciola hepatica, Dictyocaulus vivparus, Ostertagia ostertagi, Haemonchus contortus und Cooperia oncophera aus Serum detektieren soll.<br \/>\nDesweiteren wurde bereits ein 10fach sensitiverer Test zur Bestimmung von H. contortus entwickelt (Moredun Research Institute).<br \/>\nEin dritter bereits in der Entwicklung befindlicher Test soll SNP\u2018s (single nucleotide polymorphism) detektieren, welche verantwortlich f\u00fcr die Resistenz der Helminthen gegen Benzimidazole sind.<br \/>\nEin weiteres Ziel von Gloworm stellt die Entwicklung von Transmissionsmodellen f\u00fcr verschiedene Nematodenspezies dar, welche in der Folge zu zielgerichteten Kontrollstrategien f\u00fchren sollen.<br \/>\nDie vier Spezies Ostertagia ostertagi, Cooperia oncophera, Teladorsagia circumcincta und Haemonchus contortus werden\u00a0 bereits bearbeitet.<br \/>\nDer Aufbau einer Datenbank zur Bereitstellung der Daten f\u00fcr r\u00e4umliche Transmissionsanalysen wird f\u00fcr Anfang kommenden Jahres erwartet.<br \/>\nDie Universit\u00e4t Ghent hat ein web-basiertes Programm vorgestellt, ParaCalc\u00ae, welches individuelle Kostenabsch\u00e4tzungen durchf\u00fchren kann, wenn parasit\u00e4re Infektionen im Bestand vorliegen oder Behandlungsversuche bereits durchgef\u00fchrt wurden.<\/p>\n<p>&nbsp;<\/p>\n<div class=\"hr-thin\"><\/div>\n<p>&nbsp;<\/p>\n<h3>LABOKLIN als Teil des Forschungsverbundes Tumordiagnostik f\u00fcr individualisierte Therapie FORTiTher<\/h3>\n<div class=\"csc-textpic csc-textpic-responsive\">\n<div class=\"csc-textpic-center csc-textpic-below\">\n<p class=\"bodytext\">Die Bayerische Forschungsstiftung f\u00f6rdert ab Juni 2019 f\u00fcr die n\u00e4chsten drei Jahre mit zwei Millionen Euro das Verbundprojekt FORTiTher, bestehend aus zw\u00f6lf Forschungsgruppen der Universit\u00e4ten in W\u00fcrzburg, Regensburg und M\u00fcnchen, dem Fraunhofer-Institut und 15 Partnern aus der bayerischen Wirtschaft. Schwerpunkt des Verbundprojektes ist die Entwicklung verschiedener neuer diagnostischer Verfahren zur individuellen Charakterisierung von Tumorzellen bei b\u00f6sartigen Krebserkrankungen von z.B. Prostata, Nebenniere und Knochenmark des Menschen.<br \/>\nLABOKLIN, in Bad Kissingen, ist als gro\u00dfes europ\u00e4isches \u201eDiagnostiklabor f\u00fcr Veterin\u00e4rmedizin\u201c in dem Forschungsverbund beteiligt. Ziel des interdisziplin\u00e4ren Projektes ist die Etablierung molekulargenetischer Testverfahren zur Pr\u00e4vention bestimmter Tumorerkrankungen des Hundes. Genetische Untersuchungen bei Tieren sind f\u00fcr Z\u00fcchter seit langem Routine, um verschiedene Fellvarianten (Kurzhaar \u2013 Langhaar \u2013 Kraushaar) zu prognostizieren oder z. B. vererbbare Augenerkrankungen (angeborener Star) f\u00fcr die Nachkommen zu vermeiden.<br \/>\nDie Erforschung erblich bedingter Anf\u00e4lligkeiten f\u00fcr Tumorerkrankungen, wie sie aus der Humanmedizin bekannt sind (z. B. sog. Brustkrebsgene), sind in der Tiermedizin bislang weitgehend unerforscht, obwohl Rassedispositionen f\u00fcr bestimmte Tumoren gut beschrieben sind. Hier sollen die neu entwickelten Testverfahren in Zukunft eine wichtige L\u00fccke schlie\u00dfen. Das Ziel der aktuellen Forschung ist, eine pr\u00e4ventive molekulargenetische Diagnostik f\u00fcr knocheninvasive Zehentumore bei pr\u00e4disponierten Hunderassen zu etablieren, und somit einen Beitrag zum Tierwohl zu liefern.<\/p>\n<p class=\"bodytext\"><a href=\"https:\/\/www.med.uni-wuerzburg.de\/fortither\/startseite\" target=\"_blank\" rel=\"noopener\">www.med.uni-wuerzburg.de\/fortither\/startseite<\/a><\/p>\n<div class=\"images\">\n<div class=\"csc-textpic-imagerow csc-textpic-imagerow-last csc-textpic-1-col\">\n<div class=\"col-xs-12 imagecolumn\">\n<figure class=\"csc-textpic-image csc-textpic-last\"><a class=\"swipebox\" title=\"LABOKLIN als Teil des Forschungsverbundes Tumordiagnostik f\u00fcr individualisierte Therapie FORTiTher\" href=\"https:\/\/laboklin.com\/fileadmin\/FILES\/user_upload\/csm_Startseite_FORTiTher_0af6790818.png\"><img decoding=\"async\" src=\"https:\/\/laboklin.com\/fileadmin\/FILES\/user_upload\/csm_Startseite_FORTiTher_0af6790818.png\" srcset=\"fileadmin\/FILES\/_processed_\/csm_csm_Startseite_FORTiTher_0af6790818_4da92f1d72.png 480w,fileadmin\/FILES\/_processed_\/csm_csm_Startseite_FORTiTher_0af6790818_1b6b70b474.png 800w,fileadmin\/FILES\/user_upload\/csm_Startseite_FORTiTher_0af6790818.png 960w,fileadmin\/FILES\/user_upload\/csm_Startseite_FORTiTher_0af6790818.png 1240w\" alt=\"\" \/><\/a><\/figure>\n<\/div>\n<\/div>\n<\/div>\n<\/div>\n<\/div>\n<h2>\n<div class=\"hr-thin\"><\/div>\n<\/h2>\n<h3>UPDATE zu dem Projekt:<\/h3>\n<p>Das Gloworm-Projekt ist seit 2015 abgeschlossen.<br \/>\nDer Abschlu\u00dfbericht ist hier erh\u00e4ltlich:<br \/>\n<a href=\"http:\/\/cordis.europa.eu\/result\/rcn\/171190_en.html\" target=\"_blank\" rel=\"noopener noreferrer\">http:\/\/cordis.europa.eu\/result\/rcn\/171190_en.html<\/a><\/p>\n<div class=\"csc-textpic csc-textpic-responsive\">\n<div class=\"csc-textpic-intext-right\">\n<div class=\"images col-xxs-12 col-xs-5\">\n<div class=\"csc-textpic-imagerow csc-textpic-imagerow-last csc-textpic-1-col\">\n<div class=\"col-xs-12 imagecolumn\">\n<figure class=\"csc-textpic-image csc-textpic-last\"><a class=\"swipebox\" title=\"UPDATE zu dem Projekt:\" href=\"https:\/\/laboklin.com\/fileadmin\/FILES\/Bilder\/Logos\/gloworm.png\"><img decoding=\"async\" src=\"https:\/\/laboklin.com\/fileadmin\/FILES\/Bilder\/Logos\/gloworm.png\" srcset=\"fileadmin\/FILES\/Bilder\/Logos\/gloworm.png 480w,fileadmin\/FILES\/Bilder\/Logos\/gloworm.png 800w,fileadmin\/FILES\/Bilder\/Logos\/gloworm.png 960w,fileadmin\/FILES\/Bilder\/Logos\/gloworm.png 1240w\" alt=\"\" \/><\/a><\/figure>\n<\/div>\n<\/div>\n<\/div>\n<\/div>\n<\/div>\n<p>[\/vc_column_text][\/vc_column][\/vc_row]<\/p>\n<\/div>","protected":false},"excerpt":{"rendered":"<p>[vc_row][vc_column][vc_column_text]LABOKLIN forscht zusammen mit Experten aus ganz Europa an einem Projekt um\u00a0Helminthen-Infektionen\u00a0bei Nutztieren zu kontrollieren. Titel des Projektes ist Gloworm. Vom 16. &#8211; 17. September 2013 fand die 2.Vollversammlung und wissenschaftliche Konferenz der Konsortiummitglieder in Dublin, Irland statt. Die ersten Ergebnisse der verschiedenen Projektteile wurden vorgestellt und diskutiert. Vielversprechende Fortschritte zeigt die Entwicklung eines Multispezies-Test,&hellip;<\/p>\n","protected":false},"author":1,"featured_media":0,"parent":1332631,"menu_order":1,"comment_status":"closed","ping_status":"closed","template":"","meta":{"_seopress_robots_primary_cat":"","_seopress_titles_title":"","_seopress_titles_desc":"","_seopress_robots_index":"","footnotes":""},"class_list":["post-1334123","page","type-page","status-publish","hentry","description-off"],"_links":{"self":[{"href":"https:\/\/laboklin.de\/de-at\/wp-json\/wp\/v2\/pages\/1334123","targetHints":{"allow":["GET"]}}],"collection":[{"href":"https:\/\/laboklin.de\/de-at\/wp-json\/wp\/v2\/pages"}],"about":[{"href":"https:\/\/laboklin.de\/de-at\/wp-json\/wp\/v2\/types\/page"}],"author":[{"embeddable":true,"href":"https:\/\/laboklin.de\/de-at\/wp-json\/wp\/v2\/users\/1"}],"replies":[{"embeddable":true,"href":"https:\/\/laboklin.de\/de-at\/wp-json\/wp\/v2\/comments?post=1334123"}],"version-history":[{"count":0,"href":"https:\/\/laboklin.de\/de-at\/wp-json\/wp\/v2\/pages\/1334123\/revisions"}],"up":[{"embeddable":true,"href":"https:\/\/laboklin.de\/de-at\/wp-json\/wp\/v2\/pages\/1332631"}],"wp:attachment":[{"href":"https:\/\/laboklin.de\/de-at\/wp-json\/wp\/v2\/media?parent=1334123"}],"curies":[{"name":"wp","href":"https:\/\/api.w.org\/{rel}","templated":true}]}}