{"id":1334114,"date":"2020-09-22T11:27:06","date_gmt":"2020-09-22T09:27:06","guid":{"rendered":"https:\/\/laboklin.de\/start-karriere-bei-laboklin\/offene-stellen-laboklin\/mta-w-m-d-fuer-die-mikrobiologie-pathologie\/"},"modified":"2020-09-22T11:27:06","modified_gmt":"2020-09-22T09:27:06","slug":"mta-w-m-d-fuer-die-mikrobiologie-pathologie","status":"publish","type":"page","link":"https:\/\/laboklin.de\/de-at\/start-karriere-bei-laboklin\/offene-stellen-laboklin\/mta-w-m-d-fuer-die-mikrobiologie-pathologie\/","title":{"rendered":"MTA (w\/m\/d) f\u00fcr die Mikrobiologie\/Pathologie"},"content":{"rendered":"<div class=\"wpb-content-wrapper\"><p>[vc_row][vc_column][vc_column_text]<strong><span style=\"color: #808080;\">Zur Verst\u00e4rkung unseres Teams in Bad Kissingen suchen wir in Vollzeit:<\/span><\/strong><\/p>\n<p>&nbsp;<\/p>\n<h1>MTA (w\/m\/d) f\u00fcr die Mikrobiologie\/Pathologie<\/h1>\n<p>&nbsp;<\/p>\n<h5><strong>Zu Ihren T\u00e4tigkeiten geh\u00f6ren unter anderem:<\/strong><\/h5>\n<p>\u25aa Bakteriologische Diagnostik von Varia- und Stuhlproben verschiedener Tierarten,<br \/>\n\u25aa parasitologische Auswertung von spezifisch angereicherten Kotproben von Tieren,<br \/>\n\u25aa Auswertung von Hygiene-Proben (Abklatsch- und Sp\u00fclproben),<br \/>\n\u25aa Durchf\u00fchrung von ELISAs zum Nachweis von Virusantigen und Protozoen-Antigen.<\/p>\n<h5><strong>Ihre Vorteile bei LABOKLIN:<\/strong><\/h5>\n<p>\u25aa Ein engagiertes und motiviertes Team in famili\u00e4rer Arbeitsumgebung,<br \/>\n\u25aa abwechslungsreiche Aufgaben und vor allem Spa\u00df bei der Arbeit,<br \/>\n\u25aa kostenfreie Getr\u00e4nke &amp; ausreichend Mitarbeiterparkpl\u00e4tze,<br \/>\n\u25aa angemessene Verg\u00fctung sowie verm\u00f6genswirksame Leistungen und eine betriebliche Altersvorsorge,<br \/>\n\u25aa bedarfsgerechte und flexible Arbeitszeitanpassung sowie<br \/>\n\u25aa pers\u00f6nliche Entwicklung durch Fort- und Weiterbildungsm\u00f6glichkeiten.<br \/>\nWir bei LABOKLIN leben Familienfreundlichkeit und sind Mitglied im \u201eFamilienpakt Bayern\u201c \u2013 weitere Infos unter www.familienpakt-bayern.de. Was noch erw\u00e4hnenswert ist: Bad Kissingen, Standort unserer Unternehmenszentrale, geh\u00f6rt zu den Kommunen, die von der IHK das Qualit\u00e4tszeichen &#8222;Ausgezeichneter Wohnort f\u00fcr Fachkr\u00e4fte&#8220; verliehen bekommen haben.<\/p>\n<h5><strong>Das bringen Sie mit: <\/strong><\/h5>\n<p>Bei uns sind sowohl ausgebildete MTAs (w\/m\/d) mit Berufserfahrung herzlich willkommen, als auch lernwillige Berufseinsteiger. Bei uns ist f\u00fcr jeden was dabei! Erfahrungen im Bereich der Mikrobiologie\/Pathologie sind vorteilhaft, aber keine Voraussetzung.<\/p>\n<p><strong>Sie m\u00f6chten Teil unserer wachsenden LABOKLIN-Familie werden?<\/strong> Dann senden Sie uns bitte Ihre vollst\u00e4ndigen und aussagekr\u00e4ftigen Bewerbungsunterlagen zu, inklusive Gehaltsvorstellung und Angabe Ihres fr\u00fchestm\u00f6glichen Eintrittstermins.<\/p>\n<p><span style=\"color: #ff0000;\"><strong>Nutzen Sie am besten gleich unser Online-Bewerbungsformular oder bewerben Sie sich<\/strong><\/span>[\/vc_column_text][vc_row_inner css=&#8220;.vc_custom_1600932356481{margin-top: 5px !important;}&#8220;][vc_column_inner width=&#8220;1\/3&#8243;][vc_column_text]<strong><span style=\"color: #ff0000;\">per E-Mail:<\/span><\/strong><br \/>\n<a href=\"mailto:jobs@laboklin.com\">jobs@laboklin.com<\/a>[\/vc_column_text][\/vc_column_inner][vc_column_inner width=&#8220;1\/3&#8243;][vc_column_text]<strong><span style=\"color: #ff0000;\">per Post:<\/span><\/strong><br \/>\nLABOKLIN GmbH &amp; Co. KG<br \/>\nPersonal<br \/>\nSteubenstra\u00dfe 4<br \/>\n97688 Bad Kissingen[\/vc_column_text][\/vc_column_inner][vc_column_inner width=&#8220;1\/3&#8243;][\/vc_column_inner][\/vc_row_inner][\/vc_column][\/vc_row][vc_row type=&#8220;vc_default&#8220; css=&#8220;.vc_custom_1600937520353{margin-top: 20px !important;margin-bottom: 20px !important;}&#8220;][vc_column css=&#8220;.vc_custom_1600937472193{margin-top: 10px !important;}&#8220;][vc_separator color=&#8220;custom&#8220; style=&#8220;shadow&#8220; css_animation=&#8220;fadeIn&#8220; accent_color=&#8220;#e51e1e&#8220;][\/vc_column][\/vc_row][vc_row][vc_column][vc_tta_accordion active_section=&#8220;&#8220; collapsible_all=&#8220;true&#8220;][vc_tta_section i_icon_fontawesome=&#8220;fas fa-external-link-alt&#8220; add_icon=&#8220;true&#8220; title=&#8220;Jetzt ONLINE bewerben!&#8220; tab_id=&#8220;1601360641100-f158a246-72bb&#8220;]<strong>Error:<\/strong> Super Forms could not find a form with ID: 4930[\/vc_tta_section][\/vc_tta_accordion][\/vc_column][\/vc_row][vc_row][vc_column][\/vc_column][\/vc_row]<\/p>\n<\/div>","protected":false},"excerpt":{"rendered":"<p>[vc_row][vc_column][vc_column_text]Zur Verst\u00e4rkung unseres Teams in Bad Kissingen suchen wir in Vollzeit: &nbsp; MTA (w\/m\/d) f\u00fcr die Mikrobiologie\/Pathologie &nbsp; Zu Ihren T\u00e4tigkeiten geh\u00f6ren unter anderem: \u25aa Bakteriologische Diagnostik von Varia- und Stuhlproben verschiedener Tierarten, \u25aa parasitologische Auswertung von spezifisch angereicherten Kotproben von Tieren, \u25aa Auswertung von Hygiene-Proben (Abklatsch- und Sp\u00fclproben), \u25aa Durchf\u00fchrung von ELISAs zum Nachweis&hellip;<\/p>\n","protected":false},"author":1,"featured_media":0,"parent":1332643,"menu_order":1,"comment_status":"closed","ping_status":"closed","template":"","meta":{"_seopress_robots_primary_cat":"","_seopress_titles_title":"","_seopress_titles_desc":"","_seopress_robots_index":"","footnotes":""},"class_list":["post-1334114","page","type-page","status-publish","hentry","description-off"],"_links":{"self":[{"href":"https:\/\/laboklin.de\/de-at\/wp-json\/wp\/v2\/pages\/1334114","targetHints":{"allow":["GET"]}}],"collection":[{"href":"https:\/\/laboklin.de\/de-at\/wp-json\/wp\/v2\/pages"}],"about":[{"href":"https:\/\/laboklin.de\/de-at\/wp-json\/wp\/v2\/types\/page"}],"author":[{"embeddable":true,"href":"https:\/\/laboklin.de\/de-at\/wp-json\/wp\/v2\/users\/1"}],"replies":[{"embeddable":true,"href":"https:\/\/laboklin.de\/de-at\/wp-json\/wp\/v2\/comments?post=1334114"}],"version-history":[{"count":0,"href":"https:\/\/laboklin.de\/de-at\/wp-json\/wp\/v2\/pages\/1334114\/revisions"}],"up":[{"embeddable":true,"href":"https:\/\/laboklin.de\/de-at\/wp-json\/wp\/v2\/pages\/1332643"}],"wp:attachment":[{"href":"https:\/\/laboklin.de\/de-at\/wp-json\/wp\/v2\/media?parent=1334114"}],"curies":[{"name":"wp","href":"https:\/\/api.w.org\/{rel}","templated":true}]}}