{"id":1334090,"date":"2020-10-16T11:36:26","date_gmt":"2020-10-16T09:36:26","guid":{"rendered":"https:\/\/laboklin.de\/leistungen\/profile\/profile-screenings-kleinsaeuger-voegel-reptilien-fische\/wasserprofile-fische\/kombi-wasserprofil-bakteriologie-aerob\/"},"modified":"2025-01-27T12:22:59","modified_gmt":"2025-01-27T11:22:59","slug":"kombi-wasserprofil-bakteriologie-aerob","status":"publish","type":"page","link":"https:\/\/laboklin.de\/de-at\/leistungen\/profile\/profile-screenings-kleinsaeuger-voegel-reptilien-fische\/wasserprofile-fische\/kombi-wasserprofil-bakteriologie-aerob\/","title":{"rendered":"Kombi-Wasserprofil + Bakteriologie (aerob)"},"content":{"rendered":"<h3 class=\"csc-firstHeader\">Kombi-Wasserprofil + Bakteriologie (aerob)<\/h3><p><span>LABOKLIN Leistungs-ID: 1483<\/span><\/p><table class=\"tx-laboklinleistung-table contenttable contenttable-2\" style=\"margin-top: 35px;\"><tr><td class=\"td-0\"><strong>Material<\/strong><\/td><td class=\"td-1\"><p class=\"bodytext\">500 ml Wasser (m\u00f6glichst gek\u00fchlt) + Tupfer mit Medium (z.B. Kiemen, Wunden), Gewebe<\/p><\/td><\/tr><tr><td class=\"td-0\"><strong>Parameter<\/strong><\/td><td class=\"td-1\"><p class=\"bodytext\">pH-Wert, Gesamth\u00e4rte (S\u00fc\u00dfwasser), Leitwert (Salzwasser), Karbonath\u00e4rte <br>Nitrat, Nitrit, Phosphat, Kupfer, Ammonium<br>Bakteriologie (aerob)<\/p><\/td><\/tr><tr><td class=\"td-0\"><strong>Dauer<\/strong><\/td><td class=\"td-1\"><p class=\"bodytext\">2 - 7 Tage<\/p><\/td><\/tr><tr><td class=\"td-0\"><strong>Anmerkung<\/strong><\/td><td class=\"td-1\"><p class=\"bodytext\"><ul><li>Bitte geben Sie an, ob es sich um eine S\u00fc\u00df- oder Salzwasserprobe handelt.<\/li> <li>Bestimmung der wesentlichen chemischen Wasserparameter eines Aquariums\/Teiches<\/li> <li>zur Abkl\u00e4rung von Intoxikationen, Differentialdiagnostik bei Verdacht auf infekti\u00f6se Fischkrankheiten oder zur Einstellung idealer Haltungs-\/Zuchtbedingungen<\/li><li>Beurteilung des S\u00e4ure-Basen-Gleichgewichts (z.B. pH-Wert, Karbonath\u00e4rte), der organischen Belastung des Gew\u00e4ssers (z.B. Ammonium, Nitrit, Nitrat) und der Reinigungsleistung des Filters<\/li><li>Die Bestimmung von Phosphat und Kupfer ist bei Algenproblemen oder dem Verdacht einer Kupferintoxikation insbesondere bei Wirbellosen angezeigt.<\/li><\/ul><\/p><\/td><\/tr><\/table>\n","protected":false},"excerpt":{"rendered":"<p>Kombi-Wasserprofil + Bakteriologie (aerob)LABOKLIN Leistungs-ID: 1483Material500 ml Wasser (m\u00f6glichst gek\u00fchlt) + Tupfer mit Medium (z.B. Kiemen, Wunden), GewebeParameterpH-Wert, Gesamth\u00e4rte (S\u00fc\u00dfwasser), Leitwert (Salzwasser), Karbonath\u00e4rte Nitrat, Nitrit, Phosphat, Kupfer, AmmoniumBakteriologie (aerob)Dauer2 &#8211; 7 TageAnmerkungBitte geben Sie an, ob es sich um eine S\u00fc\u00df- oder Salzwasserprobe handelt. Bestimmung der wesentlichen chemischen Wasserparameter eines Aquariums\/Teiches zur Abkl\u00e4rung von Intoxikationen,&hellip;<\/p>\n","protected":false},"author":1,"featured_media":0,"parent":1332846,"menu_order":1,"comment_status":"closed","ping_status":"closed","template":"","meta":{"_seopress_robots_primary_cat":"","_seopress_titles_title":"","_seopress_titles_desc":"","_seopress_robots_index":"","footnotes":""},"class_list":["post-1334090","page","type-page","status-publish","hentry","description-off"],"_links":{"self":[{"href":"https:\/\/laboklin.de\/de-at\/wp-json\/wp\/v2\/pages\/1334090","targetHints":{"allow":["GET"]}}],"collection":[{"href":"https:\/\/laboklin.de\/de-at\/wp-json\/wp\/v2\/pages"}],"about":[{"href":"https:\/\/laboklin.de\/de-at\/wp-json\/wp\/v2\/types\/page"}],"author":[{"embeddable":true,"href":"https:\/\/laboklin.de\/de-at\/wp-json\/wp\/v2\/users\/1"}],"replies":[{"embeddable":true,"href":"https:\/\/laboklin.de\/de-at\/wp-json\/wp\/v2\/comments?post=1334090"}],"version-history":[{"count":1,"href":"https:\/\/laboklin.de\/de-at\/wp-json\/wp\/v2\/pages\/1334090\/revisions"}],"predecessor-version":[{"id":1503808,"href":"https:\/\/laboklin.de\/de-at\/wp-json\/wp\/v2\/pages\/1334090\/revisions\/1503808"}],"up":[{"embeddable":true,"href":"https:\/\/laboklin.de\/de-at\/wp-json\/wp\/v2\/pages\/1332846"}],"wp:attachment":[{"href":"https:\/\/laboklin.de\/de-at\/wp-json\/wp\/v2\/media?parent=1334090"}],"curies":[{"name":"wp","href":"https:\/\/api.w.org\/{rel}","templated":true}]}}