{"id":1334066,"date":"2020-10-16T11:36:27","date_gmt":"2020-10-16T09:36:27","guid":{"rendered":"https:\/\/laboklin.de\/leistungen\/genetik\/molekularbiologische-tierartendifferenzierung\/grenzen\/"},"modified":"2020-10-16T11:36:27","modified_gmt":"2020-10-16T09:36:27","slug":"grenzen","status":"publish","type":"page","link":"https:\/\/laboklin.de\/de-at\/leistungen\/genetik\/molekularbiologische-tierartendifferenzierung\/grenzen\/","title":{"rendered":"Grenzen"},"content":{"rendered":"<div class=\"wpb-content-wrapper\"><p>[vc_row][vc_column][vc_column_text]Grenzen der molekularbiologischen Tierartendifferenzierung ergeben sich zum einen durch die DNA-Qualit\u00e4t, die entscheidend vom Zustand der Probe abh\u00e4ngt. So wird DNA durch sog. DNAsen sehr schnell abgebaut, wenn sie nicht mehr zellgebunden vorliegt. Eine \u00dcberwucherung der Probe mit Bakterien oder Pilzen erschwert die Isolation der eigentlich zu untersuchenden DNA.<\/p>\n<p>Ein weiteres Problem stellen DNA-Gemische dar. So muss man beispielsweise damit rechnen, dass man im Kot von Katzen auch DNA von M\u00e4usen oder Schweinen (Fertigfutter) finden kann.<\/p>\n<p>Zum anderen ergeben sich Einschr\u00e4nkungen bei den zu bestimmenden Tierarten. Die gew\u00e4hlten Primer decken sehr viele Arten ab. So konnten wir bisher bereits Hund, Katze, Wildkatze, Geweihtr\u00e4ger (Reh, Dammwild), Wildschwein, Wolf, Pferd, Ziege, Schaf, Marder (Hermelin) in der universellen PCR nachweisen. Alle Arten abzudecken, ist kaum m\u00f6glich, da die Unterschiede ab einer bestimmten Zahl zu gro\u00df werden. Zus\u00e4tzlich sind nicht von allen Tierarten die Sequenzen bekannt. Dies trifft insbesondere f\u00fcr Exoten zu.<br \/>\nWenn schon ein bestimmter Verdacht genannt wird, besteht auch die M\u00f6glichkeit, mit spezifischeren Primern ein Gen zu amplifizieren, welches wiederum \u00fcber Sequenzierung und Datenabgleich auf die Spur des T\u00e4ters f\u00fchrt.<\/p>\n<p>Alles in allem erm\u00f6glicht dieser neue Service eine Vielzahl von Anwendungen und gibt Antworten auf viele Fragen. Die Liste der bereits identifizierten Tiere sowie der zu identifizierenden Arten wird laufend erweitert. Ein Telefongespr\u00e4ch im Vorfeld kann hier Klarheit schaffen. Auch f\u00fcr weitere Informationen zu diesem und anderen Themen stehen wir Ihnen gerne telefonisch oder per email zur Verf\u00fcgung.[\/vc_column_text][\/vc_column][\/vc_row][vc_row][vc_column][vc_column_text]<div class=\"vc_tta-panels-container\"><div class=\"vc_tta-panels\"><\/div><\/div>[\/vc_column_text][\/vc_column][\/vc_row]<\/p>\n<\/div>","protected":false},"excerpt":{"rendered":"<p>[vc_row][vc_column][vc_column_text]Grenzen der molekularbiologischen Tierartendifferenzierung ergeben sich zum einen durch die DNA-Qualit\u00e4t, die entscheidend vom Zustand der Probe abh\u00e4ngt. So wird DNA durch sog. DNAsen sehr schnell abgebaut, wenn sie nicht mehr zellgebunden vorliegt. Eine \u00dcberwucherung der Probe mit Bakterien oder Pilzen erschwert die Isolation der eigentlich zu untersuchenden DNA. Ein weiteres Problem stellen DNA-Gemische dar.&hellip;<\/p>\n","protected":false},"author":1,"featured_media":0,"parent":1332695,"menu_order":1,"comment_status":"closed","ping_status":"closed","template":"","meta":{"_seopress_robots_primary_cat":"","_seopress_titles_title":"","_seopress_titles_desc":"","_seopress_robots_index":"","footnotes":""},"class_list":["post-1334066","page","type-page","status-publish","hentry","description-off"],"_links":{"self":[{"href":"https:\/\/laboklin.de\/de-at\/wp-json\/wp\/v2\/pages\/1334066","targetHints":{"allow":["GET"]}}],"collection":[{"href":"https:\/\/laboklin.de\/de-at\/wp-json\/wp\/v2\/pages"}],"about":[{"href":"https:\/\/laboklin.de\/de-at\/wp-json\/wp\/v2\/types\/page"}],"author":[{"embeddable":true,"href":"https:\/\/laboklin.de\/de-at\/wp-json\/wp\/v2\/users\/1"}],"replies":[{"embeddable":true,"href":"https:\/\/laboklin.de\/de-at\/wp-json\/wp\/v2\/comments?post=1334066"}],"version-history":[{"count":0,"href":"https:\/\/laboklin.de\/de-at\/wp-json\/wp\/v2\/pages\/1334066\/revisions"}],"up":[{"embeddable":true,"href":"https:\/\/laboklin.de\/de-at\/wp-json\/wp\/v2\/pages\/1332695"}],"wp:attachment":[{"href":"https:\/\/laboklin.de\/de-at\/wp-json\/wp\/v2\/media?parent=1334066"}],"curies":[{"name":"wp","href":"https:\/\/api.w.org\/{rel}","templated":true}]}}