{"id":1334054,"date":"2020-10-16T11:36:27","date_gmt":"2020-10-16T09:36:27","guid":{"rendered":"https:\/\/laboklin.de\/leistungen\/genetik\/erbkrankheiten\/wiederkaeuer\/zwicke-rind\/"},"modified":"2025-10-09T14:33:17","modified_gmt":"2025-10-09T12:33:17","slug":"zwicke-rind","status":"publish","type":"page","link":"https:\/\/laboklin.de\/de-at\/leistungen\/genetik\/erbkrankheiten\/wiederkaeuer\/zwicke-rind\/","title":{"rendered":"Zwicke (Rind)"},"content":{"rendered":"<h3 class=\"csc-firstHeader\">Zwicke (Rind)<\/h3><p><span>LABOKLIN Leistungs-ID: 8049<\/span><\/p><p class=\"bodytext\"><br>Bei verschieden geschlechtlichen Zwillingen treten durch \u00dcbertragung m\u00e4nnlicher Zellen auf den weiblichen Embryo w\u00e4hrend der Tr\u00e4chtigkeit zu ca. 90% unfruchtbare, \u00e4u\u00dferlich weibliche K\u00e4lber auf, sog. Zwicken. Bereits bei neugeborenen, verschieden geschlechtlichen Zwillingen k\u00f6nnen die ph\u00e4notypisch weiblichen K\u00e4lber darauf untersucht werden, ob sie sich als Zwicken entwickeln.<\/p><table class=\"tx-laboklinleistung-table contenttable contenttable-2\" style=\"margin-top: 35px;\"><tr><td class=\"td-0\"><strong>Material<\/strong><\/td><td class=\"td-1\"><p class=\"bodytext\">EDTA-Blut 1 ml<\/p><\/td><\/tr><tr><td class=\"td-0\"><strong>Tierart(en)<\/strong><\/td><td class=\"td-1\"><p class=\"bodytext\">Rind (alle Rassen)<\/p><\/td><\/tr><tr><td class=\"td-0\"><strong>Dauer<\/strong><\/td><td class=\"td-1\"><p class=\"bodytext\">3 - 5 Werktage nach Erhalt der Probe<\/p><\/td><\/tr><\/table>\n","protected":false},"excerpt":{"rendered":"<p>Zwicke (Rind)LABOKLIN Leistungs-ID: 8049Bei verschieden geschlechtlichen Zwillingen treten durch \u00dcbertragung m\u00e4nnlicher Zellen auf den weiblichen Embryo w\u00e4hrend der Tr\u00e4chtigkeit zu ca. 90% unfruchtbare, \u00e4u\u00dferlich weibliche K\u00e4lber auf, sog. Zwicken. Bereits bei neugeborenen, verschieden geschlechtlichen Zwillingen k\u00f6nnen die ph\u00e4notypisch weiblichen K\u00e4lber darauf untersucht werden, ob sie sich als Zwicken entwickeln.MaterialEDTA-Blut 1 mlTierart(en)Rind (alle Rassen)Dauer3 &#8211; 5&hellip;<\/p>\n","protected":false},"author":1,"featured_media":0,"parent":1332712,"menu_order":1,"comment_status":"closed","ping_status":"closed","template":"","meta":{"_seopress_robots_primary_cat":"","_seopress_titles_title":"","_seopress_titles_desc":"","_seopress_robots_index":"","footnotes":""},"class_list":["post-1334054","page","type-page","status-publish","hentry","description-off"],"_links":{"self":[{"href":"https:\/\/laboklin.de\/de-at\/wp-json\/wp\/v2\/pages\/1334054","targetHints":{"allow":["GET"]}}],"collection":[{"href":"https:\/\/laboklin.de\/de-at\/wp-json\/wp\/v2\/pages"}],"about":[{"href":"https:\/\/laboklin.de\/de-at\/wp-json\/wp\/v2\/types\/page"}],"author":[{"embeddable":true,"href":"https:\/\/laboklin.de\/de-at\/wp-json\/wp\/v2\/users\/1"}],"replies":[{"embeddable":true,"href":"https:\/\/laboklin.de\/de-at\/wp-json\/wp\/v2\/comments?post=1334054"}],"version-history":[{"count":2,"href":"https:\/\/laboklin.de\/de-at\/wp-json\/wp\/v2\/pages\/1334054\/revisions"}],"predecessor-version":[{"id":1566681,"href":"https:\/\/laboklin.de\/de-at\/wp-json\/wp\/v2\/pages\/1334054\/revisions\/1566681"}],"up":[{"embeddable":true,"href":"https:\/\/laboklin.de\/de-at\/wp-json\/wp\/v2\/pages\/1332712"}],"wp:attachment":[{"href":"https:\/\/laboklin.de\/de-at\/wp-json\/wp\/v2\/media?parent=1334054"}],"curies":[{"name":"wp","href":"https:\/\/api.w.org\/{rel}","templated":true}]}}