{"id":1334044,"date":"2020-10-16T11:36:27","date_gmt":"2020-10-16T09:36:27","guid":{"rendered":"https:\/\/laboklin.de\/leistungen\/profile\/profile-hygiene\/hygiene-monitoring-heissluftsterilisator-flaechendesinfektion\/"},"modified":"2025-01-28T10:24:38","modified_gmt":"2025-01-28T09:24:38","slug":"hygiene-monitoring-heissluftsterilisator-flaechendesinfektion","status":"publish","type":"page","link":"https:\/\/laboklin.de\/de-at\/leistungen\/profile\/profile-hygiene\/hygiene-monitoring-heissluftsterilisator-flaechendesinfektion\/","title":{"rendered":"Hygiene-Monitoring &#8211; Hei\u00dfluftsterilisator + Fl\u00e4chendesinfektion"},"content":{"rendered":"<h3 class=\"csc-firstHeader\">Hygiene-Monitoring - Hei\u00dfluftsterilisator + Fl\u00e4chendesinfektion<\/h3><p><span>LABOKLIN Leistungs-ID: 6409<\/span><\/p><p class=\"bodytext\"><br><\/p><table class=\"tx-laboklinleistung-table contenttable contenttable-2\" style=\"margin-top: 35px;\"><tr><td class=\"td-0\"><strong>Material<\/strong><\/td><td class=\"td-1\"><p class=\"bodytext\">6 Bioindikatoren + 3 Abklatschplatten <\/p><\/td><\/tr><tr><td class=\"td-0\"><strong>Parameter<\/strong><\/td><td class=\"td-1\"><p class=\"bodytext\">Hei\u00dfluftsterilisator (6 Bioindikatoren), 3 Oberfl\u00e4chen nach Desinfektion (3 Abklatschplatten) <\/p><\/td><\/tr><tr><td class=\"td-0\"><strong>Methode<\/strong><\/td><td class=\"td-1\"><p class=\"bodytext\">kulturell<\/p><\/td><\/tr><tr><td class=\"td-0\"><strong>Dauer<\/strong><\/td><td class=\"td-1\"><p class=\"bodytext\">7-8 Tage<\/p><\/td><\/tr><tr><td class=\"td-0\"><strong>Anmerkung<\/strong><\/td><td class=\"td-1\"><p class=\"bodytext\"><ul> <li>Kontrolle der Funktion eines Hei\u00dfluftsterilisators + Kontrolle von 3 Oberfl\u00e4chen (mit Abklatschplatten) nach Desinfektion<\/li><li> Bitte verwenden Sie zur Bestellung gedruckte Auftragsformulare (keine Online-Bestellung).<\/li><li>Die Pr\u00fcfmaterialien erhalten Sie nach Eingang Ihres Untersuchungsauftrags zugesandt. Mit der Probennahme haben Sie bis zum Ablaufdatum des Pr\u00fcfsets Zeit. Die Rechnungserstellung erfolgt nach Auftragseingang.<\/li><li>Tutorial zur Handhabung der Bioindikatoren und zur Untersuchung der Fl\u00e4chendesinfektion finden Sie in der Rubrik Fachinformationen unter Video-Tutorials. Schriftliche Informationen zu den Lagerbedingungen und zur Probenahme erhalten Sie mit dem Probenmaterial zugesandt.<\/li><li>Bei regelm\u00e4\u00dfiger Teilnahme (2 x pro Jahr) erhalten Sie ein Zertifikat \u00fcber die erfolgreiche j\u00e4hrliche \u00dcberpr\u00fcfung der Desinfektionsleistung Ihres Hei\u00dfluftsterilisators und der Fl\u00e4chendesinfektionskontrolle.<\/li><li>Dieser Test steht in Drittl\u00e4ndern nicht zur Verf\u00fcgung.<\/li><\/ul><\/p><\/td><\/tr><\/table>\n","protected":false},"excerpt":{"rendered":"<p>Hygiene-Monitoring &#8211; Hei\u00dfluftsterilisator + Fl\u00e4chendesinfektionLABOKLIN Leistungs-ID: 6409Material6 Bioindikatoren + 3 Abklatschplatten ParameterHei\u00dfluftsterilisator (6 Bioindikatoren), 3 Oberfl\u00e4chen nach Desinfektion (3 Abklatschplatten) MethodekulturellDauer7-8 TageAnmerkung Kontrolle der Funktion eines Hei\u00dfluftsterilisators + Kontrolle von 3 Oberfl\u00e4chen (mit Abklatschplatten) nach Desinfektion Bitte verwenden Sie zur Bestellung gedruckte Auftragsformulare (keine Online-Bestellung).Die Pr\u00fcfmaterialien erhalten Sie nach Eingang Ihres Untersuchungsauftrags zugesandt. Mit der&hellip;<\/p>\n","protected":false},"author":1,"featured_media":0,"parent":1332750,"menu_order":1,"comment_status":"closed","ping_status":"closed","template":"","meta":{"_seopress_robots_primary_cat":"","_seopress_titles_title":"","_seopress_titles_desc":"","_seopress_robots_index":"","footnotes":""},"class_list":["post-1334044","page","type-page","status-publish","hentry","description-off"],"_links":{"self":[{"href":"https:\/\/laboklin.de\/de-at\/wp-json\/wp\/v2\/pages\/1334044","targetHints":{"allow":["GET"]}}],"collection":[{"href":"https:\/\/laboklin.de\/de-at\/wp-json\/wp\/v2\/pages"}],"about":[{"href":"https:\/\/laboklin.de\/de-at\/wp-json\/wp\/v2\/types\/page"}],"author":[{"embeddable":true,"href":"https:\/\/laboklin.de\/de-at\/wp-json\/wp\/v2\/users\/1"}],"replies":[{"embeddable":true,"href":"https:\/\/laboklin.de\/de-at\/wp-json\/wp\/v2\/comments?post=1334044"}],"version-history":[{"count":1,"href":"https:\/\/laboklin.de\/de-at\/wp-json\/wp\/v2\/pages\/1334044\/revisions"}],"predecessor-version":[{"id":1334047,"href":"https:\/\/laboklin.de\/de-at\/wp-json\/wp\/v2\/pages\/1334044\/revisions\/1334047"}],"up":[{"embeddable":true,"href":"https:\/\/laboklin.de\/de-at\/wp-json\/wp\/v2\/pages\/1332750"}],"wp:attachment":[{"href":"https:\/\/laboklin.de\/de-at\/wp-json\/wp\/v2\/media?parent=1334044"}],"curies":[{"name":"wp","href":"https:\/\/api.w.org\/{rel}","templated":true}]}}