{"id":1334013,"date":"2020-10-16T11:36:27","date_gmt":"2020-10-16T09:36:27","guid":{"rendered":"https:\/\/laboklin.de\/leistungen\/infektionskrankheiten-erreger-und-antikoerpernachweise\/parasiten\/sarcoptes\/sarcoptes-scabiei-var-canis-pcr\/"},"modified":"2025-02-03T10:54:27","modified_gmt":"2025-02-03T09:54:27","slug":"sarcoptes-scabiei-var-canis-pcr","status":"publish","type":"page","link":"https:\/\/laboklin.de\/de-at\/leistungen\/infektionskrankheiten-erreger-und-antikoerpernachweise\/parasiten\/sarcoptes\/sarcoptes-scabiei-var-canis-pcr\/","title":{"rendered":"Sarcoptes scabiei var. canis &#8211; PCR"},"content":{"rendered":"<h3 class=\"csc-firstHeader\">Sarcoptes scabiei - PCR<\/h3><p><span>LABOKLIN Leistungs-ID: 8178<\/span><\/p><table class=\"tx-laboklinleistung-table contenttable contenttable-2\" style=\"margin-top: 35px;\"><tr><td class=\"td-0\"><strong>Material<\/strong><\/td><td class=\"td-1\"><p class=\"bodytext\">Hautgeschabsel (oberfl\u00e4chlich, gro\u00dfz\u00fcgig)<\/p><\/td><\/tr><tr><td class=\"td-0\"><strong>Methode<\/strong><\/td><td class=\"td-1\"><p class=\"bodytext\">realtime PCR<\/p><\/td><\/tr><tr><td class=\"td-0\"><strong>Dauer<\/strong><\/td><td class=\"td-1\"><p class=\"bodytext\">1 - 3 Tage<\/p><\/td><\/tr><tr><td class=\"td-0\"><strong>Anmerkung<\/strong><\/td><td class=\"td-1\"><p class=\"bodytext\"><ul><li>Der Befall mit Sarcoptesmilben beim Hund entzieht sich oft dem Nachweis \u00fcber Geschabsel und ist dann lediglich \u00fcber den Antik\u00f6rpernachweis feststellbar. <\/li> <li>Bei der Katze kommt es zu lokalisierten Infektionen im Kopf-\/Nackenbereich. <\/li> <li>Zoonose (Pseudo-Kr\u00e4tze, Pseudoscabies)<\/li><\/ul><\/p><\/td><\/tr><\/table>\n","protected":false},"excerpt":{"rendered":"<p>Sarcoptes scabiei &#8211; PCRLABOKLIN Leistungs-ID: 8178MaterialHautgeschabsel (oberfl\u00e4chlich, gro\u00dfz\u00fcgig)Methoderealtime PCRDauer1 &#8211; 3 TageAnmerkungDer Befall mit Sarcoptesmilben beim Hund entzieht sich oft dem Nachweis \u00fcber Geschabsel und ist dann lediglich \u00fcber den Antik\u00f6rpernachweis feststellbar. Bei der Katze kommt es zu lokalisierten Infektionen im Kopf-\/Nackenbereich. Zoonose (Pseudo-Kr\u00e4tze, Pseudoscabies)<\/p>\n","protected":false},"author":1,"featured_media":0,"parent":1333176,"menu_order":1,"comment_status":"closed","ping_status":"closed","template":"","meta":{"_seopress_robots_primary_cat":"","_seopress_titles_title":"","_seopress_titles_desc":"","_seopress_robots_index":"","footnotes":""},"class_list":["post-1334013","page","type-page","status-publish","hentry","description-off"],"_links":{"self":[{"href":"https:\/\/laboklin.de\/de-at\/wp-json\/wp\/v2\/pages\/1334013","targetHints":{"allow":["GET"]}}],"collection":[{"href":"https:\/\/laboklin.de\/de-at\/wp-json\/wp\/v2\/pages"}],"about":[{"href":"https:\/\/laboklin.de\/de-at\/wp-json\/wp\/v2\/types\/page"}],"author":[{"embeddable":true,"href":"https:\/\/laboklin.de\/de-at\/wp-json\/wp\/v2\/users\/1"}],"replies":[{"embeddable":true,"href":"https:\/\/laboklin.de\/de-at\/wp-json\/wp\/v2\/comments?post=1334013"}],"version-history":[{"count":1,"href":"https:\/\/laboklin.de\/de-at\/wp-json\/wp\/v2\/pages\/1334013\/revisions"}],"predecessor-version":[{"id":1506172,"href":"https:\/\/laboklin.de\/de-at\/wp-json\/wp\/v2\/pages\/1334013\/revisions\/1506172"}],"up":[{"embeddable":true,"href":"https:\/\/laboklin.de\/de-at\/wp-json\/wp\/v2\/pages\/1333176"}],"wp:attachment":[{"href":"https:\/\/laboklin.de\/de-at\/wp-json\/wp\/v2\/media?parent=1334013"}],"curies":[{"name":"wp","href":"https:\/\/api.w.org\/{rel}","templated":true}]}}