{"id":1333982,"date":"2020-10-16T11:36:27","date_gmt":"2020-10-16T09:36:27","guid":{"rendered":"https:\/\/laboklin.de\/leistungen\/infektionskrankheiten-erreger-und-antikoerpernachweise\/pilze\/batrachochytrium\/batrachochytrium-dendrobatidis-pcr\/"},"modified":"2025-02-03T09:49:50","modified_gmt":"2025-02-03T08:49:50","slug":"batrachochytrium-dendrobatidis-pcr","status":"publish","type":"page","link":"https:\/\/laboklin.de\/de-at\/leistungen\/infektionskrankheiten-erreger-und-antikoerpernachweise\/pilze\/batrachochytrium\/batrachochytrium-dendrobatidis-pcr\/","title":{"rendered":"Batrachochytrium dendrobatidis &#8211; PCR"},"content":{"rendered":"<h3 class=\"csc-firstHeader\">Batrachochytrium dendrobatidis - PCR<\/h3><p><span>LABOKLIN Leistungs-ID: 8536<\/span><\/p><table class=\"tx-laboklinleistung-table contenttable contenttable-2\" style=\"margin-top: 35px;\"><tr><td class=\"td-0\"><strong>Material<\/strong><\/td><td class=\"td-1\"><p class=\"bodytext\">Abstrich ohne Medium: Hautabstriche von der ventralen K\u00f6rperoberfl\u00e4che (adulte Tiere) bzw. der keratinisierten Haut am Maul (Kaulquappen), Gewebe (abgel\u00f6ste Hautfetzen bei infizierten Tieren) <\/p><\/td><\/tr><tr><td class=\"td-0\"><strong>Methode<\/strong><\/td><td class=\"td-1\"><p class=\"bodytext\">realtime PCR<\/p><\/td><\/tr><tr><td class=\"td-0\"><strong>Tierart(en)<\/strong><\/td><td class=\"td-1\"><p class=\"bodytext\">Amphibien<\/p><\/td><\/tr><tr><td class=\"td-0\"><strong>Dauer<\/strong><\/td><td class=\"td-1\"><p class=\"bodytext\">1 - 3 Tage<\/p><\/td><\/tr><tr><td class=\"td-0\"><strong>Anmerkung<\/strong><\/td><td class=\"td-1\"><p class=\"bodytext\">Diese Leistung wird <strong>nicht<\/strong> in der Schweiz angeboten.<\/p><\/td><\/tr><\/table>\n","protected":false},"excerpt":{"rendered":"<p>Batrachochytrium dendrobatidis &#8211; PCRLABOKLIN Leistungs-ID: 8536MaterialAbstrich ohne Medium: Hautabstriche von der ventralen K\u00f6rperoberfl\u00e4che (adulte Tiere) bzw. der keratinisierten Haut am Maul (Kaulquappen), Gewebe (abgel\u00f6ste Hautfetzen bei infizierten Tieren) Methoderealtime PCRTierart(en)AmphibienDauer1 &#8211; 3 TageAnmerkungDiese Leistung wird nicht in der Schweiz angeboten.<\/p>\n","protected":false},"author":1,"featured_media":0,"parent":1333188,"menu_order":1,"comment_status":"closed","ping_status":"closed","template":"","meta":{"_seopress_robots_primary_cat":"","_seopress_titles_title":"","_seopress_titles_desc":"","_seopress_robots_index":"","footnotes":""},"class_list":["post-1333982","page","type-page","status-publish","hentry","description-off"],"_links":{"self":[{"href":"https:\/\/laboklin.de\/de-at\/wp-json\/wp\/v2\/pages\/1333982","targetHints":{"allow":["GET"]}}],"collection":[{"href":"https:\/\/laboklin.de\/de-at\/wp-json\/wp\/v2\/pages"}],"about":[{"href":"https:\/\/laboklin.de\/de-at\/wp-json\/wp\/v2\/types\/page"}],"author":[{"embeddable":true,"href":"https:\/\/laboklin.de\/de-at\/wp-json\/wp\/v2\/users\/1"}],"replies":[{"embeddable":true,"href":"https:\/\/laboklin.de\/de-at\/wp-json\/wp\/v2\/comments?post=1333982"}],"version-history":[{"count":1,"href":"https:\/\/laboklin.de\/de-at\/wp-json\/wp\/v2\/pages\/1333982\/revisions"}],"predecessor-version":[{"id":1506032,"href":"https:\/\/laboklin.de\/de-at\/wp-json\/wp\/v2\/pages\/1333982\/revisions\/1506032"}],"up":[{"embeddable":true,"href":"https:\/\/laboklin.de\/de-at\/wp-json\/wp\/v2\/pages\/1333188"}],"wp:attachment":[{"href":"https:\/\/laboklin.de\/de-at\/wp-json\/wp\/v2\/media?parent=1333982"}],"curies":[{"name":"wp","href":"https:\/\/api.w.org\/{rel}","templated":true}]}}