{"id":1333934,"date":"2020-10-16T11:36:27","date_gmt":"2020-10-16T09:36:27","guid":{"rendered":"https:\/\/laboklin.de\/leistungen\/infektionskrankheiten-erreger-und-antikoerpernachweise\/viren\/staupevirus\/staupevirus-antikoerper\/"},"modified":"2025-01-31T09:13:24","modified_gmt":"2025-01-31T08:13:24","slug":"staupevirus-antikoerper","status":"publish","type":"page","link":"https:\/\/laboklin.de\/de-at\/leistungen\/infektionskrankheiten-erreger-und-antikoerpernachweise\/viren\/staupevirus\/staupevirus-antikoerper\/","title":{"rendered":"Staupevirus &#8211; Antik\u00f6rper"},"content":{"rendered":"<h3 class=\"csc-firstHeader\">Staupevirus - Antik\u00f6rper<\/h3><p><span>LABOKLIN Leistungs-ID: 144<\/span><\/p><table class=\"tx-laboklinleistung-table contenttable contenttable-2\" style=\"margin-top: 35px;\"><tr><td class=\"td-0\"><strong>Material<\/strong><\/td><td class=\"td-1\"><p class=\"bodytext\">Serum oder EDTA-Plasma oder Heparin-Plasma 0,5 ml<\/p><\/td><\/tr><tr><td class=\"td-0\"><strong>Methode<\/strong><\/td><td class=\"td-1\"><p class=\"bodytext\">IFAT<\/p><\/td><\/tr><tr><td class=\"td-0\"><strong>Tierart(en)<\/strong><\/td><td class=\"td-1\"><p class=\"bodytext\">Hund, Frettchen, Waschb\u00e4r, weitere auf Anfrage<\/p><\/td><\/tr><tr><td class=\"td-0\"><strong>Dauer<\/strong><\/td><td class=\"td-1\"><p class=\"bodytext\">1 - 2 Tage<\/p><\/td><\/tr><tr><td class=\"td-0\"><strong>Anmerkung<\/strong><\/td><td class=\"td-1\"><p class=\"bodytext\">Impf- und Infektionstiter k\u00f6nnen im Serum nur \u00fcber die Untersuchung von Serumpaaren unterschieden werden.<\/p><\/td><\/tr><\/table>\n","protected":false},"excerpt":{"rendered":"<p>Staupevirus &#8211; Antik\u00f6rperLABOKLIN Leistungs-ID: 144MaterialSerum oder EDTA-Plasma oder Heparin-Plasma 0,5 mlMethodeIFATTierart(en)Hund, Frettchen, Waschb\u00e4r, weitere auf AnfrageDauer1 &#8211; 2 TageAnmerkungImpf- und Infektionstiter k\u00f6nnen im Serum nur \u00fcber die Untersuchung von Serumpaaren unterschieden werden.<\/p>\n","protected":false},"author":1,"featured_media":0,"parent":1333018,"menu_order":1,"comment_status":"closed","ping_status":"closed","template":"","meta":{"_seopress_robots_primary_cat":"","_seopress_titles_title":"","_seopress_titles_desc":"","_seopress_robots_index":"","footnotes":""},"class_list":["post-1333934","page","type-page","status-publish","hentry","description-off"],"_links":{"self":[{"href":"https:\/\/laboklin.de\/de-at\/wp-json\/wp\/v2\/pages\/1333934","targetHints":{"allow":["GET"]}}],"collection":[{"href":"https:\/\/laboklin.de\/de-at\/wp-json\/wp\/v2\/pages"}],"about":[{"href":"https:\/\/laboklin.de\/de-at\/wp-json\/wp\/v2\/types\/page"}],"author":[{"embeddable":true,"href":"https:\/\/laboklin.de\/de-at\/wp-json\/wp\/v2\/users\/1"}],"replies":[{"embeddable":true,"href":"https:\/\/laboklin.de\/de-at\/wp-json\/wp\/v2\/comments?post=1333934"}],"version-history":[{"count":1,"href":"https:\/\/laboklin.de\/de-at\/wp-json\/wp\/v2\/pages\/1333934\/revisions"}],"predecessor-version":[{"id":1505097,"href":"https:\/\/laboklin.de\/de-at\/wp-json\/wp\/v2\/pages\/1333934\/revisions\/1505097"}],"up":[{"embeddable":true,"href":"https:\/\/laboklin.de\/de-at\/wp-json\/wp\/v2\/pages\/1333018"}],"wp:attachment":[{"href":"https:\/\/laboklin.de\/de-at\/wp-json\/wp\/v2\/media?parent=1333934"}],"curies":[{"name":"wp","href":"https:\/\/api.w.org\/{rel}","templated":true}]}}