{"id":1333896,"date":"2020-10-16T11:36:27","date_gmt":"2020-10-16T09:36:27","guid":{"rendered":"https:\/\/laboklin.de\/leistungen\/infektionskrankheiten-erreger-und-antikoerpernachweise\/viren\/caliciviren\/calicivirus-katze-antikoerper\/"},"modified":"2025-01-30T08:36:54","modified_gmt":"2025-01-30T07:36:54","slug":"calicivirus-katze-antikoerper","status":"publish","type":"page","link":"https:\/\/laboklin.de\/de-at\/leistungen\/infektionskrankheiten-erreger-und-antikoerpernachweise\/viren\/caliciviren\/calicivirus-katze-antikoerper\/","title":{"rendered":"Calicivirus (Katze) &#8211; Antik\u00f6rper"},"content":{"rendered":"<h3 class=\"csc-firstHeader\">Calicivirus (Katze) (FCV) - Antik\u00f6rper<\/h3><p><span>LABOKLIN Leistungs-ID: 1147<\/span><\/p><p class=\"bodytext\"><br>Impf- und Infektionstiter k\u00f6nnen in der Regel nur \u00fcber die Untersuchung von Serumpaaren unterschieden werden. Ein PCR-Nachweis ist daher bei Infektionsverdacht vorzuziehen.<\/p><table class=\"tx-laboklinleistung-table contenttable contenttable-2\" style=\"margin-top: 35px;\"><tr><td class=\"td-0\"><strong>Material<\/strong><\/td><td class=\"td-1\"><p class=\"bodytext\">Serum oder EDTA-Plasma oder Heparin-Plasma 0,5 ml<\/p><\/td><\/tr><tr><td class=\"td-0\"><strong>Methode<\/strong><\/td><td class=\"td-1\"><p class=\"bodytext\">indirekter Floureszenz-Antik\u00f6rpertest (IFAT)<\/p><\/td><\/tr><tr><td class=\"td-0\"><strong>Dauer<\/strong><\/td><td class=\"td-1\"><p class=\"bodytext\">1 - 2 Tage<\/p><\/td><\/tr><\/table>\n","protected":false},"excerpt":{"rendered":"<p>Calicivirus (Katze) (FCV) &#8211; Antik\u00f6rperLABOKLIN Leistungs-ID: 1147Impf- und Infektionstiter k\u00f6nnen in der Regel nur \u00fcber die Untersuchung von Serumpaaren unterschieden werden. Ein PCR-Nachweis ist daher bei Infektionsverdacht vorzuziehen.MaterialSerum oder EDTA-Plasma oder Heparin-Plasma 0,5 mlMethodeindirekter Floureszenz-Antik\u00f6rpertest (IFAT)Dauer1 &#8211; 2 Tage<\/p>\n","protected":false},"author":1,"featured_media":0,"parent":1332920,"menu_order":1,"comment_status":"closed","ping_status":"closed","template":"","meta":{"_seopress_robots_primary_cat":"","_seopress_titles_title":"","_seopress_titles_desc":"","_seopress_robots_index":"","footnotes":""},"class_list":["post-1333896","page","type-page","status-publish","hentry","description-off"],"_links":{"self":[{"href":"https:\/\/laboklin.de\/de-at\/wp-json\/wp\/v2\/pages\/1333896","targetHints":{"allow":["GET"]}}],"collection":[{"href":"https:\/\/laboklin.de\/de-at\/wp-json\/wp\/v2\/pages"}],"about":[{"href":"https:\/\/laboklin.de\/de-at\/wp-json\/wp\/v2\/types\/page"}],"author":[{"embeddable":true,"href":"https:\/\/laboklin.de\/de-at\/wp-json\/wp\/v2\/users\/1"}],"replies":[{"embeddable":true,"href":"https:\/\/laboklin.de\/de-at\/wp-json\/wp\/v2\/comments?post=1333896"}],"version-history":[{"count":1,"href":"https:\/\/laboklin.de\/de-at\/wp-json\/wp\/v2\/pages\/1333896\/revisions"}],"predecessor-version":[{"id":1504738,"href":"https:\/\/laboklin.de\/de-at\/wp-json\/wp\/v2\/pages\/1333896\/revisions\/1504738"}],"up":[{"embeddable":true,"href":"https:\/\/laboklin.de\/de-at\/wp-json\/wp\/v2\/pages\/1332920"}],"wp:attachment":[{"href":"https:\/\/laboklin.de\/de-at\/wp-json\/wp\/v2\/media?parent=1333896"}],"curies":[{"name":"wp","href":"https:\/\/api.w.org\/{rel}","templated":true}]}}