{"id":1333872,"date":"2020-10-16T11:36:27","date_gmt":"2020-10-16T09:36:27","guid":{"rendered":"https:\/\/laboklin.de\/leistungen\/haematologie-klin-chemie-endokrinologie\/harnanalyse\/harneiweisselektrophorese\/"},"modified":"2025-01-28T13:36:02","modified_gmt":"2025-01-28T12:36:02","slug":"harneiweisselektrophorese","status":"publish","type":"page","link":"https:\/\/laboklin.de\/de-at\/leistungen\/haematologie-klin-chemie-endokrinologie\/harnanalyse\/harneiweisselektrophorese\/","title":{"rendered":"Harneiwei\u00dfelektrophorese"},"content":{"rendered":"<h3 class=\"csc-firstHeader\">Harneiwei\u00dfelektrophorese<\/h3><p><span>LABOKLIN Leistungs-ID: 1600<\/span><\/p><p class=\"bodytext\"><br><\/p><table class=\"tx-laboklinleistung-table contenttable contenttable-2\" style=\"margin-top: 35px;\"><tr><td class=\"td-0\"><strong>Material<\/strong><\/td><td class=\"td-1\"><p class=\"bodytext\">Harn 1 ml<\/p><\/td><\/tr><tr><td class=\"td-0\"><strong>Methode<\/strong><\/td><td class=\"td-1\"><p class=\"bodytext\">Agarose-Gel-Elektrophorese<\/p><\/td><\/tr><tr><td class=\"td-0\"><strong>Dauer<\/strong><\/td><td class=\"td-1\"><p class=\"bodytext\">1-5 Arbeitstage<\/p><\/td><\/tr><tr><td class=\"td-0\"><strong>Anmerkung<\/strong><\/td><td class=\"td-1\"><p class=\"bodytext\"><ul><li>Die Harneiwei\u00dfelektrophorese dient der Differenzierung der Proteinurie und erm\u00f6glicht die Lokalisation des Proteinverlustes (glomerul\u00e4r, tubul\u00e4r, gemischt). Sie erg\u00e4nzt die quantitative Untersuchung mittels Protein\/Kreatinin-Quotienten (U-P\/C). <\/li><li>Nur sinnvoll bei erh\u00f6htem U-P\/C-Quotient. <\/li><li>Glomerul\u00e4re Proteinurie: Dominanz von Albumin und hochmolekularen Proteinen \u2192 Hinweis auf erh\u00f6hte glomerul\u00e4re Permeabilit\u00e4t (z. B. Glomerulonephritis, Amyloidose)<\/li><li>Tubul\u00e4re Proteinurie: Zunahme niedermolekularer Proteine \u2192 R\u00fcckresorptionsst\u00f6rung bei tubul\u00e4rer Sch\u00e4digung (z. B. isch\u00e4misch, toxisch, entz\u00fcndlich)<\/li><li>Gemischte Proteinurie (h\u00e4ufig bei der Katze): Kombination beider Muster bei chronischen Nierenerkrankungen<\/li><li>Nicht sinnvoll bei blutigem Urin und bei Verdacht auf Prostatazysten<\/li><li>Bei Nachweis von freien Leichtketten wird im Anschluss der Bence-Jones-Proteine-Best\u00e4tigungstest empfohlen.<\/li><\/ul><\/p><\/td><\/tr><\/table>\n","protected":false},"excerpt":{"rendered":"<p>Harneiwei\u00dfelektrophoreseLABOKLIN Leistungs-ID: 1600MaterialHarn 1 mlMethodeAgarose-Gel-ElektrophoreseDauer1-5 ArbeitstageAnmerkungDie Harneiwei\u00dfelektrophorese dient der Differenzierung der Proteinurie und erm\u00f6glicht die Lokalisation des Proteinverlustes (glomerul\u00e4r, tubul\u00e4r, gemischt). Sie erg\u00e4nzt die quantitative Untersuchung mittels Protein\/Kreatinin-Quotienten (U-P\/C). Nur sinnvoll bei erh\u00f6htem U-P\/C-Quotient. Glomerul\u00e4re Proteinurie: Dominanz von Albumin und hochmolekularen Proteinen \u2192 Hinweis auf erh\u00f6hte glomerul\u00e4re Permeabilit\u00e4t (z. B. Glomerulonephritis, Amyloidose)Tubul\u00e4re Proteinurie: Zunahme niedermolekularer&hellip;<\/p>\n","protected":false},"author":1,"featured_media":0,"parent":1332756,"menu_order":1,"comment_status":"closed","ping_status":"closed","template":"","meta":{"_seopress_robots_primary_cat":"","_seopress_titles_title":"","_seopress_titles_desc":"","_seopress_robots_index":"","footnotes":""},"class_list":["post-1333872","page","type-page","status-publish","hentry","description-off"],"_links":{"self":[{"href":"https:\/\/laboklin.de\/de-at\/wp-json\/wp\/v2\/pages\/1333872","targetHints":{"allow":["GET"]}}],"collection":[{"href":"https:\/\/laboklin.de\/de-at\/wp-json\/wp\/v2\/pages"}],"about":[{"href":"https:\/\/laboklin.de\/de-at\/wp-json\/wp\/v2\/types\/page"}],"author":[{"embeddable":true,"href":"https:\/\/laboklin.de\/de-at\/wp-json\/wp\/v2\/users\/1"}],"replies":[{"embeddable":true,"href":"https:\/\/laboklin.de\/de-at\/wp-json\/wp\/v2\/comments?post=1333872"}],"version-history":[{"count":1,"href":"https:\/\/laboklin.de\/de-at\/wp-json\/wp\/v2\/pages\/1333872\/revisions"}],"predecessor-version":[{"id":1504407,"href":"https:\/\/laboklin.de\/de-at\/wp-json\/wp\/v2\/pages\/1333872\/revisions\/1504407"}],"up":[{"embeddable":true,"href":"https:\/\/laboklin.de\/de-at\/wp-json\/wp\/v2\/pages\/1332756"}],"wp:attachment":[{"href":"https:\/\/laboklin.de\/de-at\/wp-json\/wp\/v2\/media?parent=1333872"}],"curies":[{"name":"wp","href":"https:\/\/api.w.org\/{rel}","templated":true}]}}