{"id":1333864,"date":"2020-10-16T11:36:27","date_gmt":"2020-10-16T09:36:27","guid":{"rendered":"https:\/\/laboklin.de\/leistungen\/haematologie-klin-chemie-endokrinologie\/klinisch-chemische-parameter\/enzyme\/ap-alkalische-phosphatase\/"},"modified":"2025-01-28T12:28:57","modified_gmt":"2025-01-28T11:28:57","slug":"ap-alkalische-phosphatase","status":"publish","type":"page","link":"https:\/\/laboklin.de\/de-at\/leistungen\/haematologie-klin-chemie-endokrinologie\/klinisch-chemische-parameter\/enzyme\/ap-alkalische-phosphatase\/","title":{"rendered":"AP (alkalische Phosphatase)"},"content":{"rendered":"<h3 class=\"csc-firstHeader\">AP (alkalische Phosphatase)<\/h3><p><span>LABOKLIN Leistungs-ID: 5<\/span><\/p><table class=\"tx-laboklinleistung-table contenttable contenttable-2\" style=\"margin-top: 35px;\"><tr><td class=\"td-0\"><strong>Material<\/strong><\/td><td class=\"td-1\"><p class=\"bodytext\">Serum oder Heparin-Plasma 0,5 ml<\/p><\/td><\/tr><tr><td class=\"td-0\"><strong>Methode<\/strong><\/td><td class=\"td-1\"><p class=\"bodytext\">Photometrie<\/p><\/td><\/tr><tr><td class=\"td-0\"><strong>Dauer<\/strong><\/td><td class=\"td-1\"><p class=\"bodytext\">Befund\u00fcbermittlung am Tag des Probeneingangs (Mo.-Sa.)<\/p><\/td><\/tr><tr><td class=\"td-0\"><strong>Anmerkung<\/strong><\/td><td class=\"td-1\"><p class=\"bodytext\"><ul><li>Das Enzym kommt in fast allen Organen vor. Diagnostisch bedeutsam ist die AP besonders bei Erkrankungen des Skelett- und des hepatobili\u00e4ren Systems. Beim Hund gibt es zus\u00e4tzlich die steroidinduzierte AP, die v.a. bei der Diagnostik eines Hyperadrenokortizismus (Cushing-Syndrom) eine Rolle spielt. <\/li><li>Im Rahmen von Knochenerkrankungen liegen hohe Spiegel bei der Ostitis deformans vor, wodurch eine Abgrenzung von der Osteoporose m\u00f6glich ist. Bei Knochentumoren werden Aktivit\u00e4tserh\u00f6hungen gemessen, deren Ausma\u00df mit der Osteoblastenaktivit\u00e4t korreliert (sehr hohe Werte beim Osteosarkom, kaum Anstiege bei benignen Tumoren). Erh\u00f6hte Werte bei erniedrigtem Calciumspiegel liegen bei Rachitis und Osteomalazie vor. <\/li><li>Erh\u00f6hte Werte k\u00f6nnen ein Hinweis auf Cholestasen sein. <\/li><li><strong>Jungtiere:<\/strong> physiologische Konzentration bis zum 2,5-Fachen. <\/li><li><strong>Hund:<\/strong> Die Abkl\u00e4rung einer kortikoidinduzierten AP ist durch die Bestimmung der hitzestabilen Isofraktion m\u00f6glich. <\/li><li><strong>Rind:<\/strong> Der AP-Gehalt ante partum erm\u00f6glicht eine Bewertung des Geb\u00e4rpareserisikos. <\/li><\/ul><\/p><\/td><\/tr><\/table>\n","protected":false},"excerpt":{"rendered":"<p>AP (alkalische Phosphatase)LABOKLIN Leistungs-ID: 5MaterialSerum oder Heparin-Plasma 0,5 mlMethodePhotometrieDauerBefund\u00fcbermittlung am Tag des Probeneingangs (Mo.-Sa.)AnmerkungDas Enzym kommt in fast allen Organen vor. Diagnostisch bedeutsam ist die AP besonders bei Erkrankungen des Skelett- und des hepatobili\u00e4ren Systems. Beim Hund gibt es zus\u00e4tzlich die steroidinduzierte AP, die v.a. bei der Diagnostik eines Hyperadrenokortizismus (Cushing-Syndrom) eine Rolle spielt. Im&hellip;<\/p>\n","protected":false},"author":1,"featured_media":0,"parent":1332892,"menu_order":1,"comment_status":"closed","ping_status":"closed","template":"","meta":{"_seopress_robots_primary_cat":"","_seopress_titles_title":"","_seopress_titles_desc":"","_seopress_robots_index":"","footnotes":""},"class_list":["post-1333864","page","type-page","status-publish","hentry","description-off"],"_links":{"self":[{"href":"https:\/\/laboklin.de\/de-at\/wp-json\/wp\/v2\/pages\/1333864","targetHints":{"allow":["GET"]}}],"collection":[{"href":"https:\/\/laboklin.de\/de-at\/wp-json\/wp\/v2\/pages"}],"about":[{"href":"https:\/\/laboklin.de\/de-at\/wp-json\/wp\/v2\/types\/page"}],"author":[{"embeddable":true,"href":"https:\/\/laboklin.de\/de-at\/wp-json\/wp\/v2\/users\/1"}],"replies":[{"embeddable":true,"href":"https:\/\/laboklin.de\/de-at\/wp-json\/wp\/v2\/comments?post=1333864"}],"version-history":[{"count":1,"href":"https:\/\/laboklin.de\/de-at\/wp-json\/wp\/v2\/pages\/1333864\/revisions"}],"predecessor-version":[{"id":1333867,"href":"https:\/\/laboklin.de\/de-at\/wp-json\/wp\/v2\/pages\/1333864\/revisions\/1333867"}],"up":[{"embeddable":true,"href":"https:\/\/laboklin.de\/de-at\/wp-json\/wp\/v2\/pages\/1332892"}],"wp:attachment":[{"href":"https:\/\/laboklin.de\/de-at\/wp-json\/wp\/v2\/media?parent=1333864"}],"curies":[{"name":"wp","href":"https:\/\/api.w.org\/{rel}","templated":true}]}}