{"id":1333859,"date":"2020-10-16T11:36:27","date_gmt":"2020-10-16T09:36:27","guid":{"rendered":"https:\/\/laboklin.de\/leistungen\/haematologie-klin-chemie-endokrinologie\/haematologie\/blutbild\/differentialblutbild\/"},"modified":"2025-01-28T10:27:08","modified_gmt":"2025-01-28T09:27:08","slug":"differentialblutbild","status":"publish","type":"page","link":"https:\/\/laboklin.de\/de-at\/leistungen\/haematologie-klin-chemie-endokrinologie\/haematologie\/blutbild\/differentialblutbild\/","title":{"rendered":"Differentialblutbild"},"content":{"rendered":"<h3 class=\"csc-firstHeader\">Differentialblutbild<\/h3><p><span>LABOKLIN Leistungs-ID: 1010<\/span><\/p><table class=\"tx-laboklinleistung-table contenttable contenttable-2\" style=\"margin-top: 35px;\"><tr><td class=\"td-0\"><strong>Material<\/strong><\/td><td class=\"td-1\"><p class=\"bodytext\">EDTA-Blut 1 ml + Blutausstrich oder Heparin-Blut 1 ml + Blutausstrich <br>Kleins\u00e4uger: EDTA-Blut 0,5 ml + Blutaustrich oder Heparin-Blut 0,5 ml + Blutausstrich<br>V\u00f6gel, Reptilien, Amphibien, Fische: Heparin-Blut 0,5 ml + Blutausstrich<\/p><\/td><\/tr><tr><td class=\"td-0\"><strong>Methode<\/strong><\/td><td class=\"td-1\"><p class=\"bodytext\">S\u00e4ugetiere: Durchflusszytometrie<br>V\u00f6gel, Reptilien, Amphibien, Fische: mikroskopisch<\/p><\/td><\/tr><tr><td class=\"td-0\"><strong>Tierart(en)<\/strong><\/td><td class=\"td-1\"><p class=\"bodytext\">S\u00e4ugetiere, V\u00f6gel, Reptilien, Amphibien, Fische<\/p><\/td><\/tr><tr><td class=\"td-0\"><strong>Dauer<\/strong><\/td><td class=\"td-1\"><p class=\"bodytext\">Befund\u00fcbermittlung am Tag des Probeneingangs (Mo.-Sa.)<\/p><\/td><\/tr><tr><td class=\"td-0\"><strong>Anmerkung<\/strong><\/td><td class=\"td-1\"><p class=\"bodytext\"><ul><li>F\u00fcr aussagekr\u00e4ftige Resultate sollte die Probe <strong>nicht \u00e4lter als 48 Stdn.<\/strong> sein.<\/li><li>Die Bestimmung eines Differentialblutbildes ist nur bei Kenntnis der Gesamtleukozytenzahl sinnvoll. <\/li><li>Eine Bestimmung aus EDTA-Blut ist bei Schildkr\u00f6ten und einigen Vogelarten (Rabenv\u00f6gel, Hornv\u00f6gel, Strau\u00dfen, Kraniche, einige Entenarten) aufgrund des zelllysierenden Effekts nicht m\u00f6glich.<\/li><\/ul><\/p><\/td><\/tr><\/table>\n","protected":false},"excerpt":{"rendered":"<p>DifferentialblutbildLABOKLIN Leistungs-ID: 1010MaterialEDTA-Blut 1 ml + Blutausstrich oder Heparin-Blut 1 ml + Blutausstrich Kleins\u00e4uger: EDTA-Blut 0,5 ml + Blutaustrich oder Heparin-Blut 0,5 ml + BlutausstrichV\u00f6gel, Reptilien, Amphibien, Fische: Heparin-Blut 0,5 ml + BlutausstrichMethodeS\u00e4ugetiere: DurchflusszytometrieV\u00f6gel, Reptilien, Amphibien, Fische: mikroskopischTierart(en)S\u00e4ugetiere, V\u00f6gel, Reptilien, Amphibien, FischeDauerBefund\u00fcbermittlung am Tag des Probeneingangs (Mo.-Sa.)AnmerkungF\u00fcr aussagekr\u00e4ftige Resultate sollte die Probe nicht \u00e4lter als&hellip;<\/p>\n","protected":false},"author":1,"featured_media":0,"parent":1332882,"menu_order":1,"comment_status":"closed","ping_status":"closed","template":"","meta":{"_seopress_robots_primary_cat":"","_seopress_titles_title":"","_seopress_titles_desc":"","_seopress_robots_index":"","footnotes":""},"class_list":["post-1333859","page","type-page","status-publish","hentry","description-off"],"_links":{"self":[{"href":"https:\/\/laboklin.de\/de-at\/wp-json\/wp\/v2\/pages\/1333859","targetHints":{"allow":["GET"]}}],"collection":[{"href":"https:\/\/laboklin.de\/de-at\/wp-json\/wp\/v2\/pages"}],"about":[{"href":"https:\/\/laboklin.de\/de-at\/wp-json\/wp\/v2\/types\/page"}],"author":[{"embeddable":true,"href":"https:\/\/laboklin.de\/de-at\/wp-json\/wp\/v2\/users\/1"}],"replies":[{"embeddable":true,"href":"https:\/\/laboklin.de\/de-at\/wp-json\/wp\/v2\/comments?post=1333859"}],"version-history":[{"count":1,"href":"https:\/\/laboklin.de\/de-at\/wp-json\/wp\/v2\/pages\/1333859\/revisions"}],"predecessor-version":[{"id":1504194,"href":"https:\/\/laboklin.de\/de-at\/wp-json\/wp\/v2\/pages\/1333859\/revisions\/1504194"}],"up":[{"embeddable":true,"href":"https:\/\/laboklin.de\/de-at\/wp-json\/wp\/v2\/pages\/1332882"}],"wp:attachment":[{"href":"https:\/\/laboklin.de\/de-at\/wp-json\/wp\/v2\/media?parent=1333859"}],"curies":[{"name":"wp","href":"https:\/\/api.w.org\/{rel}","templated":true}]}}