{"id":1333824,"date":"2021-02-02T09:31:37","date_gmt":"2021-02-02T08:31:37","guid":{"rendered":"https:\/\/laboklin.de\/leistungen\/wasseruntersuchungen\/trinkwasser\/untersuchung-von-trinkwasser-gem-gueltiger-trinkwasserverordnung-mikrobiologische-parameter\/"},"modified":"2021-02-02T09:31:37","modified_gmt":"2021-02-02T08:31:37","slug":"untersuchung-von-trinkwasser-gem-gueltiger-trinkwasserverordnung-mikrobiologische-parameter","status":"publish","type":"page","link":"https:\/\/laboklin.de\/de-at\/leistungen\/wasseruntersuchungen\/trinkwasser\/untersuchung-von-trinkwasser-gem-gueltiger-trinkwasserverordnung-mikrobiologische-parameter\/","title":{"rendered":"Untersuchung von Trinkwasser gem. g\u00fcltiger Trinkwasserverordnung &#8211; Mikrobiologische Parameter"},"content":{"rendered":"<div class=\"wpb-content-wrapper\"><p>[vc_row type=&#8220;vc_default&#8220;][vc_column][vc_column_text css=&#8220;.vc_custom_1603378797735{margin-left: 20px !important;padding-top: 30px !important;padding-right: 30px !important;padding-bottom: 30px !important;padding-left: 30px !important;}&#8220;]<h3 class=\"csc-firstHeader\">Untersuchung von Trinkwasser gem. g\u00fcltiger Trinkwasserverordnung - Mikrobiologische Parameter<\/h3><p><span>LABOKLIN Leistungs-ID: 6421<\/span><\/p><table class=\"tx-laboklinleistung-table contenttable contenttable-2\" style=\"margin-top: 35px;\"><tr><td class=\"td-0\"><strong>Material<\/strong><\/td><td class=\"td-1\"><p class=\"bodytext\">mind. 500 ml Wasser<\/p><\/td><\/tr><tr><td class=\"td-0\"><strong>Parameter<\/strong><\/td><td class=\"td-1\"><p class=\"bodytext\">E. coli, coliforme Keime,  Enterokokken, Koloniezahl bei 22\u00b0 und 36\u00b0<\/p><\/td><\/tr><tr><td class=\"td-0\"><strong>Methode<\/strong><\/td><td class=\"td-1\"><p class=\"bodytext\">Membranfiltration und kulturell <\/p><\/td><\/tr><tr><td class=\"td-0\"><strong>Dauer<\/strong><\/td><td class=\"td-1\"><p class=\"bodytext\">2-3 Tage<\/p><\/td><\/tr><tr><td class=\"td-0\"><strong>Anmerkung<\/strong><\/td><td class=\"td-1\"><p class=\"bodytext\"><ul><li>Eine Kombination dieser Leistung mit einer Untersuchung auf Pseudomonas aeruginosa und\/oder Clostrdium perfringens im Trinkwasser ist m\u00f6glich.<\/li> <li> Die Wasserproben m\u00fcssen von einem geschulten Probennehmer gem\u00e4\u00df der Vorgaben der Trinkwasserverordnung gezogen werden. Bei Bedarf k\u00f6nnen wir Ihnen einen akkreditierten Probennehmer anbieten (Kosten werden dem Aufwand entsprechend berechnet).<\/li> <li>Proben, die nicht von einem akkreditierten Probennehmer von Laboklin entnommen wurden, k\u00f6nnen ausschlie\u00dflich zur Eigenkontrolle verwendet werden.<\/li><\/ul><\/p><\/td><\/tr><\/table>[\/vc_column_text][\/vc_column][\/vc_row]<\/p>\n<\/div>","protected":false},"excerpt":{"rendered":"<p>[vc_row type=&#8220;vc_default&#8220;][vc_column][vc_column_text css=&#8220;.vc_custom_1603378797735{margin-left: 20px !important;padding-top: 30px !important;padding-right: 30px !important;padding-bottom: 30px !important;padding-left: 30px !important;}&#8220;][\/vc_column_text][\/vc_column][\/vc_row]<\/p>\n","protected":false},"author":1,"featured_media":0,"parent":1332811,"menu_order":1,"comment_status":"closed","ping_status":"closed","template":"","meta":{"_seopress_robots_primary_cat":"","_seopress_titles_title":"","_seopress_titles_desc":"","_seopress_robots_index":"","footnotes":""},"class_list":["post-1333824","page","type-page","status-publish","hentry","description-off"],"_links":{"self":[{"href":"https:\/\/laboklin.de\/de-at\/wp-json\/wp\/v2\/pages\/1333824","targetHints":{"allow":["GET"]}}],"collection":[{"href":"https:\/\/laboklin.de\/de-at\/wp-json\/wp\/v2\/pages"}],"about":[{"href":"https:\/\/laboklin.de\/de-at\/wp-json\/wp\/v2\/types\/page"}],"author":[{"embeddable":true,"href":"https:\/\/laboklin.de\/de-at\/wp-json\/wp\/v2\/users\/1"}],"replies":[{"embeddable":true,"href":"https:\/\/laboklin.de\/de-at\/wp-json\/wp\/v2\/comments?post=1333824"}],"version-history":[{"count":0,"href":"https:\/\/laboklin.de\/de-at\/wp-json\/wp\/v2\/pages\/1333824\/revisions"}],"up":[{"embeddable":true,"href":"https:\/\/laboklin.de\/de-at\/wp-json\/wp\/v2\/pages\/1332811"}],"wp:attachment":[{"href":"https:\/\/laboklin.de\/de-at\/wp-json\/wp\/v2\/media?parent=1333824"}],"curies":[{"name":"wp","href":"https:\/\/api.w.org\/{rel}","templated":true}]}}