{"id":1333814,"date":"2021-02-13T18:59:25","date_gmt":"2021-02-13T17:59:25","guid":{"rendered":"https:\/\/laboklin.de\/start-karriere-bei-laboklin\/danke-dass-sie-sich-bei-uns-beworben-haben\/"},"modified":"2021-02-13T18:59:25","modified_gmt":"2021-02-13T17:59:25","slug":"danke-dass-sie-sich-bei-uns-beworben-haben","status":"publish","type":"page","link":"https:\/\/laboklin.de\/de-at\/start-karriere-bei-laboklin\/danke-dass-sie-sich-bei-uns-beworben-haben\/","title":{"rendered":"Danke, dass Sie sich bei uns beworben haben&#8230;"},"content":{"rendered":"<div class=\"wpb-content-wrapper\"><p>[vc_row][vc_column][vc_column_text css=&#8220;.vc_custom_1613237903089{margin-top: 10px !important;margin-bottom: 40px !important;padding-left: 5px !important;}&#8220;]<\/p>\n<h4>Sehr geehrte\/r Bewerber\/in,<\/h4>\n<p>vielen Dank f\u00fcr Ihre Bewerbung per E-Mail an jobs@laboklin.com.<\/p>\n<p>Hiermit best\u00e4tigen wir den Eingang Ihrer Bewerbungsunterlagen.<\/p>\n<p>Bitte beachten Sie in diesem Zusammenhang auch unsere Hinweise zum <a href=\"https:\/\/laboklin.de\/start-karriere-bei-laboklin\/datenschutzhinweise-im-bewerbungsverfahren\/\"><strong>Datenschutz im Bewerbungsverfahren<\/strong><\/a>, die Sie einsehen k\u00f6nnen.<\/p>\n<p>Ihre Unterlagen werden von uns sorgf\u00e4ltig und individuell gepr\u00fcft.<\/p>\n<p>&nbsp;<\/p>\n<p>Dies kann einige Zeit in Anspruch nehmen &#8211; wir bitten daher um etwas Geduld.[\/vc_column_text][\/vc_column][\/vc_row]<\/p>\n<\/div>","protected":false},"excerpt":{"rendered":"<p>[vc_row][vc_column][vc_column_text css=&#8220;.vc_custom_1613237903089{margin-top: 10px !important;margin-bottom: 40px !important;padding-left: 5px !important;}&#8220;] Sehr geehrte\/r Bewerber\/in, vielen Dank f\u00fcr Ihre Bewerbung per E-Mail an jobs@laboklin.com. Hiermit best\u00e4tigen wir den Eingang Ihrer Bewerbungsunterlagen. Bitte beachten Sie in diesem Zusammenhang auch unsere Hinweise zum Datenschutz im Bewerbungsverfahren, die Sie einsehen k\u00f6nnen. Ihre Unterlagen werden von uns sorgf\u00e4ltig und individuell gepr\u00fcft. &nbsp; Dies&hellip;<\/p>\n","protected":false},"author":1,"featured_media":0,"parent":1332641,"menu_order":1,"comment_status":"closed","ping_status":"closed","template":"","meta":{"_seopress_robots_primary_cat":"","_seopress_titles_title":"\/laboklin_offene_stellen\/","_seopress_titles_desc":"","_seopress_robots_index":"","footnotes":""},"class_list":["post-1333814","page","type-page","status-publish","hentry","description-off"],"_links":{"self":[{"href":"https:\/\/laboklin.de\/de-at\/wp-json\/wp\/v2\/pages\/1333814","targetHints":{"allow":["GET"]}}],"collection":[{"href":"https:\/\/laboklin.de\/de-at\/wp-json\/wp\/v2\/pages"}],"about":[{"href":"https:\/\/laboklin.de\/de-at\/wp-json\/wp\/v2\/types\/page"}],"author":[{"embeddable":true,"href":"https:\/\/laboklin.de\/de-at\/wp-json\/wp\/v2\/users\/1"}],"replies":[{"embeddable":true,"href":"https:\/\/laboklin.de\/de-at\/wp-json\/wp\/v2\/comments?post=1333814"}],"version-history":[{"count":0,"href":"https:\/\/laboklin.de\/de-at\/wp-json\/wp\/v2\/pages\/1333814\/revisions"}],"up":[{"embeddable":true,"href":"https:\/\/laboklin.de\/de-at\/wp-json\/wp\/v2\/pages\/1332641"}],"wp:attachment":[{"href":"https:\/\/laboklin.de\/de-at\/wp-json\/wp\/v2\/media?parent=1333814"}],"curies":[{"name":"wp","href":"https:\/\/api.w.org\/{rel}","templated":true}]}}