{"id":1333764,"date":"2022-10-17T09:28:46","date_gmt":"2022-10-17T07:28:46","guid":{"rendered":"https:\/\/laboklin.de\/leistungen\/infektionskrankheiten-erreger-und-antikoerpernachweise\/parasiten\/echinokokken\/echinokokken-antikoerper\/"},"modified":"2025-11-21T16:35:34","modified_gmt":"2025-11-21T15:35:34","slug":"echinokokken-antikoerper","status":"publish","type":"page","link":"https:\/\/laboklin.de\/de-at\/leistungen\/infektionskrankheiten-erreger-und-antikoerpernachweise\/parasiten\/echinokokken\/echinokokken-antikoerper\/","title":{"rendered":"Echinokokken &#8211; Antik\u00f6rper"},"content":{"rendered":"<h3 class=\"csc-firstHeader\">Echinokokken - Antik\u00f6rper<\/h3><p><span>LABOKLIN Leistungs-ID: 1423<\/span><\/p><table class=\"tx-laboklinleistung-table contenttable contenttable-2\" style=\"margin-top: 35px;\"><tr><td class=\"td-0\"><strong>Material<\/strong><\/td><td class=\"td-1\"><p class=\"bodytext\">Heparin-Plasma oder Serum 0,5 ml<\/p><\/td><\/tr><tr><td class=\"td-0\"><strong>Methode<\/strong><\/td><td class=\"td-1\"><p class=\"bodytext\">ELISA<\/p><\/td><\/tr><tr><td class=\"td-0\"><strong>Tierart(en)<\/strong><\/td><td class=\"td-1\"><p class=\"bodytext\">Hund<\/p><\/td><\/tr><tr><td class=\"td-0\"><strong>Dauer<\/strong><\/td><td class=\"td-1\"><p class=\"bodytext\">5 Tage<\/p><\/td><\/tr><tr><td class=\"td-0\"><strong>Anmerkung<\/strong><\/td><td class=\"td-1\"><p class=\"bodytext\">Es werden Antik\u00f6rper gegen E. multilocularis nachgewiesen.<\/p><\/td><\/tr><\/table>\n","protected":false},"excerpt":{"rendered":"<p>Echinokokken &#8211; Antik\u00f6rperLABOKLIN Leistungs-ID: 1423MaterialHeparin-Plasma oder Serum 0,5 mlMethodeELISATierart(en)HundDauer5 TageAnmerkungEs werden Antik\u00f6rper gegen E. multilocularis nachgewiesen.<\/p>\n","protected":false},"author":10,"featured_media":0,"parent":1333145,"menu_order":1,"comment_status":"closed","ping_status":"closed","template":"","meta":{"_seopress_robots_primary_cat":"","_seopress_titles_title":"","_seopress_titles_desc":"Erfahren Sie alles \u00fcber den Echinokokken Antik\u00f6rper Nachweis: Zuverl\u00e4ssige Diagnostik und Pr\u00e4vention parasit\u00e4rer Infektionen bei Laboklin.","_seopress_robots_index":"","footnotes":""},"class_list":["post-1333764","page","type-page","status-publish","hentry","description-off"],"_links":{"self":[{"href":"https:\/\/laboklin.de\/de-at\/wp-json\/wp\/v2\/pages\/1333764","targetHints":{"allow":["GET"]}}],"collection":[{"href":"https:\/\/laboklin.de\/de-at\/wp-json\/wp\/v2\/pages"}],"about":[{"href":"https:\/\/laboklin.de\/de-at\/wp-json\/wp\/v2\/types\/page"}],"author":[{"embeddable":true,"href":"https:\/\/laboklin.de\/de-at\/wp-json\/wp\/v2\/users\/10"}],"replies":[{"embeddable":true,"href":"https:\/\/laboklin.de\/de-at\/wp-json\/wp\/v2\/comments?post=1333764"}],"version-history":[{"count":1,"href":"https:\/\/laboklin.de\/de-at\/wp-json\/wp\/v2\/pages\/1333764\/revisions"}],"predecessor-version":[{"id":1506103,"href":"https:\/\/laboklin.de\/de-at\/wp-json\/wp\/v2\/pages\/1333764\/revisions\/1506103"}],"up":[{"embeddable":true,"href":"https:\/\/laboklin.de\/de-at\/wp-json\/wp\/v2\/pages\/1333145"}],"wp:attachment":[{"href":"https:\/\/laboklin.de\/de-at\/wp-json\/wp\/v2\/media?parent=1333764"}],"curies":[{"name":"wp","href":"https:\/\/api.w.org\/{rel}","templated":true}]}}