{"id":1333752,"date":"2020-07-06T12:16:51","date_gmt":"2020-07-06T10:16:51","guid":{"rendered":"https:\/\/laboklin.de\/fachinformationen\/praeanalytik\/hygiene\/"},"modified":"2024-11-19T17:10:18","modified_gmt":"2024-11-19T16:10:18","slug":"hygiene","status":"publish","type":"page","link":"https:\/\/laboklin.de\/de-at\/fachinformationen\/praeanalytik\/hygiene\/","title":{"rendered":"Hygiene"},"content":{"rendered":"<div class=\"wpb-content-wrapper\"><p>[vc_row][vc_column][vc_column_text css=&#8220;&#8220;]Die <strong>Pr\u00fcfmaterialien<\/strong> erhalten Sie nach Eingang Ihres Untersuchungsauftrags zusammen mit einer Anleitung zugesandt. Mit der Probennahme haben Sie bis zum Ablaufdatum des Pr\u00fcfsets max. 3 Tage bei Pr\u00fcfsets f\u00fcr Ger\u00e4te zur Reinigung und Desinfektion chirurgischer Instrumente Zeit, sofern dieses Set entsprechend der Vorgaben in den Begleitdokumenten gelagert wird.<\/p>\n<p class=\"bodytext\">F\u00fcr die Kontrolle der<strong> Fl\u00e4chendesinfektion<\/strong> erhalten Sie Abklatschplatten. Die zu beprobenden Oberfl\u00e4chen sind zu reinigen und desinfizieren und m\u00fcssen vor der Beprobung gut abgetrocknet sein. Danach sind die auf dem Boden beschrifteten Abklatschplatten bei Raumtemperatur zu lagern und innerhalb von 24 Stunden mit dem ausgef\u00fcllten Begleitformular in das Labor zur\u00fcckzuschicken.<\/p>\n<p class=\"bodytext\">Die f\u00fcr die \u00dcberpr\u00fcfung der Funktionsf\u00e4higkeit der\u00a0<b>Sterilisatoren<\/b> ben\u00f6tigten Bioindikatoren k\u00f6nnen mit dem allt\u00e4glichen Sterilisiergut gemeinsam im Ger\u00e4t zur Anwendung kommen. Nach der Testung sind diese Bioindikatoren und die Positivkontrolle bei Raumtemperatur aufzubewahren und mit dem ausgef\u00fcllten Begleitformular zeitnah an das Labor zu senden.<\/p>\n<p class=\"bodytext\">F\u00fcr die \u00dcberpr\u00fcfung der Desinfektion von\u00a0<b>Endoskopen<\/b> sind pro Endoskop zwei Tupfer mit Medium, zwei Sp\u00fclproben und eine Wasserprobe aus der Optiksp\u00fclflasche von N\u00f6ten. Nach der Probennahme ist gem\u00e4\u00df der Anleitung eine Lagerung bei Raumtemperatur und ein R\u00fccktransport in das Labor innerhalb von 24 Stunden erforderlich.<\/p>\n<p>Zur Kontrolle von <strong>Ger\u00e4ten zur Reinigung und Desinfektion chirurgischer Instrumente<\/strong> sind die Pr\u00fcfsetkomponenten (Bioindikatoren und Transportkontrollen) nach Anforderung vom Labor vor dem Einsatz max. 3 Tage bei 7 \u00b0C bis 10 \u00b0C zu lagern. Nach Abschluss der Hygieneuntersuchungen erfolgt die Lagerung bei Raumtemperatur und die Komponenten sind innerhalb von 24 Stunden mit dem ausgef\u00fcllten Begleitformular an das Labor zu schicken.<\/p>\n<p>Bei regelm\u00e4\u00dfiger Teilnahme an diesen Hygieneuntersuchungen (2 x pro Jahr) erhalten Sie ein <strong>Zertifikat<\/strong> \u00fcber die erfolgreiche j\u00e4hrliche \u00dcberpr\u00fcfung ihres Ger\u00e4tes (Sterilisator, Endoskop, Ger\u00e4t zur Reinigung und Desinfektion chirurgischer Instrumente) bzw. der Fl\u00e4chendesinfektionskontrolle.[\/vc_column_text][\/vc_column][\/vc_row]<\/p>\n<\/div>","protected":false},"excerpt":{"rendered":"<p>[vc_row][vc_column][vc_column_text css=&#8220;&#8220;]Die Pr\u00fcfmaterialien erhalten Sie nach Eingang Ihres Untersuchungsauftrags zusammen mit einer Anleitung zugesandt. Mit der Probennahme haben Sie bis zum Ablaufdatum des Pr\u00fcfsets max. 3 Tage bei Pr\u00fcfsets f\u00fcr Ger\u00e4te zur Reinigung und Desinfektion chirurgischer Instrumente Zeit, sofern dieses Set entsprechend der Vorgaben in den Begleitdokumenten gelagert wird. F\u00fcr die Kontrolle der Fl\u00e4chendesinfektion erhalten&hellip;<\/p>\n","protected":false},"author":1,"featured_media":0,"parent":1332673,"menu_order":0,"comment_status":"closed","ping_status":"closed","template":"","meta":{"_seopress_robots_primary_cat":"","_seopress_titles_title":"","_seopress_titles_desc":"","_seopress_robots_index":"","footnotes":""},"class_list":["post-1333752","page","type-page","status-publish","hentry","description-off"],"_links":{"self":[{"href":"https:\/\/laboklin.de\/de-at\/wp-json\/wp\/v2\/pages\/1333752","targetHints":{"allow":["GET"]}}],"collection":[{"href":"https:\/\/laboklin.de\/de-at\/wp-json\/wp\/v2\/pages"}],"about":[{"href":"https:\/\/laboklin.de\/de-at\/wp-json\/wp\/v2\/types\/page"}],"author":[{"embeddable":true,"href":"https:\/\/laboklin.de\/de-at\/wp-json\/wp\/v2\/users\/1"}],"replies":[{"embeddable":true,"href":"https:\/\/laboklin.de\/de-at\/wp-json\/wp\/v2\/comments?post=1333752"}],"version-history":[{"count":3,"href":"https:\/\/laboklin.de\/de-at\/wp-json\/wp\/v2\/pages\/1333752\/revisions"}],"predecessor-version":[{"id":1494612,"href":"https:\/\/laboklin.de\/de-at\/wp-json\/wp\/v2\/pages\/1333752\/revisions\/1494612"}],"up":[{"embeddable":true,"href":"https:\/\/laboklin.de\/de-at\/wp-json\/wp\/v2\/pages\/1332673"}],"wp:attachment":[{"href":"https:\/\/laboklin.de\/de-at\/wp-json\/wp\/v2\/media?parent=1333752"}],"curies":[{"name":"wp","href":"https:\/\/api.w.org\/{rel}","templated":true}]}}