{"id":1333718,"date":"2020-10-16T11:36:26","date_gmt":"2020-10-16T09:36:26","guid":{"rendered":"https:\/\/laboklin.de\/leistungen\/profile\/profile-screenings-kleinsaeuger-voegel-reptilien-fische\/wasserprofile-fische\/kleines-wasserprofil\/"},"modified":"2025-01-27T12:22:32","modified_gmt":"2025-01-27T11:22:32","slug":"kleines-wasserprofil","status":"publish","type":"page","link":"https:\/\/laboklin.de\/de-at\/leistungen\/profile\/profile-screenings-kleinsaeuger-voegel-reptilien-fische\/wasserprofile-fische\/kleines-wasserprofil\/","title":{"rendered":"Kleines Wasserprofil"},"content":{"rendered":"<h3 class=\"csc-firstHeader\">Kleines Wasserprofil<\/h3><p><span>LABOKLIN Leistungs-ID: 1481<\/span><\/p><table class=\"tx-laboklinleistung-table contenttable contenttable-2\" style=\"margin-top: 35px;\"><tr><td class=\"td-0\"><strong>Material<\/strong><\/td><td class=\"td-1\"><p class=\"bodytext\">500 ml Wasser (m\u00f6glichst gek\u00fchlt)<\/p><\/td><\/tr><tr><td class=\"td-0\"><strong>Parameter<\/strong><\/td><td class=\"td-1\"><p class=\"bodytext\">pH-Wert, Gesamth\u00e4rte (S\u00fc\u00dfwasser), Leitwert (Salzwasser), Karbonath\u00e4rte, Nitrat, Nitrit, Ammonium<\/p><\/td><\/tr><tr><td class=\"td-0\"><strong>Dauer<\/strong><\/td><td class=\"td-1\"><p class=\"bodytext\">1 Tag<\/p><\/td><\/tr><tr><td class=\"td-0\"><strong>Anmerkung<\/strong><\/td><td class=\"td-1\"><p class=\"bodytext\"><ul><li>Bitte geben Sie an, ob es sich um eine S\u00fc\u00df- oder Salzwasserprobe handelt.<\/li> <li>Bestimmung der wesentlichen chemischen Wasserparameter eines Aquariums\/Teiches<\/li> <li>zur Abkl\u00e4rung von Intoxikationen, Differentialdiagnostik bei Verdacht auf infekti\u00f6se Fischkrankheiten oder zur Einstellung idealer Haltungs-\/Zuchtbedingungen<\/li><li>Beurteilung des S\u00e4ure-Basen-Gleichgewichts (z.B. pH-Wert, Karbonath\u00e4rte), der organischen Belastung des Gew\u00e4ssers (z.B. Ammonium, Nitrit, Nitrat) und der Reinigungsleistung des Filters<\/li><\/ul><\/p><\/td><\/tr><\/table>\n","protected":false},"excerpt":{"rendered":"<p>Kleines WasserprofilLABOKLIN Leistungs-ID: 1481Material500 ml Wasser (m\u00f6glichst gek\u00fchlt)ParameterpH-Wert, Gesamth\u00e4rte (S\u00fc\u00dfwasser), Leitwert (Salzwasser), Karbonath\u00e4rte, Nitrat, Nitrit, AmmoniumDauer1 TagAnmerkungBitte geben Sie an, ob es sich um eine S\u00fc\u00df- oder Salzwasserprobe handelt. Bestimmung der wesentlichen chemischen Wasserparameter eines Aquariums\/Teiches zur Abkl\u00e4rung von Intoxikationen, Differentialdiagnostik bei Verdacht auf infekti\u00f6se Fischkrankheiten oder zur Einstellung idealer Haltungs-\/ZuchtbedingungenBeurteilung des S\u00e4ure-Basen-Gleichgewichts (z.B. pH-Wert,&hellip;<\/p>\n","protected":false},"author":1,"featured_media":0,"parent":1332846,"menu_order":0,"comment_status":"closed","ping_status":"closed","template":"","meta":{"_seopress_robots_primary_cat":"","_seopress_titles_title":"","_seopress_titles_desc":"","_seopress_robots_index":"","footnotes":""},"class_list":["post-1333718","page","type-page","status-publish","hentry","description-off"],"_links":{"self":[{"href":"https:\/\/laboklin.de\/de-at\/wp-json\/wp\/v2\/pages\/1333718","targetHints":{"allow":["GET"]}}],"collection":[{"href":"https:\/\/laboklin.de\/de-at\/wp-json\/wp\/v2\/pages"}],"about":[{"href":"https:\/\/laboklin.de\/de-at\/wp-json\/wp\/v2\/types\/page"}],"author":[{"embeddable":true,"href":"https:\/\/laboklin.de\/de-at\/wp-json\/wp\/v2\/users\/1"}],"replies":[{"embeddable":true,"href":"https:\/\/laboklin.de\/de-at\/wp-json\/wp\/v2\/comments?post=1333718"}],"version-history":[{"count":1,"href":"https:\/\/laboklin.de\/de-at\/wp-json\/wp\/v2\/pages\/1333718\/revisions"}],"predecessor-version":[{"id":1503804,"href":"https:\/\/laboklin.de\/de-at\/wp-json\/wp\/v2\/pages\/1333718\/revisions\/1503804"}],"up":[{"embeddable":true,"href":"https:\/\/laboklin.de\/de-at\/wp-json\/wp\/v2\/pages\/1332846"}],"wp:attachment":[{"href":"https:\/\/laboklin.de\/de-at\/wp-json\/wp\/v2\/media?parent=1333718"}],"curies":[{"name":"wp","href":"https:\/\/api.w.org\/{rel}","templated":true}]}}