{"id":1333704,"date":"2020-10-16T11:36:26","date_gmt":"2020-10-16T09:36:26","guid":{"rendered":"https:\/\/laboklin.de\/leistungen\/profile\/profile-screenings-kleintiere\/klinisch-chemische-profile-screenings-kleintiere\/verhaltensprofil\/"},"modified":"2025-10-06T11:00:52","modified_gmt":"2025-10-06T09:00:52","slug":"verhaltensprofil-1","status":"publish","type":"page","link":"https:\/\/laboklin.de\/de-at\/leistungen\/profile\/profile-screenings-kleintiere\/klinisch-chemische-profile-screenings-kleintiere\/verhaltensprofil-1\/","title":{"rendered":"Verhaltensprofil 1 (Hund)"},"content":{"rendered":"<h3 class=\"csc-firstHeader\">Verhaltensprofil 1 (Hund)<\/h3><p><span>LABOKLIN Leistungs-ID: 1330<\/span><\/p><table class=\"tx-laboklinleistung-table contenttable contenttable-2\" style=\"margin-top: 35px;\"><tr><td class=\"td-0\"><strong>Material<\/strong><\/td><td class=\"td-1\"><p class=\"bodytext\">Serum + EDTA-Blut 1 ml (gek\u00fchlt, EDTA-Blut m\u00f6glichst gefroren)<\/p><\/td><\/tr><tr><td class=\"td-0\"><strong>Parameter<\/strong><\/td><td class=\"td-1\"><p class=\"bodytext\">T4, rT3, CRP, Cortisol, Vitamin B6<\/p><\/td><\/tr><tr><td class=\"td-0\"><strong>Tierart(en)<\/strong><\/td><td class=\"td-1\"><p class=\"bodytext\">Hund<\/p><\/td><\/tr><tr><td class=\"td-0\"><strong>Dauer<\/strong><\/td><td class=\"td-1\"><p class=\"bodytext\">1 x w\u00f6chentlich<\/p><\/td><\/tr><\/table>\n","protected":false},"excerpt":{"rendered":"<p>Verhaltensprofil 1 (Hund)LABOKLIN Leistungs-ID: 1330MaterialSerum + EDTA-Blut 1 ml (gek\u00fchlt, EDTA-Blut m\u00f6glichst gefroren)ParameterT4, rT3, CRP, Cortisol, Vitamin B6Tierart(en)HundDauer1 x w\u00f6chentlich<\/p>\n","protected":false},"author":1,"featured_media":0,"parent":1332818,"menu_order":0,"comment_status":"closed","ping_status":"closed","template":"","meta":{"_seopress_robots_primary_cat":"","_seopress_titles_title":"","_seopress_titles_desc":"","_seopress_robots_index":"","footnotes":""},"class_list":["post-1333704","page","type-page","status-publish","hentry","description-off"],"_links":{"self":[{"href":"https:\/\/laboklin.de\/de-at\/wp-json\/wp\/v2\/pages\/1333704","targetHints":{"allow":["GET"]}}],"collection":[{"href":"https:\/\/laboklin.de\/de-at\/wp-json\/wp\/v2\/pages"}],"about":[{"href":"https:\/\/laboklin.de\/de-at\/wp-json\/wp\/v2\/types\/page"}],"author":[{"embeddable":true,"href":"https:\/\/laboklin.de\/de-at\/wp-json\/wp\/v2\/users\/1"}],"replies":[{"embeddable":true,"href":"https:\/\/laboklin.de\/de-at\/wp-json\/wp\/v2\/comments?post=1333704"}],"version-history":[{"count":3,"href":"https:\/\/laboklin.de\/de-at\/wp-json\/wp\/v2\/pages\/1333704\/revisions"}],"predecessor-version":[{"id":1566027,"href":"https:\/\/laboklin.de\/de-at\/wp-json\/wp\/v2\/pages\/1333704\/revisions\/1566027"}],"up":[{"embeddable":true,"href":"https:\/\/laboklin.de\/de-at\/wp-json\/wp\/v2\/pages\/1332818"}],"wp:attachment":[{"href":"https:\/\/laboklin.de\/de-at\/wp-json\/wp\/v2\/media?parent=1333704"}],"curies":[{"name":"wp","href":"https:\/\/api.w.org\/{rel}","templated":true}]}}