{"id":1333701,"date":"2020-10-16T11:36:27","date_gmt":"2020-10-16T09:36:27","guid":{"rendered":"https:\/\/laboklin.de\/leistungen\/genetik\/performance\/pferd\/tractability\/"},"modified":"2025-02-25T12:54:30","modified_gmt":"2025-02-25T11:54:30","slug":"tractability","status":"publish","type":"page","link":"https:\/\/laboklin.de\/de-at\/leistungen\/genetik\/performance\/pferd\/tractability\/","title":{"rendered":"Tractability"},"content":{"rendered":"<h3 class=\"csc-firstHeader\">Tractability<\/h3><p><span>LABOKLIN Leistungs-ID: 8549<\/span><\/p><p class=\"bodytext\">Der Test f\u00fcr Tractability soll die Lern- bzw. Leistungsbereitschaft eines Pferdes aufzeigen. Da der Ph\u00e4notyp lediglich auf Aussagen der Pferdebesitzer oder Menschen, die mit dem Pferd Umgang hegen, beruht, ist eine Differenzierung schwierig, der Test trifft auch keine Aussage \u00fcber die Cleverness des Pferdes. Es sollte zudem beachtet werden, dass Faktoren wie anatomische Gegebenheiten oder Krankheiten die \u201eTractability\u201c stark beeinflussen k\u00f6nnen, sodass Genotyp mit Ph\u00e4notyp nicht unbedingt \u00fcbereinstimmen muss. <\/p><table class=\"tx-laboklinleistung-table contenttable contenttable-2\" style=\"margin-top: 35px;\"><tr><td class=\"td-0\"><strong>Methode<\/strong><\/td><td class=\"td-1\"><p class=\"bodytext\">Sequenzierung<\/p><\/td><\/tr><tr><td class=\"td-0\"><strong>Rasse<\/strong><\/td><td class=\"td-1\"><p class=\"bodytext\">Englisches Vollblut<\/p><\/td><\/tr><tr><td class=\"td-0\"><strong>Erbgang<\/strong><\/td><td class=\"td-1\"><p class=\"bodytext\">siehe Text<\/p><\/td><\/tr><tr><td class=\"td-0\"><strong>Dauer<\/strong><\/td><td class=\"td-1\"><p class=\"bodytext\">1 - 2 Wochen nach Erhalt der Probe<\/p><\/td><\/tr><\/table>\n","protected":false},"excerpt":{"rendered":"<p>TractabilityLABOKLIN Leistungs-ID: 8549Der Test f\u00fcr Tractability soll die Lern- bzw. Leistungsbereitschaft eines Pferdes aufzeigen. Da der Ph\u00e4notyp lediglich auf Aussagen der Pferdebesitzer oder Menschen, die mit dem Pferd Umgang hegen, beruht, ist eine Differenzierung schwierig, der Test trifft auch keine Aussage \u00fcber die Cleverness des Pferdes. Es sollte zudem beachtet werden, dass Faktoren wie anatomische&hellip;<\/p>\n","protected":false},"author":1,"featured_media":0,"parent":1332732,"menu_order":0,"comment_status":"closed","ping_status":"closed","template":"","meta":{"_seopress_robots_primary_cat":"","_seopress_titles_title":"","_seopress_titles_desc":"","_seopress_robots_index":"","footnotes":""},"class_list":["post-1333701","page","type-page","status-publish","hentry","description-off"],"_links":{"self":[{"href":"https:\/\/laboklin.de\/de-at\/wp-json\/wp\/v2\/pages\/1333701","targetHints":{"allow":["GET"]}}],"collection":[{"href":"https:\/\/laboklin.de\/de-at\/wp-json\/wp\/v2\/pages"}],"about":[{"href":"https:\/\/laboklin.de\/de-at\/wp-json\/wp\/v2\/types\/page"}],"author":[{"embeddable":true,"href":"https:\/\/laboklin.de\/de-at\/wp-json\/wp\/v2\/users\/1"}],"replies":[{"embeddable":true,"href":"https:\/\/laboklin.de\/de-at\/wp-json\/wp\/v2\/comments?post=1333701"}],"version-history":[{"count":1,"href":"https:\/\/laboklin.de\/de-at\/wp-json\/wp\/v2\/pages\/1333701\/revisions"}],"predecessor-version":[{"id":1510776,"href":"https:\/\/laboklin.de\/de-at\/wp-json\/wp\/v2\/pages\/1333701\/revisions\/1510776"}],"up":[{"embeddable":true,"href":"https:\/\/laboklin.de\/de-at\/wp-json\/wp\/v2\/pages\/1332732"}],"wp:attachment":[{"href":"https:\/\/laboklin.de\/de-at\/wp-json\/wp\/v2\/media?parent=1333701"}],"curies":[{"name":"wp","href":"https:\/\/api.w.org\/{rel}","templated":true}]}}