{"id":1333691,"date":"2020-10-16T11:36:27","date_gmt":"2020-10-16T09:36:27","guid":{"rendered":"https:\/\/laboklin.de\/leistungen\/genetik\/identitaet-abstammung\/hund-classic-str-dna-profil-isag-2006\/"},"modified":"2025-02-25T13:36:12","modified_gmt":"2025-02-25T12:36:12","slug":"hund-classic-str-dna-profil-isag-2006","status":"publish","type":"page","link":"https:\/\/laboklin.de\/de-at\/leistungen\/genetik\/identitaet-abstammung\/hund-classic-str-dna-profil-isag-2006\/","title":{"rendered":"Hund: Classic STR DNA-Profil (ISAG 2006)"},"content":{"rendered":"<h3 class=\"csc-firstHeader\">Hund: Classic STR DNA-Profil (ISAG 2006)<\/h3><p><span>LABOKLIN Leistungs-ID: 8107<\/span><\/p><p class=\"bodytext\">Das Classic STR DNA-Profil (ISAG 2006) ist der genetische Fingerabdruck Ihres Tieres. Es kann nicht manipuliert werden oder verloren gehen, bleibt ein Leben lang unver\u00e4ndert und erm\u00f6glicht eine eindeutige Identifizierung des Individuums. Alle DNA-Profile werden in unserer DNA-Datenbank gespeichert und gew\u00e4hrleisten so eine kontinuierliche Verf\u00fcgbarkeit. Das Classic STR DNA-Profil (ISAG 2006) folgt den empfohlenen ISAG-Richtlinien (International Society for Animal Genetics) aus dem Jahr 2006, indem es 22 Mikrosatelliten-Marker - auch als STR-Marker (Short Tandem Repeat) bezeichnet - analysiert und eine internationale Vergleichbarkeit zwischen Laboratorien erm\u00f6glicht. Jeder STR-Marker beschreibt eine bestimmte Region auf dem DNA-Strang anhand seiner L\u00e4nge. Die Testzuverl\u00e4ssigkeit und die Ausschlusswahrscheinlichkeiten f\u00fcr die Abstammungsanalyse liegen bei \u00fcber 99,99%.<br \/>\r\nBitte beachten Sie: Classic STR DNA-Profile (ISAG 2006) und Premium SNP DNA-Profile (ISAG 2020) sind nicht kompatibel und k\u00f6nnen nicht gleichzeitig in derselben Abstammungsanalyse verwendet werden.<\/p><table class=\"tx-laboklinleistung-table contenttable contenttable-2\" style=\"margin-top: 35px;\"><tr><td class=\"td-0\"><strong>Methode<\/strong><\/td><td class=\"td-1\"><p class=\"bodytext\">Mikrosatelliten-Analyse (STRs)<\/p><\/td><\/tr><tr><td class=\"td-0\"><strong>Dauer<\/strong><\/td><td class=\"td-1\"><p class=\"bodytext\">1 - 2 Wochen nach Erhalt der Probe<\/p><\/td><\/tr><\/table>\n","protected":false},"excerpt":{"rendered":"<p>Hund: Classic STR DNA-Profil (ISAG 2006)LABOKLIN Leistungs-ID: 8107Das Classic STR DNA-Profil (ISAG 2006) ist der genetische Fingerabdruck Ihres Tieres. Es kann nicht manipuliert werden oder verloren gehen, bleibt ein Leben lang unver\u00e4ndert und erm\u00f6glicht eine eindeutige Identifizierung des Individuums. Alle DNA-Profile werden in unserer DNA-Datenbank gespeichert und gew\u00e4hrleisten so eine kontinuierliche Verf\u00fcgbarkeit. Das Classic STR&hellip;<\/p>\n","protected":false},"author":1,"featured_media":0,"parent":1332690,"menu_order":0,"comment_status":"closed","ping_status":"closed","template":"","meta":{"_seopress_robots_primary_cat":"","_seopress_titles_title":"","_seopress_titles_desc":"","_seopress_robots_index":"","footnotes":""},"class_list":["post-1333691","page","type-page","status-publish","hentry","description-off"],"_links":{"self":[{"href":"https:\/\/laboklin.de\/de-at\/wp-json\/wp\/v2\/pages\/1333691","targetHints":{"allow":["GET"]}}],"collection":[{"href":"https:\/\/laboklin.de\/de-at\/wp-json\/wp\/v2\/pages"}],"about":[{"href":"https:\/\/laboklin.de\/de-at\/wp-json\/wp\/v2\/types\/page"}],"author":[{"embeddable":true,"href":"https:\/\/laboklin.de\/de-at\/wp-json\/wp\/v2\/users\/1"}],"replies":[{"embeddable":true,"href":"https:\/\/laboklin.de\/de-at\/wp-json\/wp\/v2\/comments?post=1333691"}],"version-history":[{"count":1,"href":"https:\/\/laboklin.de\/de-at\/wp-json\/wp\/v2\/pages\/1333691\/revisions"}],"predecessor-version":[{"id":1510943,"href":"https:\/\/laboklin.de\/de-at\/wp-json\/wp\/v2\/pages\/1333691\/revisions\/1510943"}],"up":[{"embeddable":true,"href":"https:\/\/laboklin.de\/de-at\/wp-json\/wp\/v2\/pages\/1332690"}],"wp:attachment":[{"href":"https:\/\/laboklin.de\/de-at\/wp-json\/wp\/v2\/media?parent=1333691"}],"curies":[{"name":"wp","href":"https:\/\/api.w.org\/{rel}","templated":true}]}}