{"id":1333672,"date":"2020-10-16T11:36:27","date_gmt":"2020-10-16T09:36:27","guid":{"rendered":"https:\/\/laboklin.de\/leistungen\/genetik\/erbkrankheiten\/katze\/hypokaliaemie\/"},"modified":"2025-02-25T12:18:30","modified_gmt":"2025-02-25T11:18:30","slug":"hypokaliaemie","status":"publish","type":"page","link":"https:\/\/laboklin.de\/de-at\/leistungen\/genetik\/erbkrankheiten\/katze\/hypokaliaemie\/","title":{"rendered":"Hypokali\u00e4mie"},"content":{"rendered":"<h3 class=\"csc-firstHeader\">Hypokali\u00e4mie<\/h3><p><span>LABOKLIN Leistungs-ID: 8453<\/span><\/p><p class=\"bodytext\">Hypokali\u00e4mie bei der Katze, auch bekannt als Famili\u00e4re episodische hypokal\u00e4mische Polymyopathie, ist ein genetischer Defekt, der durch Muskelschw\u00e4che gekennzeichnet ist. Diese kann den ganzen K\u00f6rper betreffen, manchmal aber auch nur auf wenige Muskeln begrenzt sein. Dies ist am auff\u00e4lligsten bei den Nackenmuskeln, zum Teil ist aber auch nur die Bewegung der Beinmuskeln eingeschr\u00e4nkt. Erkrankte Katzen haben Probleme beim Laufen und Springen, ebenso mit der korrekten Kopfhaltung. Labordiagnostisch zeigen sich typischerweise erniedrigte Kalium- und erh\u00f6hte CK-Werte im Serum (CK=Creatinin-Kinase). Dies l\u00e4sst sich mit einer speziellen Di\u00e4t, bei der dem Futter Kalium zugesetzt wird, deutlich verbessern. Die genaue Zusammenstellung des t\u00e4glichen Futters sollte am besten mit dem behandelnden Tierarzt abgesprochen werden. <\/p><table class=\"tx-laboklinleistung-table contenttable contenttable-2\" style=\"margin-top: 35px;\"><tr><td class=\"td-0\"><strong>Methode<\/strong><\/td><td class=\"td-1\"><p class=\"bodytext\">TaqMan SNP Assay<\/p><\/td><\/tr><tr><td class=\"td-0\"><strong>Rasse<\/strong><\/td><td class=\"td-1\"><p class=\"bodytext\">Australische Schleierkatze, Burma, Burmilla, Cornish Rex, Devon Rex, Singapura, Sphynx, Tonkanese<\/p><\/td><\/tr><tr><td class=\"td-0\"><strong>Erbgang<\/strong><\/td><td class=\"td-1\"><p class=\"bodytext\">autosomal-rezessiv<\/p><\/td><\/tr><tr><td class=\"td-0\"><strong>Dauer<\/strong><\/td><td class=\"td-1\"><p class=\"bodytext\">3 - 5 Werktage nach Erhalt der Probe<\/p><\/td><\/tr><\/table>\n","protected":false},"excerpt":{"rendered":"<p>Hypokali\u00e4mieLABOKLIN Leistungs-ID: 8453Hypokali\u00e4mie bei der Katze, auch bekannt als Famili\u00e4re episodische hypokal\u00e4mische Polymyopathie, ist ein genetischer Defekt, der durch Muskelschw\u00e4che gekennzeichnet ist. Diese kann den ganzen K\u00f6rper betreffen, manchmal aber auch nur auf wenige Muskeln begrenzt sein. Dies ist am auff\u00e4lligsten bei den Nackenmuskeln, zum Teil ist aber auch nur die Bewegung der Beinmuskeln eingeschr\u00e4nkt.&hellip;<\/p>\n","protected":false},"author":1,"featured_media":0,"parent":1332703,"menu_order":0,"comment_status":"closed","ping_status":"closed","template":"","meta":{"_seopress_robots_primary_cat":"","_seopress_titles_title":"","_seopress_titles_desc":"","_seopress_robots_index":"","footnotes":""},"class_list":["post-1333672","page","type-page","status-publish","hentry","description-off"],"_links":{"self":[{"href":"https:\/\/laboklin.de\/de-at\/wp-json\/wp\/v2\/pages\/1333672","targetHints":{"allow":["GET"]}}],"collection":[{"href":"https:\/\/laboklin.de\/de-at\/wp-json\/wp\/v2\/pages"}],"about":[{"href":"https:\/\/laboklin.de\/de-at\/wp-json\/wp\/v2\/types\/page"}],"author":[{"embeddable":true,"href":"https:\/\/laboklin.de\/de-at\/wp-json\/wp\/v2\/users\/1"}],"replies":[{"embeddable":true,"href":"https:\/\/laboklin.de\/de-at\/wp-json\/wp\/v2\/comments?post=1333672"}],"version-history":[{"count":1,"href":"https:\/\/laboklin.de\/de-at\/wp-json\/wp\/v2\/pages\/1333672\/revisions"}],"predecessor-version":[{"id":1333675,"href":"https:\/\/laboklin.de\/de-at\/wp-json\/wp\/v2\/pages\/1333672\/revisions\/1333675"}],"up":[{"embeddable":true,"href":"https:\/\/laboklin.de\/de-at\/wp-json\/wp\/v2\/pages\/1332703"}],"wp:attachment":[{"href":"https:\/\/laboklin.de\/de-at\/wp-json\/wp\/v2\/media?parent=1333672"}],"curies":[{"name":"wp","href":"https:\/\/api.w.org\/{rel}","templated":true}]}}