{"id":1333667,"date":"2020-10-16T11:36:27","date_gmt":"2020-10-16T09:36:27","guid":{"rendered":"https:\/\/laboklin.de\/leistungen\/pathologie\/zytologie\/zytologie\/"},"modified":"2025-02-05T11:07:05","modified_gmt":"2025-02-05T10:07:05","slug":"zytologie","status":"publish","type":"page","link":"https:\/\/laboklin.de\/de-at\/leistungen\/pathologie\/zytologie\/zytologie\/","title":{"rendered":"Zytologie"},"content":{"rendered":"<h3 class=\"csc-firstHeader\">Zytologie<\/h3><p><span>LABOKLIN Leistungs-ID: 204<\/span><\/p><table class=\"tx-laboklinleistung-table contenttable contenttable-2\" style=\"margin-top: 35px;\"><tr><td class=\"td-0\"><strong>Material<\/strong><\/td><td class=\"td-1\"><p class=\"bodytext\">Punktate, luftgetrocknete Ausstriche auf Objekttr\u00e4gern (OT) nach Punktion, Abklatsch oder Feinnadelaspiration (gef\u00e4rbt oder ungef\u00e4rbt auf Objekttr\u00e4gern <strong>ohne<\/strong> Deckglas)<\/p><\/td><\/tr><tr><td class=\"td-0\"><strong>Methode<\/strong><\/td><td class=\"td-1\"><p class=\"bodytext\">mikroskopisch (Standard- und Spezialf\u00e4rbungen)<\/p><\/td><\/tr><tr><td class=\"td-0\"><strong>Dauer<\/strong><\/td><td class=\"td-1\"><p class=\"bodytext\">2\u20134 Arbeitstage<\/p><\/td><\/tr><tr><td class=\"td-0\"><strong>Anmerkung<\/strong><\/td><td class=\"td-1\"><p class=\"bodytext\"><ul><li><strong>Fl\u00fcssigkeiten<\/strong> (Punktate, Exkrete, Sekrete) f\u00fcr zus\u00e4tzliche klinisch-chemische Untersuchungen in neutralen R\u00f6hrchen nativ (auch f\u00fcr Bakteriologie geeignet) und zus\u00e4tzlich in einem EDTA-R\u00f6hrchen (bessere Zellmorphologie) schicken.<\/li><li>Abh\u00e4ngig vom Probenmaterial ist die Zytologie auf den Untersuchungsauftr\u00e4gen je nach Aufwand separat anzufordern:<br>Beispiele f\u00fcr Zytologie zum einfachen Preis: 1 Lokalisation: bis zu 4 OT, 1x Fl\u00fcssigkeit\/Lavage zzgl. 2 OT<br>Beispiele f\u00fcr Zytologie mit erh\u00f6htem Aufwand: 1 Lokalisation: 5\u20136 OT, 2 Lokalisationen bis zu 4 OT je Lokalisation, Fl\u00fcssigkeit\/Lavage und mehr als 2 OT bzw. mehrere Fl\u00fcssigkeiten<\/li><li>Schnelle <strong>Befundung digitaler Bilder<\/strong> \u00fcber Upload in <strong>\u201eMein Labor\u201c<\/strong>: Zur tier\u00e4rztlichen Befundung k\u00f6nnen Sie bis zu 4 Bilddateien von zytologischen Pr\u00e4paraten eines Falls aus Ihrer Praxis mit Ihrer Fragestellung \u00fcber die Bildanalyse <strong>\u201eDigitale Zytologie\u201c<\/strong> im passwortgesch\u00fctzen Bereich unserer Webseite \u201eMein Labor\u201c hochladen. Sie erhalten den Laborbefund per E-Mail in der Regel am gleichen Tag.<\/li><\/ul><\/p><\/td><\/tr><\/table>\n","protected":false},"excerpt":{"rendered":"<p>ZytologieLABOKLIN Leistungs-ID: 204MaterialPunktate, luftgetrocknete Ausstriche auf Objekttr\u00e4gern (OT) nach Punktion, Abklatsch oder Feinnadelaspiration (gef\u00e4rbt oder ungef\u00e4rbt auf Objekttr\u00e4gern ohne Deckglas)Methodemikroskopisch (Standard- und Spezialf\u00e4rbungen)Dauer2\u20134 ArbeitstageAnmerkungFl\u00fcssigkeiten (Punktate, Exkrete, Sekrete) f\u00fcr zus\u00e4tzliche klinisch-chemische Untersuchungen in neutralen R\u00f6hrchen nativ (auch f\u00fcr Bakteriologie geeignet) und zus\u00e4tzlich in einem EDTA-R\u00f6hrchen (bessere Zellmorphologie) schicken.Abh\u00e4ngig vom Probenmaterial ist die Zytologie auf den Untersuchungsauftr\u00e4gen&hellip;<\/p>\n","protected":false},"author":1,"featured_media":0,"parent":1332797,"menu_order":0,"comment_status":"closed","ping_status":"closed","template":"","meta":{"_seopress_robots_primary_cat":"","_seopress_titles_title":"","_seopress_titles_desc":"","_seopress_robots_index":"","footnotes":""},"class_list":["post-1333667","page","type-page","status-publish","hentry","description-off"],"_links":{"self":[{"href":"https:\/\/laboklin.de\/de-at\/wp-json\/wp\/v2\/pages\/1333667","targetHints":{"allow":["GET"]}}],"collection":[{"href":"https:\/\/laboklin.de\/de-at\/wp-json\/wp\/v2\/pages"}],"about":[{"href":"https:\/\/laboklin.de\/de-at\/wp-json\/wp\/v2\/types\/page"}],"author":[{"embeddable":true,"href":"https:\/\/laboklin.de\/de-at\/wp-json\/wp\/v2\/users\/1"}],"replies":[{"embeddable":true,"href":"https:\/\/laboklin.de\/de-at\/wp-json\/wp\/v2\/comments?post=1333667"}],"version-history":[{"count":1,"href":"https:\/\/laboklin.de\/de-at\/wp-json\/wp\/v2\/pages\/1333667\/revisions"}],"predecessor-version":[{"id":1506883,"href":"https:\/\/laboklin.de\/de-at\/wp-json\/wp\/v2\/pages\/1333667\/revisions\/1506883"}],"up":[{"embeddable":true,"href":"https:\/\/laboklin.de\/de-at\/wp-json\/wp\/v2\/pages\/1332797"}],"wp:attachment":[{"href":"https:\/\/laboklin.de\/de-at\/wp-json\/wp\/v2\/media?parent=1333667"}],"curies":[{"name":"wp","href":"https:\/\/api.w.org\/{rel}","templated":true}]}}