{"id":1333586,"date":"2020-10-16T11:36:27","date_gmt":"2020-10-16T09:36:27","guid":{"rendered":"https:\/\/laboklin.de\/leistungen\/infektionskrankheiten-erreger-und-antikoerpernachweise\/pilze\/batrachochytrium\/batrachochytrium-salamandrivorans-pcr\/"},"modified":"2025-11-25T09:26:21","modified_gmt":"2025-11-25T08:26:21","slug":"batrachochytrium-salamandrivorans-pcr","status":"publish","type":"page","link":"https:\/\/laboklin.de\/de-at\/leistungen\/infektionskrankheiten-erreger-und-antikoerpernachweise\/pilze\/batrachochytrium\/batrachochytrium-salamandrivorans-pcr\/","title":{"rendered":"Batrachochytrium salamandrivorans &#8211; PCR"},"content":{"rendered":"<h3 class=\"csc-firstHeader\">Batrachochytrium salamandrivorans - PCR<\/h3><p><span>LABOKLIN Leistungs-ID: 8477<\/span><\/p><table class=\"tx-laboklinleistung-table contenttable contenttable-2\" style=\"margin-top: 35px;\"><tr><td class=\"td-0\"><strong>Material<\/strong><\/td><td class=\"td-1\"><p class=\"bodytext\">Abstrich ohne Medium und Gewebe (auch ventrale K\u00f6rperoberfl\u00e4che und L\u00e4sionen)<\/p><\/td><\/tr><tr><td class=\"td-0\"><strong>Methode<\/strong><\/td><td class=\"td-1\"><p class=\"bodytext\">realtime PCR<\/p><\/td><\/tr><tr><td class=\"td-0\"><strong>Tierart(en)<\/strong><\/td><td class=\"td-1\"><p class=\"bodytext\">Amphibien (v.a. Salamander)<\/p><\/td><\/tr><tr><td class=\"td-0\"><strong>Dauer<\/strong><\/td><td class=\"td-1\"><p class=\"bodytext\">1 - 3 Tage<\/p><\/td><\/tr><tr><td class=\"td-0\"><strong>Anmerkung<\/strong><\/td><td class=\"td-1\"><p class=\"bodytext\">Diese Leistung wird <strong>nicht<\/strong> in der Schweiz angeboten.<\/p><\/td><\/tr><\/table>\n","protected":false},"excerpt":{"rendered":"<p>Schneller PCR-Nachweis von Batrachochytrium salamandrivorans bei Amphibien \u2013 zuverl\u00e4ssige Diagnose und Labordienstleistung von LABOKLIN.<\/p>\n","protected":false},"author":1,"featured_media":0,"parent":1333188,"menu_order":0,"comment_status":"closed","ping_status":"closed","template":"","meta":{"_seopress_robots_primary_cat":"","_seopress_titles_title":"Batrachochytrium Salamandrivorans PCR-Test Infos","_seopress_titles_desc":"Schneller PCR-Nachweis von Batrachochytrium salamandrivorans bei Amphibien \u2013 zuverl\u00e4ssige Diagnose und Labordienstleistung von LABOKLIN.","_seopress_robots_index":"","footnotes":""},"class_list":["post-1333586","page","type-page","status-publish","hentry","description-off"],"_links":{"self":[{"href":"https:\/\/laboklin.de\/de-at\/wp-json\/wp\/v2\/pages\/1333586","targetHints":{"allow":["GET"]}}],"collection":[{"href":"https:\/\/laboklin.de\/de-at\/wp-json\/wp\/v2\/pages"}],"about":[{"href":"https:\/\/laboklin.de\/de-at\/wp-json\/wp\/v2\/types\/page"}],"author":[{"embeddable":true,"href":"https:\/\/laboklin.de\/de-at\/wp-json\/wp\/v2\/users\/1"}],"replies":[{"embeddable":true,"href":"https:\/\/laboklin.de\/de-at\/wp-json\/wp\/v2\/comments?post=1333586"}],"version-history":[{"count":2,"href":"https:\/\/laboklin.de\/de-at\/wp-json\/wp\/v2\/pages\/1333586\/revisions"}],"predecessor-version":[{"id":1574726,"href":"https:\/\/laboklin.de\/de-at\/wp-json\/wp\/v2\/pages\/1333586\/revisions\/1574726"}],"up":[{"embeddable":true,"href":"https:\/\/laboklin.de\/de-at\/wp-json\/wp\/v2\/pages\/1333188"}],"wp:attachment":[{"href":"https:\/\/laboklin.de\/de-at\/wp-json\/wp\/v2\/media?parent=1333586"}],"curies":[{"name":"wp","href":"https:\/\/api.w.org\/{rel}","templated":true}]}}