{"id":1333584,"date":"2020-10-16T11:36:27","date_gmt":"2020-10-16T09:36:27","guid":{"rendered":"https:\/\/laboklin.de\/leistungen\/infektionskrankheiten-erreger-und-antikoerpernachweise\/pilze\/aspergillus\/aspergillus-galactomannan\/"},"modified":"2025-09-22T12:39:23","modified_gmt":"2025-09-22T10:39:23","slug":"aspergillus-galactomannan","status":"publish","type":"page","link":"https:\/\/laboklin.de\/de-at\/leistungen\/infektionskrankheiten-erreger-und-antikoerpernachweise\/pilze\/aspergillus\/aspergillus-galactomannan\/","title":{"rendered":"Aspergillus-Galactomannan"},"content":{"rendered":"<div class=\"wpb-content-wrapper\"><p>[vc_row][vc_column][vc_column_text css=&#8220;&#8220;]<h3 class=\"csc-firstHeader\">Aspergillus-Galactomannan<\/h3><p><span>LABOKLIN Leistungs-ID: 417<\/span><\/p><table class=\"tx-laboklinleistung-table contenttable contenttable-2\" style=\"margin-top: 35px;\"><tr><td class=\"td-0\"><strong>Material<\/strong><\/td><td class=\"td-1\"><p class=\"bodytext\">Serum 0,5 ml<\/p><\/td><\/tr><tr><td class=\"td-0\"><strong>Methode<\/strong><\/td><td class=\"td-1\"><p class=\"bodytext\">ELISA<\/p><\/td><\/tr><tr><td class=\"td-0\"><strong>Dauer<\/strong><\/td><td class=\"td-1\"><p class=\"bodytext\">5 Tage<\/p><\/td><\/tr><tr><td class=\"td-0\"><strong>Anmerkung<\/strong><\/td><td class=\"td-1\"><p class=\"bodytext\"><ul><li>Galactomannan ist ein Polysaccharid, das in der Zellwand von Aspergillus spp. gefunden wird. Man kann es bei Tieren mit einer Aspergillose im Blut nachweisen. <\/li> <li>Bei V\u00f6geln, die nur geringe Antik\u00f6rpertiter gegen Aspergillus entwickeln (h\u00e4ufig bei Papageien), kann der Nachweis von Galactomannan im Blut bei der Diagnose einer Aspergillose hilfreich sein. Jedoch wird Galactomannan nur w\u00e4hrend einer aktiven Infektion freigesetzt, also w\u00e4hrend des Wachstums und der Ausbreitung des Pilzes. Bei inaktiven \u00e4lteren Granulomen ist das Polysaccharid im Blut nicht nachweisbar.<\/li> <li>Tiere, die hohe Antik\u00f6rpertiter gegen Aspergillus bilden, haben in der Regel kein nachweisbares Galactomannan im Blut, so dass sich der Antik\u00f6rper- und der Antigen-Nachweis in Kombination bei der Diagnosestellung erg\u00e4nzen k\u00f6nnen.<\/li><\/ul><\/p><\/td><\/tr><\/table>[\/vc_column_text][\/vc_column][\/vc_row]<\/p>\n<\/div>","protected":false},"excerpt":{"rendered":"<p>[vc_row][vc_column][vc_column_text css=&#8220;&#8220;][\/vc_column_text][\/vc_column][\/vc_row]<\/p>\n","protected":false},"author":1,"featured_media":0,"parent":1333186,"menu_order":0,"comment_status":"closed","ping_status":"closed","template":"","meta":{"_seopress_robots_primary_cat":"","_seopress_titles_title":"","_seopress_titles_desc":"","_seopress_robots_index":"","footnotes":""},"class_list":["post-1333584","page","type-page","status-publish","hentry","description-off"],"_links":{"self":[{"href":"https:\/\/laboklin.de\/de-at\/wp-json\/wp\/v2\/pages\/1333584","targetHints":{"allow":["GET"]}}],"collection":[{"href":"https:\/\/laboklin.de\/de-at\/wp-json\/wp\/v2\/pages"}],"about":[{"href":"https:\/\/laboklin.de\/de-at\/wp-json\/wp\/v2\/types\/page"}],"author":[{"embeddable":true,"href":"https:\/\/laboklin.de\/de-at\/wp-json\/wp\/v2\/users\/1"}],"replies":[{"embeddable":true,"href":"https:\/\/laboklin.de\/de-at\/wp-json\/wp\/v2\/comments?post=1333584"}],"version-history":[{"count":2,"href":"https:\/\/laboklin.de\/de-at\/wp-json\/wp\/v2\/pages\/1333584\/revisions"}],"predecessor-version":[{"id":1563463,"href":"https:\/\/laboklin.de\/de-at\/wp-json\/wp\/v2\/pages\/1333584\/revisions\/1563463"}],"up":[{"embeddable":true,"href":"https:\/\/laboklin.de\/de-at\/wp-json\/wp\/v2\/pages\/1333186"}],"wp:attachment":[{"href":"https:\/\/laboklin.de\/de-at\/wp-json\/wp\/v2\/media?parent=1333584"}],"curies":[{"name":"wp","href":"https:\/\/api.w.org\/{rel}","templated":true}]}}